{"id":124055,"date":"2026-05-06T14:46:08","date_gmt":"2026-05-06T17:46:08","guid":{"rendered":"https:\/\/www.hediyepazar.com\/?product=kas-calismasini-destekleyen-titresimli-egzersiz-makinesi"},"modified":"2026-05-06T14:46:08","modified_gmt":"2026-05-06T17:46:08","slug":"kas-calismasini-destekleyen-titresimli-egzersiz-makinesi","status":"publish","type":"product","link":"https:\/\/www.hediyepazar.com\/?product=kas-calismasini-destekleyen-titresimli-egzersiz-makinesi","title":{"rendered":"Kas \u00c7al\u0131\u015fmas\u0131n\u0131 Destekleyen Titre\u015fimli Egzersiz Makinesi"},"content":{"rendered":"<p>V\u00fccut hareketlerini destekleyen titre\u015fimli egzersiz platformu, evde pratik spor yapmak isteyenler i\u00e7in tasarlanm\u0131\u015ft\u0131r. Titre\u015fim sistemi sayesinde kaslar\u0131n uyar\u0131lmas\u0131na yard\u0131mc\u0131 olur ve egzersiz s\u0131ras\u0131nda daha fazla kas\u0131n devreye girmesini destekler.Kaymaz y\u00fczeyi g\u00fcvenli bir kullan\u0131m sunar. Farkl\u0131 egzersiz pozisyonlar\u0131na uygun yap\u0131s\u0131 ile \u00e7ok y\u00f6nl\u00fc kullan\u0131m imk\u00e2n\u0131 sa\u011flar. D\u00fczenli kullan\u0131mda v\u00fccut s\u0131k\u0131la\u015fma hissini destekleyebilir ve hareket kabiliyetinin artmas\u0131na katk\u0131 sa\u011flayabilir.Kompakt ve \u015f\u0131k tasar\u0131m\u0131 sayesinde ev dekorasyonuna uyum sa\u011flar. Sessiz \u00e7al\u0131\u015fmas\u0131 ile her ortamda rahatl\u0131kla kullan\u0131labilir. Dayan\u0131kl\u0131 yap\u0131s\u0131 uzun s\u00fcreli kullan\u0131m i\u00e7in uygundur.Titre\u015fimli spor platformu, evde spor al\u0131\u015fkanl\u0131\u011f\u0131 kazanmak isteyenler i\u00e7in kullan\u0131\u015fl\u0131 ve fonksiyonel bir \u00fcr\u00fcnd\u00fcr.<\/p>\n","protected":false},"excerpt":{"rendered":"<p>V\u00fccut hareketlerini destekleyen titre\u015fimli egzersiz platformu, evde pratik spor yapmak isteyenler i\u00e7in tasarlanm\u0131\u015ft\u0131r. Titre\u015fim sistemi sayesinde kaslar\u0131n uyar\u0131lmas\u0131na yard\u0131mc\u0131 olur ve egzersiz s\u0131ras\u0131nda daha fazla kas\u0131n devreye girmesini destekler.Kaymaz y\u00fczeyi g\u00fcvenli bir kullan\u0131m sunar. Farkl\u0131 egzersiz pozisyonlar\u0131na uygun yap\u0131s\u0131 ile \u00e7ok y\u00f6nl\u00fc kullan\u0131m imk\u00e2n\u0131 sa\u011flar. D\u00fczenli kullan\u0131mda v\u00fccut s\u0131k\u0131la\u015fma hissini destekleyebilir ve hareket kabiliyetinin artmas\u0131na&#8230;<\/p>\n","protected":false},"featured_media":124054,"comment_status":"open","ping_status":"closed","template":"","meta":{"_kad_post_transparent":"","_kad_post_title":"","_kad_post_layout":"","_kad_post_sidebar_id":"","_kad_post_content_style":"","_kad_post_vertical_padding":"","_kad_post_feature":"","_kad_post_feature_position":"","_kad_post_header":false,"_kad_post_footer":false,"_kad_post_classname":""},"product_brand":[],"product_cat":[14939],"product_tag":[],"class_list":{"0":"post-124055","1":"product","2":"type-product","3":"status-publish","4":"has-post-thumbnail","6":"product_cat-masaj-cihazi-masaj-cihazi","8":"first","9":"instock","10":"purchasable","11":"product-type-simple","12":"entry","13":"content-bg","14":"loop-entry"},"_links":{"self":[{"href":"https:\/\/www.hediyepazar.com\/index.php?rest_route=\/wp\/v2\/product\/124055","targetHints":{"allow":["GET"]}}],"collection":[{"href":"https:\/\/www.hediyepazar.com\/index.php?rest_route=\/wp\/v2\/product"}],"about":[{"href":"https:\/\/www.hediyepazar.com\/index.php?rest_route=\/wp\/v2\/types\/product"}],"replies":[{"embeddable":true,"href":"https:\/\/www.hediyepazar.com\/index.php?rest_route=%2Fwp%2Fv2%2Fcomments&post=124055"}],"wp:featuredmedia":[{"embeddable":true,"href":"https:\/\/www.hediyepazar.com\/index.php?rest_route=\/wp\/v2\/media\/124054"}],"wp:attachment":[{"href":"https:\/\/www.hediyepazar.com\/index.php?rest_route=%2Fwp%2Fv2%2Fmedia&parent=124055"}],"wp:term":[{"taxonomy":"product_brand","embeddable":true,"href":"https:\/\/www.hediyepazar.com\/index.php?rest_route=%2Fwp%2Fv2%2Fproduct_brand&post=124055"},{"taxonomy":"product_cat","embeddable":true,"href":"https:\/\/www.hediyepazar.com\/index.php?rest_route=%2Fwp%2Fv2%2Fproduct_cat&post=124055"},{"taxonomy":"product_tag","embeddable":true,"href":"https:\/\/www.hediyepazar.com\/index.php?rest_route=%2Fwp%2Fv2%2Fproduct_tag&post=124055"}],"curies":[{"name":"wp","href":"https:\/\/api.w.org\/{rel}","templated":true}]}}