{"id":124057,"date":"2026-05-06T14:46:14","date_gmt":"2026-05-06T17:46:14","guid":{"rendered":"https:\/\/www.hediyepazar.com\/?product=vucut-sikilastirmaya-yardimci-titresimli-fitness-platformu"},"modified":"2026-05-06T14:46:14","modified_gmt":"2026-05-06T17:46:14","slug":"vucut-sikilastirmaya-yardimci-titresimli-fitness-platformu","status":"publish","type":"product","link":"https:\/\/www.hediyepazar.com\/?product=vucut-sikilastirmaya-yardimci-titresimli-fitness-platformu","title":{"rendered":"V\u00fccut S\u0131k\u0131la\u015ft\u0131rmaya Yard\u0131mc\u0131 Titre\u015fimli Fitness Platformu"},"content":{"rendered":"<p>Evde spor konforunu art\u0131rmak isteyen kullan\u0131c\u0131lar i\u00e7in tasarlanan titre\u015fimli egzersiz platformu, titre\u015fim teknolojisi sayesinde kaslar\u0131n daha aktif \u00e7al\u0131\u015fmas\u0131na yard\u0131mc\u0131 olur. Yap\u0131lan egzersizlerde v\u00fccuda iletilen titre\u015fimler, kaslar\u0131n refleksle kas\u0131l\u0131p gev\u015femesini destekleyerek antrenman verimlili\u011fini art\u0131r\u0131r.Kaymaz platform y\u00fczeyi, farkl\u0131 egzersiz pozisyonlar\u0131nda g\u00fcvenli kullan\u0131m sa\u011flar. Ayakta durarak yap\u0131lan \u00e7al\u0131\u015fmalar\u0131n yan\u0131 s\u0131ra denge ve esneme hareketleri i\u00e7in de uygundur. \u00d6zellikle alt v\u00fccut egzersizlerinde destekleyici bir rol \u00fcstlenir. Evde spor yapmak isteyen kullan\u0131c\u0131lar i\u00e7in zamandan tasarruf sa\u011flayan bir \u00e7\u00f6z\u00fcmd\u00fcr.Dayan\u0131kl\u0131 malzemeden \u00fcretilmi\u015f g\u00f6vdesi sayesinde uzun \u00f6m\u00fcrl\u00fc kullan\u0131m sunar. Kompakt tasar\u0131m\u0131 ile dar alanlarda bile rahatl\u0131kla kullan\u0131labilir. Sessiz \u00e7al\u0131\u015fma \u00f6zelli\u011fi sayesinde g\u00fcn\u00fcn her saatinde egzersiz yapma imk\u00e2n\u0131 sa\u011flar.Titre\u015fimli fitness platformu, d\u00fczenli kullan\u0131mda aktif ya\u015fam\u0131 destekleyen bir spor ekipman\u0131d\u0131r. Evde egzersizi al\u0131\u015fkanl\u0131k haline getirmek isteyenler i\u00e7in pratik ve kullan\u0131\u015fl\u0131 bir yard\u0131mc\u0131d\u0131r.<\/p>\n","protected":false},"excerpt":{"rendered":"<p>Evde spor konforunu art\u0131rmak isteyen kullan\u0131c\u0131lar i\u00e7in tasarlanan titre\u015fimli egzersiz platformu, titre\u015fim teknolojisi sayesinde kaslar\u0131n daha aktif \u00e7al\u0131\u015fmas\u0131na yard\u0131mc\u0131 olur. Yap\u0131lan egzersizlerde v\u00fccuda iletilen titre\u015fimler, kaslar\u0131n refleksle kas\u0131l\u0131p gev\u015femesini destekleyerek antrenman verimlili\u011fini art\u0131r\u0131r.Kaymaz platform y\u00fczeyi, farkl\u0131 egzersiz pozisyonlar\u0131nda g\u00fcvenli kullan\u0131m sa\u011flar. Ayakta durarak yap\u0131lan \u00e7al\u0131\u015fmalar\u0131n yan\u0131 s\u0131ra denge ve esneme hareketleri i\u00e7in de uygundur. \u00d6zellikle&#8230;<\/p>\n","protected":false},"featured_media":124056,"comment_status":"open","ping_status":"closed","template":"","meta":{"_kad_post_transparent":"","_kad_post_title":"","_kad_post_layout":"","_kad_post_sidebar_id":"","_kad_post_content_style":"","_kad_post_vertical_padding":"","_kad_post_feature":"","_kad_post_feature_position":"","_kad_post_header":false,"_kad_post_footer":false,"_kad_post_classname":""},"product_brand":[],"product_cat":[14939],"product_tag":[],"class_list":{"0":"post-124057","1":"product","2":"type-product","3":"status-publish","4":"has-post-thumbnail","6":"product_cat-masaj-cihazi-masaj-cihazi","8":"first","9":"instock","10":"purchasable","11":"product-type-simple","12":"entry","13":"content-bg","14":"loop-entry"},"_links":{"self":[{"href":"https:\/\/www.hediyepazar.com\/index.php?rest_route=\/wp\/v2\/product\/124057","targetHints":{"allow":["GET"]}}],"collection":[{"href":"https:\/\/www.hediyepazar.com\/index.php?rest_route=\/wp\/v2\/product"}],"about":[{"href":"https:\/\/www.hediyepazar.com\/index.php?rest_route=\/wp\/v2\/types\/product"}],"replies":[{"embeddable":true,"href":"https:\/\/www.hediyepazar.com\/index.php?rest_route=%2Fwp%2Fv2%2Fcomments&post=124057"}],"wp:featuredmedia":[{"embeddable":true,"href":"https:\/\/www.hediyepazar.com\/index.php?rest_route=\/wp\/v2\/media\/124056"}],"wp:attachment":[{"href":"https:\/\/www.hediyepazar.com\/index.php?rest_route=%2Fwp%2Fv2%2Fmedia&parent=124057"}],"wp:term":[{"taxonomy":"product_brand","embeddable":true,"href":"https:\/\/www.hediyepazar.com\/index.php?rest_route=%2Fwp%2Fv2%2Fproduct_brand&post=124057"},{"taxonomy":"product_cat","embeddable":true,"href":"https:\/\/www.hediyepazar.com\/index.php?rest_route=%2Fwp%2Fv2%2Fproduct_cat&post=124057"},{"taxonomy":"product_tag","embeddable":true,"href":"https:\/\/www.hediyepazar.com\/index.php?rest_route=%2Fwp%2Fv2%2Fproduct_tag&post=124057"}],"curies":[{"name":"wp","href":"https:\/\/api.w.org\/{rel}","templated":true}]}}