{"id":124061,"date":"2026-05-06T14:46:25","date_gmt":"2026-05-06T17:46:25","guid":{"rendered":"https:\/\/www.hediyepazar.com\/?product=kas-aktivasyonunu-artiran-titresimli-egzersiz-makinesi"},"modified":"2026-05-06T14:46:25","modified_gmt":"2026-05-06T17:46:25","slug":"kas-aktivasyonunu-artiran-titresimli-egzersiz-makinesi","status":"publish","type":"product","link":"https:\/\/www.hediyepazar.com\/?product=kas-aktivasyonunu-artiran-titresimli-egzersiz-makinesi","title":{"rendered":"Kas Aktivasyonunu Art\u0131ran Titre\u015fimli Egzersiz Makinesi"},"content":{"rendered":"<p>V\u00fccut \u015fekillendirme ve s\u0131k\u0131la\u015fma hedefleyen kullan\u0131c\u0131lar i\u00e7in tasarlanan titre\u015fimli egzersiz platformu, kas aktivasyonunu destekleyen titre\u015fim sistemi ile \u00f6ne \u00e7\u0131kar. Ev ortam\u0131nda pratik kullan\u0131m sunarak spor yapmay\u0131 daha eri\u015filebilir hale getirir.Geni\u015f platform alan\u0131 farkl\u0131 duru\u015f ve egzersiz pozisyonlar\u0131na uygundur. Kaymaz y\u00fczeyi sayesinde g\u00fcvenli bir antrenman deneyimi sa\u011flar. Titre\u015fim hareketleri, kaslar\u0131n daha h\u0131zl\u0131 \u00e7al\u0131\u015fmas\u0131na yard\u0131mc\u0131 olur ve egzersiz verimini art\u0131r\u0131r. G\u00fcnl\u00fck k\u0131sa s\u00fcreli antrenmanlarla etkili sonu\u00e7lar hedefleyen kullan\u0131c\u0131lar i\u00e7in idealdir.Dayan\u0131kl\u0131 g\u00f6vde yap\u0131s\u0131 uzun \u00f6m\u00fcrl\u00fc kullan\u0131m sunar. Kompakt tasar\u0131m\u0131 sayesinde fazla yer kaplamaz. Sessiz \u00e7al\u0131\u015fma \u00f6zelli\u011fi ile ev ortam\u0131nda rahatl\u0131kla kullan\u0131labilir. Modern g\u00f6r\u00fcn\u00fcm\u00fc ile estetik bir spor ekipman\u0131d\u0131r.Titre\u015fimli spor platformu, evde aktif bir ya\u015fam s\u00fcrmek isteyenler i\u00e7in fonksiyonel ve kullan\u0131\u015fl\u0131 bir \u00e7\u00f6z\u00fcmd\u00fcr.<\/p>\n","protected":false},"excerpt":{"rendered":"<p>V\u00fccut \u015fekillendirme ve s\u0131k\u0131la\u015fma hedefleyen kullan\u0131c\u0131lar i\u00e7in tasarlanan titre\u015fimli egzersiz platformu, kas aktivasyonunu destekleyen titre\u015fim sistemi ile \u00f6ne \u00e7\u0131kar. Ev ortam\u0131nda pratik kullan\u0131m sunarak spor yapmay\u0131 daha eri\u015filebilir hale getirir.Geni\u015f platform alan\u0131 farkl\u0131 duru\u015f ve egzersiz pozisyonlar\u0131na uygundur. Kaymaz y\u00fczeyi sayesinde g\u00fcvenli bir antrenman deneyimi sa\u011flar. Titre\u015fim hareketleri, kaslar\u0131n daha h\u0131zl\u0131 \u00e7al\u0131\u015fmas\u0131na yard\u0131mc\u0131 olur ve&#8230;<\/p>\n","protected":false},"featured_media":124060,"comment_status":"open","ping_status":"closed","template":"","meta":{"_kad_post_transparent":"","_kad_post_title":"","_kad_post_layout":"","_kad_post_sidebar_id":"","_kad_post_content_style":"","_kad_post_vertical_padding":"","_kad_post_feature":"","_kad_post_feature_position":"","_kad_post_header":false,"_kad_post_footer":false,"_kad_post_classname":""},"product_brand":[],"product_cat":[14939],"product_tag":[],"class_list":{"0":"post-124061","1":"product","2":"type-product","3":"status-publish","4":"has-post-thumbnail","6":"product_cat-masaj-cihazi-masaj-cihazi","8":"first","9":"instock","10":"purchasable","11":"product-type-simple","12":"entry","13":"content-bg","14":"loop-entry"},"_links":{"self":[{"href":"https:\/\/www.hediyepazar.com\/index.php?rest_route=\/wp\/v2\/product\/124061","targetHints":{"allow":["GET"]}}],"collection":[{"href":"https:\/\/www.hediyepazar.com\/index.php?rest_route=\/wp\/v2\/product"}],"about":[{"href":"https:\/\/www.hediyepazar.com\/index.php?rest_route=\/wp\/v2\/types\/product"}],"replies":[{"embeddable":true,"href":"https:\/\/www.hediyepazar.com\/index.php?rest_route=%2Fwp%2Fv2%2Fcomments&post=124061"}],"wp:featuredmedia":[{"embeddable":true,"href":"https:\/\/www.hediyepazar.com\/index.php?rest_route=\/wp\/v2\/media\/124060"}],"wp:attachment":[{"href":"https:\/\/www.hediyepazar.com\/index.php?rest_route=%2Fwp%2Fv2%2Fmedia&parent=124061"}],"wp:term":[{"taxonomy":"product_brand","embeddable":true,"href":"https:\/\/www.hediyepazar.com\/index.php?rest_route=%2Fwp%2Fv2%2Fproduct_brand&post=124061"},{"taxonomy":"product_cat","embeddable":true,"href":"https:\/\/www.hediyepazar.com\/index.php?rest_route=%2Fwp%2Fv2%2Fproduct_cat&post=124061"},{"taxonomy":"product_tag","embeddable":true,"href":"https:\/\/www.hediyepazar.com\/index.php?rest_route=%2Fwp%2Fv2%2Fproduct_tag&post=124061"}],"curies":[{"name":"wp","href":"https:\/\/api.w.org\/{rel}","templated":true}]}}