{"id":124065,"date":"2026-05-06T14:46:36","date_gmt":"2026-05-06T17:46:36","guid":{"rendered":"https:\/\/www.hediyepazar.com\/?product=evde-spa-etkisi-sunan-isitmali-bas-masaj-cihazi"},"modified":"2026-05-06T14:46:36","modified_gmt":"2026-05-06T17:46:36","slug":"evde-spa-etkisi-sunan-isitmali-bas-masaj-cihazi","status":"publish","type":"product","link":"https:\/\/www.hediyepazar.com\/?product=evde-spa-etkisi-sunan-isitmali-bas-masaj-cihazi","title":{"rendered":"Evde Spa Etkisi Sunan Is\u0131tmal\u0131 Ba\u015f Masaj Cihaz\u0131"},"content":{"rendered":"<p>Evde spa hissi ya\u015famak isteyenler i\u00e7in tasarlanan ba\u015f masaj aleti, masaj ve \u0131s\u0131 deste\u011fini bir arada sunar. Ba\u015f b\u00f6lgesine uygulanan nazik s\u0131k\u0131\u015ft\u0131rma sayesinde rahatlama hissini art\u0131r\u0131r. G\u00fcnl\u00fck stresin azalmas\u0131na yard\u0131mc\u0131 olurken, dinlenme s\u00fcrecini daha keyifli hale getirir.Yumu\u015fak ve esnek yap\u0131s\u0131 ba\u015f \u00e7evresine uyum sa\u011flar. Is\u0131tma \u00f6zelli\u011fi, masaj etkisini destekleyerek gev\u015femeyi h\u0131zland\u0131r\u0131r. Kullan\u0131m\u0131 kolayd\u0131r ve herhangi bir profesyonel destek gerektirmez. Evde, ofiste veya dinlenme alanlar\u0131nda pratik \u015fekilde kullan\u0131labilir.Dayan\u0131kl\u0131 ve hafif malzemeden \u00fcretilmi\u015ftir. Uzun s\u00fcreli kullan\u0131m i\u00e7in uygundur. Temizli\u011fi kolayd\u0131r ve hijyenik kullan\u0131m sunar. Modern tasar\u0131m\u0131 sayesinde her ya\u015f grubundan kullan\u0131c\u0131ya hitap eder.Ba\u015f masaj aleti, rahatlat\u0131c\u0131 etkisi ile g\u00fcn\u00fcn yorgunlu\u011funu azaltmaya yard\u0131mc\u0131 olur. Ki\u015fisel bak\u0131m\u0131na \u00f6nem verenler i\u00e7in fonksiyonel bir \u00fcr\u00fcnd\u00fcr. Ayn\u0131 zamanda hediye alternatifi olarak da tercih edilebilir.<\/p>\n","protected":false},"excerpt":{"rendered":"<p>Evde spa hissi ya\u015famak isteyenler i\u00e7in tasarlanan ba\u015f masaj aleti, masaj ve \u0131s\u0131 deste\u011fini bir arada sunar. Ba\u015f b\u00f6lgesine uygulanan nazik s\u0131k\u0131\u015ft\u0131rma sayesinde rahatlama hissini art\u0131r\u0131r. G\u00fcnl\u00fck stresin azalmas\u0131na yard\u0131mc\u0131 olurken, dinlenme s\u00fcrecini daha keyifli hale getirir.Yumu\u015fak ve esnek yap\u0131s\u0131 ba\u015f \u00e7evresine uyum sa\u011flar. Is\u0131tma \u00f6zelli\u011fi, masaj etkisini destekleyerek gev\u015femeyi h\u0131zland\u0131r\u0131r. Kullan\u0131m\u0131 kolayd\u0131r ve herhangi&#8230;<\/p>\n","protected":false},"featured_media":124064,"comment_status":"open","ping_status":"closed","template":"","meta":{"_kad_post_transparent":"","_kad_post_title":"","_kad_post_layout":"","_kad_post_sidebar_id":"","_kad_post_content_style":"","_kad_post_vertical_padding":"","_kad_post_feature":"","_kad_post_feature_position":"","_kad_post_header":false,"_kad_post_footer":false,"_kad_post_classname":""},"product_brand":[],"product_cat":[14939],"product_tag":[],"class_list":{"0":"post-124065","1":"product","2":"type-product","3":"status-publish","4":"has-post-thumbnail","6":"product_cat-masaj-cihazi-masaj-cihazi","8":"first","9":"instock","10":"purchasable","11":"product-type-simple","12":"entry","13":"content-bg","14":"loop-entry"},"_links":{"self":[{"href":"https:\/\/www.hediyepazar.com\/index.php?rest_route=\/wp\/v2\/product\/124065","targetHints":{"allow":["GET"]}}],"collection":[{"href":"https:\/\/www.hediyepazar.com\/index.php?rest_route=\/wp\/v2\/product"}],"about":[{"href":"https:\/\/www.hediyepazar.com\/index.php?rest_route=\/wp\/v2\/types\/product"}],"replies":[{"embeddable":true,"href":"https:\/\/www.hediyepazar.com\/index.php?rest_route=%2Fwp%2Fv2%2Fcomments&post=124065"}],"wp:featuredmedia":[{"embeddable":true,"href":"https:\/\/www.hediyepazar.com\/index.php?rest_route=\/wp\/v2\/media\/124064"}],"wp:attachment":[{"href":"https:\/\/www.hediyepazar.com\/index.php?rest_route=%2Fwp%2Fv2%2Fmedia&parent=124065"}],"wp:term":[{"taxonomy":"product_brand","embeddable":true,"href":"https:\/\/www.hediyepazar.com\/index.php?rest_route=%2Fwp%2Fv2%2Fproduct_brand&post=124065"},{"taxonomy":"product_cat","embeddable":true,"href":"https:\/\/www.hediyepazar.com\/index.php?rest_route=%2Fwp%2Fv2%2Fproduct_cat&post=124065"},{"taxonomy":"product_tag","embeddable":true,"href":"https:\/\/www.hediyepazar.com\/index.php?rest_route=%2Fwp%2Fv2%2Fproduct_tag&post=124065"}],"curies":[{"name":"wp","href":"https:\/\/api.w.org\/{rel}","templated":true}]}}