{"id":124087,"date":"2026-05-06T14:48:11","date_gmt":"2026-05-06T17:48:11","guid":{"rendered":"https:\/\/www.hediyepazar.com\/?product=dayanikli-duvar-tipi-kagit-havlu-pecete-tutucu-aski"},"modified":"2026-05-06T14:48:11","modified_gmt":"2026-05-06T17:48:11","slug":"dayanikli-duvar-tipi-kagit-havlu-pecete-tutucu-aski","status":"publish","type":"product","link":"https:\/\/www.hediyepazar.com\/?product=dayanikli-duvar-tipi-kagit-havlu-pecete-tutucu-aski","title":{"rendered":"Dayan\u0131kl\u0131 Duvar Tipi Ka\u011f\u0131t Havlu Pe\u00e7ete Tutucu Ask\u0131"},"content":{"rendered":"<p>Bu pe\u00e7ete tutucu, mutfakta maksimum kullan\u0131m kolayl\u0131\u011f\u0131 sa\u011flamak i\u00e7in tasarlanm\u0131\u015f modern bir duvar tipi aparatt\u0131r. Ka\u011f\u0131t havluyu sabit ve d\u00fczenli tutarak temiz ve d\u00fczenli bir g\u00f6r\u00fcn\u00fcm olu\u015fturur. Mutfaklar\u0131n yan\u0131 s\u0131ra banyo, at\u00f6lye ve i\u015f yerleri i\u00e7in de olduk\u00e7a uygundur. Rulo tasar\u0131ma uyumlu oldu\u011fundan standart ka\u011f\u0131t havlularla sorunsuz \u015fekilde kullan\u0131labilir.Kullan\u0131m\u0131 son derece kolayd\u0131r. Ka\u011f\u0131t havlu rulosu yan k\u0131s\u0131mlardan \u00e7\u0131kar\u0131larak saniyeler i\u00e7inde de\u011fi\u015ftirilebilir. Dayan\u0131kl\u0131 yap\u0131s\u0131, g\u00fcnl\u00fck kullan\u0131mda k\u0131r\u0131lma veya esneme yapmas\u0131n\u0131 engeller. Duvara monte edildi\u011finde sa\u011flam \u015fekilde tutunur ve uzun s\u00fcre stabil kal\u0131r.Modern siyah minimal tasar\u0131m\u0131, dekoratif olarak da \u015f\u0131k bir g\u00f6r\u00fcnt\u00fc sa\u011flar. \u00d6zellikle d\u00fczenli mutfak sevenler i\u00e7in harika bir \u00e7\u00f6z\u00fcmd\u00fcr. Temizli\u011fi basittir, kolayca silinebilir. Hem estetik hem fonksiyonel olmas\u0131yla evinizde olmazsa olmaz bir \u00fcr\u00fcn haline gelir.<\/p>\n","protected":false},"excerpt":{"rendered":"<p>Bu pe\u00e7ete tutucu, mutfakta maksimum kullan\u0131m kolayl\u0131\u011f\u0131 sa\u011flamak i\u00e7in tasarlanm\u0131\u015f modern bir duvar tipi aparatt\u0131r. Ka\u011f\u0131t havluyu sabit ve d\u00fczenli tutarak temiz ve d\u00fczenli bir g\u00f6r\u00fcn\u00fcm olu\u015fturur. Mutfaklar\u0131n yan\u0131 s\u0131ra banyo, at\u00f6lye ve i\u015f yerleri i\u00e7in de olduk\u00e7a uygundur. Rulo tasar\u0131ma uyumlu oldu\u011fundan standart ka\u011f\u0131t havlularla sorunsuz \u015fekilde kullan\u0131labilir.Kullan\u0131m\u0131 son derece kolayd\u0131r. Ka\u011f\u0131t havlu rulosu&#8230;<\/p>\n","protected":false},"featured_media":124086,"comment_status":"open","ping_status":"closed","template":"","meta":{"_kad_post_transparent":"","_kad_post_title":"","_kad_post_layout":"","_kad_post_sidebar_id":"","_kad_post_content_style":"","_kad_post_vertical_padding":"","_kad_post_feature":"","_kad_post_feature_position":"","_kad_post_header":false,"_kad_post_footer":false,"_kad_post_classname":""},"product_brand":[],"product_cat":[14940],"product_tag":[],"class_list":{"0":"post-124087","1":"product","2":"type-product","3":"status-publish","4":"has-post-thumbnail","6":"product_cat-dekoratif-obje-biblo-dekoratif-obje-biblo","8":"first","9":"instock","10":"purchasable","11":"product-type-simple","12":"entry","13":"content-bg","14":"loop-entry"},"_links":{"self":[{"href":"https:\/\/www.hediyepazar.com\/index.php?rest_route=\/wp\/v2\/product\/124087","targetHints":{"allow":["GET"]}}],"collection":[{"href":"https:\/\/www.hediyepazar.com\/index.php?rest_route=\/wp\/v2\/product"}],"about":[{"href":"https:\/\/www.hediyepazar.com\/index.php?rest_route=\/wp\/v2\/types\/product"}],"replies":[{"embeddable":true,"href":"https:\/\/www.hediyepazar.com\/index.php?rest_route=%2Fwp%2Fv2%2Fcomments&post=124087"}],"wp:featuredmedia":[{"embeddable":true,"href":"https:\/\/www.hediyepazar.com\/index.php?rest_route=\/wp\/v2\/media\/124086"}],"wp:attachment":[{"href":"https:\/\/www.hediyepazar.com\/index.php?rest_route=%2Fwp%2Fv2%2Fmedia&parent=124087"}],"wp:term":[{"taxonomy":"product_brand","embeddable":true,"href":"https:\/\/www.hediyepazar.com\/index.php?rest_route=%2Fwp%2Fv2%2Fproduct_brand&post=124087"},{"taxonomy":"product_cat","embeddable":true,"href":"https:\/\/www.hediyepazar.com\/index.php?rest_route=%2Fwp%2Fv2%2Fproduct_cat&post=124087"},{"taxonomy":"product_tag","embeddable":true,"href":"https:\/\/www.hediyepazar.com\/index.php?rest_route=%2Fwp%2Fv2%2Fproduct_tag&post=124087"}],"curies":[{"name":"wp","href":"https:\/\/api.w.org\/{rel}","templated":true}]}}