{"id":124089,"date":"2026-05-06T14:48:16","date_gmt":"2026-05-06T17:48:16","guid":{"rendered":"https:\/\/www.hediyepazar.com\/?product=pratik-kagit-havlu-tutucu-duvar-tipi-pecete-askisi"},"modified":"2026-05-06T14:48:16","modified_gmt":"2026-05-06T17:48:16","slug":"pratik-kagit-havlu-tutucu-duvar-tipi-pecete-askisi","status":"publish","type":"product","link":"https:\/\/www.hediyepazar.com\/?product=pratik-kagit-havlu-tutucu-duvar-tipi-pecete-askisi","title":{"rendered":"Pratik Ka\u011f\u0131t Havlu Tutucu Duvar Tipi Pe\u00e7ete Ask\u0131s\u0131"},"content":{"rendered":"<p>Bu duvar tipi pe\u00e7ete tutucu, mutfakta d\u00fczeni ve pratikli\u011fi ayn\u0131 anda sa\u011flayan ergonomik bir \u00fcr\u00fcnd\u00fcr. Tezg\u00e2h \u00fczerinde yer kaplamad\u0131\u011f\u0131 i\u00e7in \u00f6zellikle k\u00fc\u00e7\u00fck mutfaklarda ekstra kullan\u0131m alan\u0131 yarat\u0131r. Ka\u011f\u0131t havlu rulosu kolayca tak\u0131l\u0131p \u00e7\u0131kar\u0131labilir ve kullan\u0131m s\u0131ras\u0131nda ruloyu s\u0131k\u0131\u015ft\u0131rmadan stabil \u015fekilde d\u00f6ner. B\u00f6ylece tek elle pratik kullan\u0131m sa\u011flan\u0131r.\u00dcr\u00fcn mutfakta h\u0131zl\u0131 hareket etmeyi seven kullan\u0131c\u0131lar i\u00e7in idealdir. Yemek yaparken d\u00f6k\u00fclenleri silmek, el kurulamak veya y\u00fczey temizli\u011fi i\u00e7in ka\u011f\u0131t havluya saniyeler i\u00e7inde ula\u015fman\u0131z\u0131 sa\u011flar. Modern siyah tasar\u0131m\u0131, hem klasik hem modern mutfaklarla uyum sa\u011flar.Malzeme kalitesi sayesinde sa\u011flam ve uzun \u00f6m\u00fcrl\u00fcd\u00fcr. Nemli ortamlarda bile formunu korur. Duvara monte edildi\u011finde g\u00fcvenli bir \u015fekilde tutunur ve hareket etmez. Kafe, restoran, banyo, ofis, at\u00f6lye gibi alanlarda da pratik \u00e7\u00f6z\u00fcm sunar. \u015e\u0131k g\u00f6r\u00fcn\u00fcm\u00fc, dayan\u0131kl\u0131 yap\u0131s\u0131 ve y\u00fcksek kullan\u0131m kolayl\u0131\u011f\u0131yla mutfa\u011f\u0131n\u0131za d\u00fczen katar.<\/p>\n","protected":false},"excerpt":{"rendered":"<p>Bu duvar tipi pe\u00e7ete tutucu, mutfakta d\u00fczeni ve pratikli\u011fi ayn\u0131 anda sa\u011flayan ergonomik bir \u00fcr\u00fcnd\u00fcr. Tezg\u00e2h \u00fczerinde yer kaplamad\u0131\u011f\u0131 i\u00e7in \u00f6zellikle k\u00fc\u00e7\u00fck mutfaklarda ekstra kullan\u0131m alan\u0131 yarat\u0131r. Ka\u011f\u0131t havlu rulosu kolayca tak\u0131l\u0131p \u00e7\u0131kar\u0131labilir ve kullan\u0131m s\u0131ras\u0131nda ruloyu s\u0131k\u0131\u015ft\u0131rmadan stabil \u015fekilde d\u00f6ner. B\u00f6ylece tek elle pratik kullan\u0131m sa\u011flan\u0131r.\u00dcr\u00fcn mutfakta h\u0131zl\u0131 hareket etmeyi seven kullan\u0131c\u0131lar i\u00e7in idealdir&#8230;.<\/p>\n","protected":false},"featured_media":124088,"comment_status":"open","ping_status":"closed","template":"","meta":{"_kad_post_transparent":"","_kad_post_title":"","_kad_post_layout":"","_kad_post_sidebar_id":"","_kad_post_content_style":"","_kad_post_vertical_padding":"","_kad_post_feature":"","_kad_post_feature_position":"","_kad_post_header":false,"_kad_post_footer":false,"_kad_post_classname":""},"product_brand":[],"product_cat":[14940],"product_tag":[],"class_list":{"0":"post-124089","1":"product","2":"type-product","3":"status-publish","4":"has-post-thumbnail","6":"product_cat-dekoratif-obje-biblo-dekoratif-obje-biblo","8":"first","9":"instock","10":"purchasable","11":"product-type-simple","12":"entry","13":"content-bg","14":"loop-entry"},"_links":{"self":[{"href":"https:\/\/www.hediyepazar.com\/index.php?rest_route=\/wp\/v2\/product\/124089","targetHints":{"allow":["GET"]}}],"collection":[{"href":"https:\/\/www.hediyepazar.com\/index.php?rest_route=\/wp\/v2\/product"}],"about":[{"href":"https:\/\/www.hediyepazar.com\/index.php?rest_route=\/wp\/v2\/types\/product"}],"replies":[{"embeddable":true,"href":"https:\/\/www.hediyepazar.com\/index.php?rest_route=%2Fwp%2Fv2%2Fcomments&post=124089"}],"wp:featuredmedia":[{"embeddable":true,"href":"https:\/\/www.hediyepazar.com\/index.php?rest_route=\/wp\/v2\/media\/124088"}],"wp:attachment":[{"href":"https:\/\/www.hediyepazar.com\/index.php?rest_route=%2Fwp%2Fv2%2Fmedia&parent=124089"}],"wp:term":[{"taxonomy":"product_brand","embeddable":true,"href":"https:\/\/www.hediyepazar.com\/index.php?rest_route=%2Fwp%2Fv2%2Fproduct_brand&post=124089"},{"taxonomy":"product_cat","embeddable":true,"href":"https:\/\/www.hediyepazar.com\/index.php?rest_route=%2Fwp%2Fv2%2Fproduct_cat&post=124089"},{"taxonomy":"product_tag","embeddable":true,"href":"https:\/\/www.hediyepazar.com\/index.php?rest_route=%2Fwp%2Fv2%2Fproduct_tag&post=124089"}],"curies":[{"name":"wp","href":"https:\/\/api.w.org\/{rel}","templated":true}]}}