{"id":124091,"date":"2026-05-06T14:48:21","date_gmt":"2026-05-06T17:48:21","guid":{"rendered":"https:\/\/www.hediyepazar.com\/?product=duvara-monte-pecete-tutucu-mutfak-kullanisli-kagit-havlu-askisi"},"modified":"2026-05-06T14:48:21","modified_gmt":"2026-05-06T17:48:21","slug":"duvara-monte-pecete-tutucu-mutfak-kullanisli-kagit-havlu-askisi","status":"publish","type":"product","link":"https:\/\/www.hediyepazar.com\/?product=duvara-monte-pecete-tutucu-mutfak-kullanisli-kagit-havlu-askisi","title":{"rendered":"Duvara Monte Pe\u00e7ete Tutucu Mutfak Kullan\u0131\u015fl\u0131 Ka\u011f\u0131t Havlu Ask\u0131s\u0131"},"content":{"rendered":"<p>Bu pratik ve sa\u011flam yap\u0131ya sahip pe\u00e7ete tutucu, mutfakta d\u00fczeni sa\u011flamak ve ka\u011f\u0131t havlolar\u0131n\u0131z\u0131 kolay eri\u015filebilir bir \u015fekilde kullanmak i\u00e7in tasarlanm\u0131\u015f modern bir \u00fcr\u00fcnd\u00fcr. Duvara monte edilebilen yap\u0131s\u0131 sayesinde tezg\u00e2h \u00fczerinde yer kaplamaz ve alan tasarrufu sa\u011flar. Ka\u011f\u0131t havluyu yuvas\u0131na yerle\u015ftirdi\u011finizde d\u00f6ner mekanizmas\u0131 sayesinde kolayca \u00e7ekip koparabilirsiniz. Mutfakta temizlik yaparken, yemek haz\u0131rlarken veya h\u0131zl\u0131 bir \u015fekilde pe\u00e7ete almak istedi\u011finiz her an ideal kullan\u0131m sunar.Dayan\u0131kl\u0131 malzemesi sayesinde uzun s\u00fcre formunu korur ve g\u00fcnl\u00fck kullan\u0131mda a\u015f\u0131nma, k\u0131r\u0131lma yapmadan i\u015flevini yerine getirir. Minimal ve \u015f\u0131k tasar\u0131m\u0131, modern mutfaklara uyum sa\u011flar ve g\u00f6r\u00fcnt\u00fc olarak mutfak esteti\u011finize katk\u0131da bulunur. \u00dcr\u00fcn sadece mutfak i\u00e7in de\u011fil; banyo, i\u015f yeri, at\u00f6lye, kafe ve ofis gibi farkl\u0131 alanlarda da rahatl\u0131kla kullan\u0131labilir.Esnek ba\u015fl\u0131kl\u0131 tasar\u0131m\u0131, pe\u00e7ete rulosunun kolayca tak\u0131l\u0131p \u00e7\u0131kar\u0131lmas\u0131n\u0131 sa\u011flar. B\u00fcy\u00fck, orta ve \u00e7o\u011fu standart boy ka\u011f\u0131t havlu rulosuyla uyumludur. Duvara sa\u011flam monte edildi\u011finde sallanma yapmaz ve kullan\u0131m s\u0131ras\u0131nda stabil kal\u0131r. Temizli\u011fi olduk\u00e7a kolayd\u0131r. Islak bezle silerek ilk g\u00fcnk\u00fc g\u00f6r\u00fcn\u00fcm\u00fcne kavu\u015fturabilirsiniz.<\/p>\n","protected":false},"excerpt":{"rendered":"<p>Bu pratik ve sa\u011flam yap\u0131ya sahip pe\u00e7ete tutucu, mutfakta d\u00fczeni sa\u011flamak ve ka\u011f\u0131t havlolar\u0131n\u0131z\u0131 kolay eri\u015filebilir bir \u015fekilde kullanmak i\u00e7in tasarlanm\u0131\u015f modern bir \u00fcr\u00fcnd\u00fcr. Duvara monte edilebilen yap\u0131s\u0131 sayesinde tezg\u00e2h \u00fczerinde yer kaplamaz ve alan tasarrufu sa\u011flar. Ka\u011f\u0131t havluyu yuvas\u0131na yerle\u015ftirdi\u011finizde d\u00f6ner mekanizmas\u0131 sayesinde kolayca \u00e7ekip koparabilirsiniz. Mutfakta temizlik yaparken, yemek haz\u0131rlarken veya h\u0131zl\u0131 bir&#8230;<\/p>\n","protected":false},"featured_media":124090,"comment_status":"open","ping_status":"closed","template":"","meta":{"_kad_post_transparent":"","_kad_post_title":"","_kad_post_layout":"","_kad_post_sidebar_id":"","_kad_post_content_style":"","_kad_post_vertical_padding":"","_kad_post_feature":"","_kad_post_feature_position":"","_kad_post_header":false,"_kad_post_footer":false,"_kad_post_classname":""},"product_brand":[],"product_cat":[14940],"product_tag":[],"class_list":{"0":"post-124091","1":"product","2":"type-product","3":"status-publish","4":"has-post-thumbnail","6":"product_cat-dekoratif-obje-biblo-dekoratif-obje-biblo","8":"first","9":"instock","10":"purchasable","11":"product-type-simple","12":"entry","13":"content-bg","14":"loop-entry"},"_links":{"self":[{"href":"https:\/\/www.hediyepazar.com\/index.php?rest_route=\/wp\/v2\/product\/124091","targetHints":{"allow":["GET"]}}],"collection":[{"href":"https:\/\/www.hediyepazar.com\/index.php?rest_route=\/wp\/v2\/product"}],"about":[{"href":"https:\/\/www.hediyepazar.com\/index.php?rest_route=\/wp\/v2\/types\/product"}],"replies":[{"embeddable":true,"href":"https:\/\/www.hediyepazar.com\/index.php?rest_route=%2Fwp%2Fv2%2Fcomments&post=124091"}],"wp:featuredmedia":[{"embeddable":true,"href":"https:\/\/www.hediyepazar.com\/index.php?rest_route=\/wp\/v2\/media\/124090"}],"wp:attachment":[{"href":"https:\/\/www.hediyepazar.com\/index.php?rest_route=%2Fwp%2Fv2%2Fmedia&parent=124091"}],"wp:term":[{"taxonomy":"product_brand","embeddable":true,"href":"https:\/\/www.hediyepazar.com\/index.php?rest_route=%2Fwp%2Fv2%2Fproduct_brand&post=124091"},{"taxonomy":"product_cat","embeddable":true,"href":"https:\/\/www.hediyepazar.com\/index.php?rest_route=%2Fwp%2Fv2%2Fproduct_cat&post=124091"},{"taxonomy":"product_tag","embeddable":true,"href":"https:\/\/www.hediyepazar.com\/index.php?rest_route=%2Fwp%2Fv2%2Fproduct_tag&post=124091"}],"curies":[{"name":"wp","href":"https:\/\/api.w.org\/{rel}","templated":true}]}}