{"id":124095,"date":"2026-05-06T14:50:05","date_gmt":"2026-05-06T17:50:05","guid":{"rendered":"https:\/\/www.hediyepazar.com\/?product=coklu-valf-adaptorlu-dijital-hava-pompasi"},"modified":"2026-05-06T14:50:05","modified_gmt":"2026-05-06T17:50:05","slug":"coklu-valf-adaptorlu-dijital-hava-pompasi","status":"publish","type":"product","link":"https:\/\/www.hediyepazar.com\/?product=coklu-valf-adaptorlu-dijital-hava-pompasi","title":{"rendered":"\u00c7oklu Valf Adapt\u00f6rl\u00fc Dijital Hava Pompas\u0131"},"content":{"rendered":"<p>Otomatik kapanmal\u0131 dijital lastik pompas\u0131, h\u0131zl\u0131 ve kontroll\u00fc \u015fi\u015firme imk\u00e2n\u0131 sunar. LCD ekran\u0131 sayesinde bas\u0131n\u00e7 de\u011ferleri net \u015fekilde takip edilebilir. Hassas \u00f6l\u00e7\u00fcm \u00f6zelli\u011fi ile g\u00fcvenli kullan\u0131m sa\u011flar.\u00c7oklu valf adapt\u00f6rleri, farkl\u0131 ara\u00e7 ve ekipmanlar i\u00e7in uyumluluk sunar. Spor toplar\u0131, bisiklet ve ara\u00e7 lastikleri i\u00e7in idealdir.USB \u015farjl\u0131 ve ta\u015f\u0131nabilir yap\u0131s\u0131, \u00fcr\u00fcn\u00fc her ortamda kullan\u0131ma uygun hale getirir. Kompakt boyutu sayesinde ara\u00e7ta kolayca saklanabilir.LED ayd\u0131nlatma, gece kullan\u0131m\u0131 ve acil durumlarda ekstra avantaj sa\u011flar. Pratik ve \u00e7ok y\u00f6nl\u00fc bir hava pompas\u0131d\u0131r.<\/p>\n","protected":false},"excerpt":{"rendered":"<p>Otomatik kapanmal\u0131 dijital lastik pompas\u0131, h\u0131zl\u0131 ve kontroll\u00fc \u015fi\u015firme imk\u00e2n\u0131 sunar. LCD ekran\u0131 sayesinde bas\u0131n\u00e7 de\u011ferleri net \u015fekilde takip edilebilir. Hassas \u00f6l\u00e7\u00fcm \u00f6zelli\u011fi ile g\u00fcvenli kullan\u0131m sa\u011flar.\u00c7oklu valf adapt\u00f6rleri, farkl\u0131 ara\u00e7 ve ekipmanlar i\u00e7in uyumluluk sunar. Spor toplar\u0131, bisiklet ve ara\u00e7 lastikleri i\u00e7in idealdir.USB \u015farjl\u0131 ve ta\u015f\u0131nabilir yap\u0131s\u0131, \u00fcr\u00fcn\u00fc her ortamda kullan\u0131ma uygun hale getirir&#8230;.<\/p>\n","protected":false},"featured_media":124094,"comment_status":"open","ping_status":"closed","template":"","meta":{"_kad_post_transparent":"","_kad_post_title":"","_kad_post_layout":"","_kad_post_sidebar_id":"","_kad_post_content_style":"","_kad_post_vertical_padding":"","_kad_post_feature":"","_kad_post_feature_position":"","_kad_post_header":false,"_kad_post_footer":false,"_kad_post_classname":""},"product_brand":[],"product_cat":[15053],"product_tag":[],"class_list":{"0":"post-124095","1":"product","2":"type-product","3":"status-publish","4":"has-post-thumbnail","6":"product_cat-oto-bakim-seti-oto-bakim-seti-2","8":"first","9":"instock","10":"purchasable","11":"product-type-simple","12":"entry","13":"content-bg","14":"loop-entry"},"_links":{"self":[{"href":"https:\/\/www.hediyepazar.com\/index.php?rest_route=\/wp\/v2\/product\/124095","targetHints":{"allow":["GET"]}}],"collection":[{"href":"https:\/\/www.hediyepazar.com\/index.php?rest_route=\/wp\/v2\/product"}],"about":[{"href":"https:\/\/www.hediyepazar.com\/index.php?rest_route=\/wp\/v2\/types\/product"}],"replies":[{"embeddable":true,"href":"https:\/\/www.hediyepazar.com\/index.php?rest_route=%2Fwp%2Fv2%2Fcomments&post=124095"}],"wp:featuredmedia":[{"embeddable":true,"href":"https:\/\/www.hediyepazar.com\/index.php?rest_route=\/wp\/v2\/media\/124094"}],"wp:attachment":[{"href":"https:\/\/www.hediyepazar.com\/index.php?rest_route=%2Fwp%2Fv2%2Fmedia&parent=124095"}],"wp:term":[{"taxonomy":"product_brand","embeddable":true,"href":"https:\/\/www.hediyepazar.com\/index.php?rest_route=%2Fwp%2Fv2%2Fproduct_brand&post=124095"},{"taxonomy":"product_cat","embeddable":true,"href":"https:\/\/www.hediyepazar.com\/index.php?rest_route=%2Fwp%2Fv2%2Fproduct_cat&post=124095"},{"taxonomy":"product_tag","embeddable":true,"href":"https:\/\/www.hediyepazar.com\/index.php?rest_route=%2Fwp%2Fv2%2Fproduct_tag&post=124095"}],"curies":[{"name":"wp","href":"https:\/\/api.w.org\/{rel}","templated":true}]}}