{"id":124097,"date":"2026-05-06T14:50:12","date_gmt":"2026-05-06T17:50:12","guid":{"rendered":"https:\/\/www.hediyepazar.com\/?product=otomatik-kapanmali-dijital-lastik-sisirme-pompasi"},"modified":"2026-05-06T14:50:12","modified_gmt":"2026-05-06T17:50:12","slug":"otomatik-kapanmali-dijital-lastik-sisirme-pompasi","status":"publish","type":"product","link":"https:\/\/www.hediyepazar.com\/?product=otomatik-kapanmali-dijital-lastik-sisirme-pompasi","title":{"rendered":"Otomatik Kapanmal\u0131 Dijital Lastik \u015ei\u015firme Pompas\u0131"},"content":{"rendered":"<p>Dijital ekranl\u0131 hava kompres\u00f6r\u00fc, hassas \u015fi\u015firme gerektiren durumlar i\u00e7in tasarlanm\u0131\u015ft\u0131r. BAR biriminde do\u011fru \u00f6l\u00e7\u00fcm yaparak kontroll\u00fc kullan\u0131m sunar. Otomatik kapanma \u00f6zelli\u011fi ile fazla \u015fi\u015firmeyi \u00f6nler.Birden fazla valf adapt\u00f6r\u00fc sayesinde ara\u00e7 lastikleri, bisiklet, motosiklet ve spor ekipmanlar\u0131 ile uyumludur. \u00c7ok y\u00f6nl\u00fc yap\u0131s\u0131 ile tek cihazla farkl\u0131 ihtiya\u00e7lara \u00e7\u00f6z\u00fcm sunar.USB \u015farj deste\u011fi ve kompakt tasar\u0131m\u0131 sayesinde ta\u015f\u0131nmas\u0131 son derece kolayd\u0131r. Seyahatlerde ve acil durumlarda pratik kullan\u0131m sa\u011flar.LED \u0131\u015f\u0131k \u00f6zelli\u011fi, karanl\u0131k ortamlarda rahat kullan\u0131m imk\u00e2n\u0131 sunar. G\u00fcnl\u00fck hayat\u0131 kolayla\u015ft\u0131ran fonksiyonel bir \u00fcr\u00fcnd\u00fcr.<\/p>\n","protected":false},"excerpt":{"rendered":"<p>Dijital ekranl\u0131 hava kompres\u00f6r\u00fc, hassas \u015fi\u015firme gerektiren durumlar i\u00e7in tasarlanm\u0131\u015ft\u0131r. BAR biriminde do\u011fru \u00f6l\u00e7\u00fcm yaparak kontroll\u00fc kullan\u0131m sunar. Otomatik kapanma \u00f6zelli\u011fi ile fazla \u015fi\u015firmeyi \u00f6nler.Birden fazla valf adapt\u00f6r\u00fc sayesinde ara\u00e7 lastikleri, bisiklet, motosiklet ve spor ekipmanlar\u0131 ile uyumludur. \u00c7ok y\u00f6nl\u00fc yap\u0131s\u0131 ile tek cihazla farkl\u0131 ihtiya\u00e7lara \u00e7\u00f6z\u00fcm sunar.USB \u015farj deste\u011fi ve kompakt tasar\u0131m\u0131 sayesinde ta\u015f\u0131nmas\u0131&#8230;<\/p>\n","protected":false},"featured_media":124096,"comment_status":"open","ping_status":"closed","template":"","meta":{"_kad_post_transparent":"","_kad_post_title":"","_kad_post_layout":"","_kad_post_sidebar_id":"","_kad_post_content_style":"","_kad_post_vertical_padding":"","_kad_post_feature":"","_kad_post_feature_position":"","_kad_post_header":false,"_kad_post_footer":false,"_kad_post_classname":""},"product_brand":[],"product_cat":[15053],"product_tag":[],"class_list":{"0":"post-124097","1":"product","2":"type-product","3":"status-publish","4":"has-post-thumbnail","6":"product_cat-oto-bakim-seti-oto-bakim-seti-2","8":"first","9":"instock","10":"purchasable","11":"product-type-simple","12":"entry","13":"content-bg","14":"loop-entry"},"_links":{"self":[{"href":"https:\/\/www.hediyepazar.com\/index.php?rest_route=\/wp\/v2\/product\/124097","targetHints":{"allow":["GET"]}}],"collection":[{"href":"https:\/\/www.hediyepazar.com\/index.php?rest_route=\/wp\/v2\/product"}],"about":[{"href":"https:\/\/www.hediyepazar.com\/index.php?rest_route=\/wp\/v2\/types\/product"}],"replies":[{"embeddable":true,"href":"https:\/\/www.hediyepazar.com\/index.php?rest_route=%2Fwp%2Fv2%2Fcomments&post=124097"}],"wp:featuredmedia":[{"embeddable":true,"href":"https:\/\/www.hediyepazar.com\/index.php?rest_route=\/wp\/v2\/media\/124096"}],"wp:attachment":[{"href":"https:\/\/www.hediyepazar.com\/index.php?rest_route=%2Fwp%2Fv2%2Fmedia&parent=124097"}],"wp:term":[{"taxonomy":"product_brand","embeddable":true,"href":"https:\/\/www.hediyepazar.com\/index.php?rest_route=%2Fwp%2Fv2%2Fproduct_brand&post=124097"},{"taxonomy":"product_cat","embeddable":true,"href":"https:\/\/www.hediyepazar.com\/index.php?rest_route=%2Fwp%2Fv2%2Fproduct_cat&post=124097"},{"taxonomy":"product_tag","embeddable":true,"href":"https:\/\/www.hediyepazar.com\/index.php?rest_route=%2Fwp%2Fv2%2Fproduct_tag&post=124097"}],"curies":[{"name":"wp","href":"https:\/\/api.w.org\/{rel}","templated":true}]}}