{"id":124099,"date":"2026-05-06T14:50:19","date_gmt":"2026-05-06T17:50:19","guid":{"rendered":"https:\/\/www.hediyepazar.com\/?product=usb-sarjli-tasinabilir-hava-kompresoru-dijital-ekranli"},"modified":"2026-05-06T14:50:19","modified_gmt":"2026-05-06T17:50:19","slug":"usb-sarjli-tasinabilir-hava-kompresoru-dijital-ekranli","status":"publish","type":"product","link":"https:\/\/www.hediyepazar.com\/?product=usb-sarjli-tasinabilir-hava-kompresoru-dijital-ekranli","title":{"rendered":"USB \u015earjl\u0131 Ta\u015f\u0131nabilir Hava Kompres\u00f6r\u00fc Dijital Ekranl\u0131"},"content":{"rendered":"<p>Ta\u015f\u0131nabilir dijital lastik pompas\u0131, seyahatlerde ve g\u00fcnl\u00fck kullan\u0131mda pratik bir hava \u015fi\u015firme \u00e7\u00f6z\u00fcm\u00fc sunar. Araba, bisiklet, motosiklet ve spor toplar\u0131 ile uyumludur. \u00c7oklu valf adapt\u00f6rleri ile geni\u015f kullan\u0131m alan\u0131 sa\u011flar.LCD ekran \u00fczerinden BAR cinsinden bas\u0131n\u00e7 de\u011ferleri anl\u0131k olarak g\u00f6r\u00fcnt\u00fclenebilir. Otomatik kapanma \u00f6zelli\u011fi sayesinde istenen bas\u0131n\u00e7 seviyesine ula\u015f\u0131ld\u0131\u011f\u0131nda g\u00fcvenli \u015fekilde durur.USB \u015farjl\u0131 kompakt tasar\u0131m\u0131, \u00fcr\u00fcn\u00fc her yerde kullanmaya olanak tan\u0131r. Ara\u00e7 i\u00e7inde, evde veya d\u0131\u015f mek\u00e2nda rahatl\u0131kla kullan\u0131labilir.Entegre LED \u0131\u015f\u0131k, gece g\u00f6r\u00fc\u015f\u00fcn\u00fc art\u0131rarak acil durumlarda ekstra kolayl\u0131k sa\u011flar. Fonksiyonel ve ta\u015f\u0131nabilir bir hava pompas\u0131 arayanlar i\u00e7in idealdir.<\/p>\n","protected":false},"excerpt":{"rendered":"<p>Ta\u015f\u0131nabilir dijital lastik pompas\u0131, seyahatlerde ve g\u00fcnl\u00fck kullan\u0131mda pratik bir hava \u015fi\u015firme \u00e7\u00f6z\u00fcm\u00fc sunar. Araba, bisiklet, motosiklet ve spor toplar\u0131 ile uyumludur. \u00c7oklu valf adapt\u00f6rleri ile geni\u015f kullan\u0131m alan\u0131 sa\u011flar.LCD ekran \u00fczerinden BAR cinsinden bas\u0131n\u00e7 de\u011ferleri anl\u0131k olarak g\u00f6r\u00fcnt\u00fclenebilir. Otomatik kapanma \u00f6zelli\u011fi sayesinde istenen bas\u0131n\u00e7 seviyesine ula\u015f\u0131ld\u0131\u011f\u0131nda g\u00fcvenli \u015fekilde durur.USB \u015farjl\u0131 kompakt tasar\u0131m\u0131, \u00fcr\u00fcn\u00fc her&#8230;<\/p>\n","protected":false},"featured_media":124098,"comment_status":"open","ping_status":"closed","template":"","meta":{"_kad_post_transparent":"","_kad_post_title":"","_kad_post_layout":"","_kad_post_sidebar_id":"","_kad_post_content_style":"","_kad_post_vertical_padding":"","_kad_post_feature":"","_kad_post_feature_position":"","_kad_post_header":false,"_kad_post_footer":false,"_kad_post_classname":""},"product_brand":[],"product_cat":[15053],"product_tag":[],"class_list":{"0":"post-124099","1":"product","2":"type-product","3":"status-publish","4":"has-post-thumbnail","6":"product_cat-oto-bakim-seti-oto-bakim-seti-2","8":"first","9":"instock","10":"purchasable","11":"product-type-simple","12":"entry","13":"content-bg","14":"loop-entry"},"_links":{"self":[{"href":"https:\/\/www.hediyepazar.com\/index.php?rest_route=\/wp\/v2\/product\/124099","targetHints":{"allow":["GET"]}}],"collection":[{"href":"https:\/\/www.hediyepazar.com\/index.php?rest_route=\/wp\/v2\/product"}],"about":[{"href":"https:\/\/www.hediyepazar.com\/index.php?rest_route=\/wp\/v2\/types\/product"}],"replies":[{"embeddable":true,"href":"https:\/\/www.hediyepazar.com\/index.php?rest_route=%2Fwp%2Fv2%2Fcomments&post=124099"}],"wp:featuredmedia":[{"embeddable":true,"href":"https:\/\/www.hediyepazar.com\/index.php?rest_route=\/wp\/v2\/media\/124098"}],"wp:attachment":[{"href":"https:\/\/www.hediyepazar.com\/index.php?rest_route=%2Fwp%2Fv2%2Fmedia&parent=124099"}],"wp:term":[{"taxonomy":"product_brand","embeddable":true,"href":"https:\/\/www.hediyepazar.com\/index.php?rest_route=%2Fwp%2Fv2%2Fproduct_brand&post=124099"},{"taxonomy":"product_cat","embeddable":true,"href":"https:\/\/www.hediyepazar.com\/index.php?rest_route=%2Fwp%2Fv2%2Fproduct_cat&post=124099"},{"taxonomy":"product_tag","embeddable":true,"href":"https:\/\/www.hediyepazar.com\/index.php?rest_route=%2Fwp%2Fv2%2Fproduct_tag&post=124099"}],"curies":[{"name":"wp","href":"https:\/\/api.w.org\/{rel}","templated":true}]}}