{"id":124101,"date":"2026-05-06T14:51:21","date_gmt":"2026-05-06T17:51:21","guid":{"rendered":"https:\/\/www.hediyepazar.com\/?product=led-isikli-dijital-hava-pompasi-araba-bisiklet-uyumlu"},"modified":"2026-05-06T14:51:21","modified_gmt":"2026-05-06T17:51:21","slug":"led-isikli-dijital-hava-pompasi-araba-bisiklet-uyumlu","status":"publish","type":"product","link":"https:\/\/www.hediyepazar.com\/?product=led-isikli-dijital-hava-pompasi-araba-bisiklet-uyumlu","title":{"rendered":"LED I\u015f\u0131kl\u0131 Dijital Hava Pompas\u0131 Araba Bisiklet Uyumlu"},"content":{"rendered":"<p>\u00c7ok ama\u00e7l\u0131 dijital hava pompas\u0131, ara\u00e7 lastikleri, bisiklet, motosiklet ve spor toplar\u0131 i\u00e7in ideal bir \u00e7\u00f6z\u00fcmd\u00fcr. Birden fazla valf adapt\u00f6r\u00fc sayesinde geni\u015f uyumluluk sunar ve farkl\u0131 ihtiya\u00e7lara cevap verir.Dijital LCD ekran, anl\u0131k bas\u0131n\u00e7 de\u011ferlerini net \u015fekilde g\u00f6sterir. Hassas \u00f6l\u00e7\u00fcm \u00f6zelli\u011fi ile do\u011fru ve dengeli \u015fi\u015firme yap\u0131lmas\u0131na yard\u0131mc\u0131 olur. Otomatik kapanma fonksiyonu, istenilen bas\u0131nca ula\u015f\u0131ld\u0131\u011f\u0131nda cihaz\u0131n durmas\u0131n\u0131 sa\u011flar.USB \u015farj \u00f6zelli\u011fi sayesinde ta\u015f\u0131nabilir ve pratiktir. 12V destekli yap\u0131s\u0131, ara\u00e7 i\u00e7i kullan\u0131m\u0131 kolayla\u015ft\u0131r\u0131r. Kompakt boyutu ile yer kaplamaz.LED ayd\u0131nlatma \u00f6zelli\u011fi, karanl\u0131k ortamlarda g\u00fcvenli kullan\u0131m imk\u00e2n\u0131 sunar. G\u00fcnl\u00fck kullan\u0131m ve acil durumlar i\u00e7in uygundur.<\/p>\n","protected":false},"excerpt":{"rendered":"<p>\u00c7ok ama\u00e7l\u0131 dijital hava pompas\u0131, ara\u00e7 lastikleri, bisiklet, motosiklet ve spor toplar\u0131 i\u00e7in ideal bir \u00e7\u00f6z\u00fcmd\u00fcr. Birden fazla valf adapt\u00f6r\u00fc sayesinde geni\u015f uyumluluk sunar ve farkl\u0131 ihtiya\u00e7lara cevap verir.Dijital LCD ekran, anl\u0131k bas\u0131n\u00e7 de\u011ferlerini net \u015fekilde g\u00f6sterir. Hassas \u00f6l\u00e7\u00fcm \u00f6zelli\u011fi ile do\u011fru ve dengeli \u015fi\u015firme yap\u0131lmas\u0131na yard\u0131mc\u0131 olur. Otomatik kapanma fonksiyonu, istenilen bas\u0131nca ula\u015f\u0131ld\u0131\u011f\u0131nda cihaz\u0131n&#8230;<\/p>\n","protected":false},"featured_media":124100,"comment_status":"open","ping_status":"closed","template":"","meta":{"_kad_post_transparent":"","_kad_post_title":"","_kad_post_layout":"","_kad_post_sidebar_id":"","_kad_post_content_style":"","_kad_post_vertical_padding":"","_kad_post_feature":"","_kad_post_feature_position":"","_kad_post_header":false,"_kad_post_footer":false,"_kad_post_classname":""},"product_brand":[],"product_cat":[15053],"product_tag":[],"class_list":{"0":"post-124101","1":"product","2":"type-product","3":"status-publish","4":"has-post-thumbnail","6":"product_cat-oto-bakim-seti-oto-bakim-seti-2","8":"first","9":"instock","10":"purchasable","11":"product-type-simple","12":"entry","13":"content-bg","14":"loop-entry"},"_links":{"self":[{"href":"https:\/\/www.hediyepazar.com\/index.php?rest_route=\/wp\/v2\/product\/124101","targetHints":{"allow":["GET"]}}],"collection":[{"href":"https:\/\/www.hediyepazar.com\/index.php?rest_route=\/wp\/v2\/product"}],"about":[{"href":"https:\/\/www.hediyepazar.com\/index.php?rest_route=\/wp\/v2\/types\/product"}],"replies":[{"embeddable":true,"href":"https:\/\/www.hediyepazar.com\/index.php?rest_route=%2Fwp%2Fv2%2Fcomments&post=124101"}],"wp:featuredmedia":[{"embeddable":true,"href":"https:\/\/www.hediyepazar.com\/index.php?rest_route=\/wp\/v2\/media\/124100"}],"wp:attachment":[{"href":"https:\/\/www.hediyepazar.com\/index.php?rest_route=%2Fwp%2Fv2%2Fmedia&parent=124101"}],"wp:term":[{"taxonomy":"product_brand","embeddable":true,"href":"https:\/\/www.hediyepazar.com\/index.php?rest_route=%2Fwp%2Fv2%2Fproduct_brand&post=124101"},{"taxonomy":"product_cat","embeddable":true,"href":"https:\/\/www.hediyepazar.com\/index.php?rest_route=%2Fwp%2Fv2%2Fproduct_cat&post=124101"},{"taxonomy":"product_tag","embeddable":true,"href":"https:\/\/www.hediyepazar.com\/index.php?rest_route=%2Fwp%2Fv2%2Fproduct_tag&post=124101"}],"curies":[{"name":"wp","href":"https:\/\/api.w.org\/{rel}","templated":true}]}}