{"id":124107,"date":"2026-05-06T14:52:56","date_gmt":"2026-05-06T17:52:56","guid":{"rendered":"https:\/\/www.hediyepazar.com\/?product=coklu-spor-modlu-akilli-saat-bildirim-destekli"},"modified":"2026-05-06T14:52:56","modified_gmt":"2026-05-06T17:52:56","slug":"coklu-spor-modlu-akilli-saat-bildirim-destekli","status":"publish","type":"product","link":"https:\/\/www.hediyepazar.com\/?product=coklu-spor-modlu-akilli-saat-bildirim-destekli","title":{"rendered":"\u00c7oklu Spor Modlu Ak\u0131ll\u0131 Saat Bildirim Destekli"},"content":{"rendered":"<p>\u00c7oklu spor modlu ak\u0131ll\u0131 saat, spor ve g\u00fcnl\u00fck kullan\u0131m i\u00e7in tasarlanm\u0131\u015f fonksiyonel bir \u00fcr\u00fcnd\u00fcr. Spor modlar\u0131, kronometre ve uyku takibi ile kullan\u0131m \u00e7e\u015fitlili\u011fi sa\u011flar.Bluetooth arama \u00f6zelli\u011fi sayesinde telefonunuza gelen \u00e7a\u011fr\u0131lar\u0131 saat \u00fczerinden yan\u0131tlayabilirsiniz. Bildirim g\u00f6r\u00fcnt\u00fcleme \u00f6zelli\u011fi ile uygulama bildirimleri anl\u0131k olarak takip edilebilir.GPS ve NFC \u00f6zellikleri teknolojik avantaj sunar. Uzaktan m\u00fczik kontrol\u00fc ve uzaktan foto\u011fraf \u00e7ekme \u00f6zellikleri mobil uygulama \u00fczerinden kullan\u0131labilir.Telefon bul, \u015fifre korumas\u0131 ve h\u0131zl\u0131 widget \u00f6zellikleri pratik kullan\u0131m sa\u011flar. G\u00fcnl\u00fck ya\u015fam\u0131 kolayla\u015ft\u0131ran ak\u0131ll\u0131 bir \u00e7\u00f6z\u00fcmd\u00fcr.<\/p>\n","protected":false},"excerpt":{"rendered":"<p>\u00c7oklu spor modlu ak\u0131ll\u0131 saat, spor ve g\u00fcnl\u00fck kullan\u0131m i\u00e7in tasarlanm\u0131\u015f fonksiyonel bir \u00fcr\u00fcnd\u00fcr. Spor modlar\u0131, kronometre ve uyku takibi ile kullan\u0131m \u00e7e\u015fitlili\u011fi sa\u011flar.Bluetooth arama \u00f6zelli\u011fi sayesinde telefonunuza gelen \u00e7a\u011fr\u0131lar\u0131 saat \u00fczerinden yan\u0131tlayabilirsiniz. Bildirim g\u00f6r\u00fcnt\u00fcleme \u00f6zelli\u011fi ile uygulama bildirimleri anl\u0131k olarak takip edilebilir.GPS ve NFC \u00f6zellikleri teknolojik avantaj sunar. Uzaktan m\u00fczik kontrol\u00fc ve uzaktan foto\u011fraf&#8230;<\/p>\n","protected":false},"featured_media":124106,"comment_status":"open","ping_status":"closed","template":"","meta":{"_kad_post_transparent":"","_kad_post_title":"","_kad_post_layout":"","_kad_post_sidebar_id":"","_kad_post_content_style":"","_kad_post_vertical_padding":"","_kad_post_feature":"","_kad_post_feature_position":"","_kad_post_header":false,"_kad_post_footer":false,"_kad_post_classname":""},"product_brand":[],"product_cat":[14935],"product_tag":[],"class_list":{"0":"post-124107","1":"product","2":"type-product","3":"status-publish","4":"has-post-thumbnail","6":"product_cat-akilli-saatler-akilli-saatler","8":"first","9":"instock","10":"purchasable","11":"product-type-simple","12":"entry","13":"content-bg","14":"loop-entry"},"_links":{"self":[{"href":"https:\/\/www.hediyepazar.com\/index.php?rest_route=\/wp\/v2\/product\/124107","targetHints":{"allow":["GET"]}}],"collection":[{"href":"https:\/\/www.hediyepazar.com\/index.php?rest_route=\/wp\/v2\/product"}],"about":[{"href":"https:\/\/www.hediyepazar.com\/index.php?rest_route=\/wp\/v2\/types\/product"}],"replies":[{"embeddable":true,"href":"https:\/\/www.hediyepazar.com\/index.php?rest_route=%2Fwp%2Fv2%2Fcomments&post=124107"}],"wp:featuredmedia":[{"embeddable":true,"href":"https:\/\/www.hediyepazar.com\/index.php?rest_route=\/wp\/v2\/media\/124106"}],"wp:attachment":[{"href":"https:\/\/www.hediyepazar.com\/index.php?rest_route=%2Fwp%2Fv2%2Fmedia&parent=124107"}],"wp:term":[{"taxonomy":"product_brand","embeddable":true,"href":"https:\/\/www.hediyepazar.com\/index.php?rest_route=%2Fwp%2Fv2%2Fproduct_brand&post=124107"},{"taxonomy":"product_cat","embeddable":true,"href":"https:\/\/www.hediyepazar.com\/index.php?rest_route=%2Fwp%2Fv2%2Fproduct_cat&post=124107"},{"taxonomy":"product_tag","embeddable":true,"href":"https:\/\/www.hediyepazar.com\/index.php?rest_route=%2Fwp%2Fv2%2Fproduct_tag&post=124107"}],"curies":[{"name":"wp","href":"https:\/\/api.w.org\/{rel}","templated":true}]}}