{"id":124109,"date":"2026-05-06T14:53:02","date_gmt":"2026-05-06T17:53:02","guid":{"rendered":"https:\/\/www.hediyepazar.com\/?product=dokunmatik-akilli-saat-sesli-asistanli-genis-ozellikli"},"modified":"2026-05-06T14:53:02","modified_gmt":"2026-05-06T17:53:02","slug":"dokunmatik-akilli-saat-sesli-asistanli-genis-ozellikli","status":"publish","type":"product","link":"https:\/\/www.hediyepazar.com\/?product=dokunmatik-akilli-saat-sesli-asistanli-genis-ozellikli","title":{"rendered":"Dokunmatik Ak\u0131ll\u0131 Saat Sesli Asistanl\u0131 Geni\u015f \u00d6zellikli"},"content":{"rendered":"<p>Dokunmatik ak\u0131ll\u0131 saat, sesli asistan ve geni\u015f fonksiyon se\u00e7enekleri ile modern bir kullan\u0131m sunar. Bluetooth arama \u00f6zelli\u011fi sayesinde \u00e7a\u011fr\u0131lar saat \u00fczerinden y\u00f6netilebilir. SIM kart gerektirmeden \u00e7al\u0131\u015f\u0131r.GPS ve NFC deste\u011fi ile teknolojik donan\u0131m sunar. Android ve iOS uyumlulu\u011fu sayesinde geni\u015f bir kullan\u0131c\u0131 kitlesine hitap eder. Dokunmatik ekran ak\u0131c\u0131 ve pratiktir.Uyku takibi, \u00e7oklu spor modu, parlakl\u0131k ayar\u0131 ve nefes e\u011fitimi gibi \u00f6zellikler g\u00fcnl\u00fck kullan\u0131mda avantaj sa\u011flar. Bildirim g\u00f6r\u00fcnt\u00fcleme ile mesajlar kolayca takip edilir.G\u00fc\u00e7 tasarrufu modu ve uzun pil \u00f6mr\u00fc ile konforlu bir kullan\u0131m sunar. G\u00fcnl\u00fck hayatta fonksiyonellik arayanlar i\u00e7in ideal bir ak\u0131ll\u0131 saattir.<\/p>\n","protected":false},"excerpt":{"rendered":"<p>Dokunmatik ak\u0131ll\u0131 saat, sesli asistan ve geni\u015f fonksiyon se\u00e7enekleri ile modern bir kullan\u0131m sunar. Bluetooth arama \u00f6zelli\u011fi sayesinde \u00e7a\u011fr\u0131lar saat \u00fczerinden y\u00f6netilebilir. SIM kart gerektirmeden \u00e7al\u0131\u015f\u0131r.GPS ve NFC deste\u011fi ile teknolojik donan\u0131m sunar. Android ve iOS uyumlulu\u011fu sayesinde geni\u015f bir kullan\u0131c\u0131 kitlesine hitap eder. Dokunmatik ekran ak\u0131c\u0131 ve pratiktir.Uyku takibi, \u00e7oklu spor modu, parlakl\u0131k ayar\u0131&#8230;<\/p>\n","protected":false},"featured_media":124108,"comment_status":"open","ping_status":"closed","template":"","meta":{"_kad_post_transparent":"","_kad_post_title":"","_kad_post_layout":"","_kad_post_sidebar_id":"","_kad_post_content_style":"","_kad_post_vertical_padding":"","_kad_post_feature":"","_kad_post_feature_position":"","_kad_post_header":false,"_kad_post_footer":false,"_kad_post_classname":""},"product_brand":[],"product_cat":[14935],"product_tag":[],"class_list":{"0":"post-124109","1":"product","2":"type-product","3":"status-publish","4":"has-post-thumbnail","6":"product_cat-akilli-saatler-akilli-saatler","8":"first","9":"instock","10":"purchasable","11":"product-type-simple","12":"entry","13":"content-bg","14":"loop-entry"},"_links":{"self":[{"href":"https:\/\/www.hediyepazar.com\/index.php?rest_route=\/wp\/v2\/product\/124109","targetHints":{"allow":["GET"]}}],"collection":[{"href":"https:\/\/www.hediyepazar.com\/index.php?rest_route=\/wp\/v2\/product"}],"about":[{"href":"https:\/\/www.hediyepazar.com\/index.php?rest_route=\/wp\/v2\/types\/product"}],"replies":[{"embeddable":true,"href":"https:\/\/www.hediyepazar.com\/index.php?rest_route=%2Fwp%2Fv2%2Fcomments&post=124109"}],"wp:featuredmedia":[{"embeddable":true,"href":"https:\/\/www.hediyepazar.com\/index.php?rest_route=\/wp\/v2\/media\/124108"}],"wp:attachment":[{"href":"https:\/\/www.hediyepazar.com\/index.php?rest_route=%2Fwp%2Fv2%2Fmedia&parent=124109"}],"wp:term":[{"taxonomy":"product_brand","embeddable":true,"href":"https:\/\/www.hediyepazar.com\/index.php?rest_route=%2Fwp%2Fv2%2Fproduct_brand&post=124109"},{"taxonomy":"product_cat","embeddable":true,"href":"https:\/\/www.hediyepazar.com\/index.php?rest_route=%2Fwp%2Fv2%2Fproduct_cat&post=124109"},{"taxonomy":"product_tag","embeddable":true,"href":"https:\/\/www.hediyepazar.com\/index.php?rest_route=%2Fwp%2Fv2%2Fproduct_tag&post=124109"}],"curies":[{"name":"wp","href":"https:\/\/api.w.org\/{rel}","templated":true}]}}