{"id":124113,"date":"2026-05-06T14:53:14","date_gmt":"2026-05-06T17:53:14","guid":{"rendered":"https:\/\/www.hediyepazar.com\/?product=bluetooth-arama-destekli-akilli-saat-cok-fonksiyonlu"},"modified":"2026-05-06T14:53:14","modified_gmt":"2026-05-06T17:53:14","slug":"bluetooth-arama-destekli-akilli-saat-cok-fonksiyonlu","status":"publish","type":"product","link":"https:\/\/www.hediyepazar.com\/?product=bluetooth-arama-destekli-akilli-saat-cok-fonksiyonlu","title":{"rendered":"Bluetooth Arama Destekli Ak\u0131ll\u0131 Saat \u00c7ok Fonksiyonlu"},"content":{"rendered":"<p>Bluetooth arama destekli ak\u0131ll\u0131 saat, telefon kullan\u0131m\u0131n\u0131 daha pratik hale getirmek isteyen kullan\u0131c\u0131lar i\u00e7in tasarlanm\u0131\u015ft\u0131r. SIM kart veya haf\u0131za kart\u0131 gerektirmeden \u00e7al\u0131\u015f\u0131r. 500\u2019den fazla arama deste\u011fi ile geni\u015f kullan\u0131m imk\u00e2n\u0131 sunar.GPS ve NFC \u00f6zellikleri sayesinde teknolojik donan\u0131m\u0131yla \u00f6ne \u00e7\u0131kar. Android 4.4 ve \u00fczeri ile iOS 10.0 ve \u00fczeri cihazlarla uyumludur. Dokunmatik ekran\u0131 sayesinde men\u00fcler aras\u0131nda h\u0131zl\u0131 ve kolay ge\u00e7i\u015f yap\u0131labilir.Uyku takibi, \u00e7oklu spor modu, parlakl\u0131k ayar\u0131 ve kronometre gibi \u00f6zellikler g\u00fcnl\u00fck kullan\u0131mda avantaj sa\u011flar. Bildirim g\u00f6r\u00fcnt\u00fcleme \u00f6zelli\u011fi ile telefonunuza gelen bildirimleri ka\u00e7\u0131rmazs\u0131n\u0131z.Telefon bul \u00f6zelli\u011fi ve \u015fifre korumas\u0131 ek g\u00fcvenlik sunar. G\u00fcnl\u00fck kullan\u0131m i\u00e7in fonksiyonel ve pratik bir ak\u0131ll\u0131 saat \u00e7\u00f6z\u00fcm\u00fcd\u00fcr.<\/p>\n","protected":false},"excerpt":{"rendered":"<p>Bluetooth arama destekli ak\u0131ll\u0131 saat, telefon kullan\u0131m\u0131n\u0131 daha pratik hale getirmek isteyen kullan\u0131c\u0131lar i\u00e7in tasarlanm\u0131\u015ft\u0131r. SIM kart veya haf\u0131za kart\u0131 gerektirmeden \u00e7al\u0131\u015f\u0131r. 500\u2019den fazla arama deste\u011fi ile geni\u015f kullan\u0131m imk\u00e2n\u0131 sunar.GPS ve NFC \u00f6zellikleri sayesinde teknolojik donan\u0131m\u0131yla \u00f6ne \u00e7\u0131kar. Android 4.4 ve \u00fczeri ile iOS 10.0 ve \u00fczeri cihazlarla uyumludur. Dokunmatik ekran\u0131 sayesinde men\u00fcler aras\u0131nda&#8230;<\/p>\n","protected":false},"featured_media":124112,"comment_status":"open","ping_status":"closed","template":"","meta":{"_kad_post_transparent":"","_kad_post_title":"","_kad_post_layout":"","_kad_post_sidebar_id":"","_kad_post_content_style":"","_kad_post_vertical_padding":"","_kad_post_feature":"","_kad_post_feature_position":"","_kad_post_header":false,"_kad_post_footer":false,"_kad_post_classname":""},"product_brand":[],"product_cat":[14935],"product_tag":[],"class_list":{"0":"post-124113","1":"product","2":"type-product","3":"status-publish","4":"has-post-thumbnail","6":"product_cat-akilli-saatler-akilli-saatler","8":"first","9":"instock","10":"purchasable","11":"product-type-simple","12":"entry","13":"content-bg","14":"loop-entry"},"_links":{"self":[{"href":"https:\/\/www.hediyepazar.com\/index.php?rest_route=\/wp\/v2\/product\/124113","targetHints":{"allow":["GET"]}}],"collection":[{"href":"https:\/\/www.hediyepazar.com\/index.php?rest_route=\/wp\/v2\/product"}],"about":[{"href":"https:\/\/www.hediyepazar.com\/index.php?rest_route=\/wp\/v2\/types\/product"}],"replies":[{"embeddable":true,"href":"https:\/\/www.hediyepazar.com\/index.php?rest_route=%2Fwp%2Fv2%2Fcomments&post=124113"}],"wp:featuredmedia":[{"embeddable":true,"href":"https:\/\/www.hediyepazar.com\/index.php?rest_route=\/wp\/v2\/media\/124112"}],"wp:attachment":[{"href":"https:\/\/www.hediyepazar.com\/index.php?rest_route=%2Fwp%2Fv2%2Fmedia&parent=124113"}],"wp:term":[{"taxonomy":"product_brand","embeddable":true,"href":"https:\/\/www.hediyepazar.com\/index.php?rest_route=%2Fwp%2Fv2%2Fproduct_brand&post=124113"},{"taxonomy":"product_cat","embeddable":true,"href":"https:\/\/www.hediyepazar.com\/index.php?rest_route=%2Fwp%2Fv2%2Fproduct_cat&post=124113"},{"taxonomy":"product_tag","embeddable":true,"href":"https:\/\/www.hediyepazar.com\/index.php?rest_route=%2Fwp%2Fv2%2Fproduct_tag&post=124113"}],"curies":[{"name":"wp","href":"https:\/\/api.w.org\/{rel}","templated":true}]}}