{"id":124115,"date":"2026-05-06T14:53:18","date_gmt":"2026-05-06T17:53:18","guid":{"rendered":"https:\/\/www.hediyepazar.com\/?product=gps-ve-nfc-ozellikli-akilli-saat-ios-android-uyumlu"},"modified":"2026-05-06T14:53:18","modified_gmt":"2026-05-06T17:53:18","slug":"gps-ve-nfc-ozellikli-akilli-saat-ios-android-uyumlu","status":"publish","type":"product","link":"https:\/\/www.hediyepazar.com\/?product=gps-ve-nfc-ozellikli-akilli-saat-ios-android-uyumlu","title":{"rendered":"GPS ve NFC \u00d6zellikli Ak\u0131ll\u0131 Saat iOS Android Uyumlu"},"content":{"rendered":"<p>GPS ve NFC \u00f6zellikli ak\u0131ll\u0131 saat, g\u00fcnl\u00fck ya\u015famda ihtiya\u00e7 duyulan bir\u00e7ok fonksiyonu tek bir cihazda sunar. iOS ve Android uyumlu yap\u0131s\u0131 sayesinde farkl\u0131 marka telefonlarla sorunsuz \u015fekilde e\u015fle\u015fir. Bluetooth arama \u00f6zelli\u011fi ile gelen \u00e7a\u011fr\u0131lar\u0131 saat \u00fczerinden yan\u0131tlamay\u0131 m\u00fcmk\u00fcn k\u0131lar.200\u2013300 mAh batarya kapasitesi ile ortalama 1 haftaya kadar kullan\u0131m s\u00fcresi sunar. Kullan\u0131m yo\u011funlu\u011funa ba\u011fl\u0131 olarak pil s\u00fcresi de\u011fi\u015fiklik g\u00f6sterebilir. G\u00fc\u00e7 tasarrufu modu, pil verimlili\u011fini art\u0131rmaya yard\u0131mc\u0131 olur.\u00c7oklu spor modu, kronometre, uyku takibi ve nefes e\u011fitimi gibi fonksiyonlar g\u00fcnl\u00fck aktivitelerde pratik kullan\u0131m sa\u011flar. Bildirim g\u00f6r\u00fcnt\u00fcleme \u00f6zelli\u011fi sayesinde mesaj ve uygulama bildirimleri ekrandan kolayca takip edilebilir.Uzaktan m\u00fczik kontrol\u00fc ve uzaktan foto\u011fraf \u00e7ekme \u00f6zellikleri mobil uygulama \u00fczerinden kullan\u0131labilir. Saat ve hava durumu bilgileri g\u00fcnl\u00fck planlamay\u0131 kolayla\u015ft\u0131r\u0131r. Fonksiyonel ve modern bir ak\u0131ll\u0131 saat arayanlar i\u00e7in ideal bir tercihtir.<\/p>\n","protected":false},"excerpt":{"rendered":"<p>GPS ve NFC \u00f6zellikli ak\u0131ll\u0131 saat, g\u00fcnl\u00fck ya\u015famda ihtiya\u00e7 duyulan bir\u00e7ok fonksiyonu tek bir cihazda sunar. iOS ve Android uyumlu yap\u0131s\u0131 sayesinde farkl\u0131 marka telefonlarla sorunsuz \u015fekilde e\u015fle\u015fir. Bluetooth arama \u00f6zelli\u011fi ile gelen \u00e7a\u011fr\u0131lar\u0131 saat \u00fczerinden yan\u0131tlamay\u0131 m\u00fcmk\u00fcn k\u0131lar.200\u2013300 mAh batarya kapasitesi ile ortalama 1 haftaya kadar kullan\u0131m s\u00fcresi sunar. Kullan\u0131m yo\u011funlu\u011funa ba\u011fl\u0131 olarak pil&#8230;<\/p>\n","protected":false},"featured_media":124114,"comment_status":"open","ping_status":"closed","template":"","meta":{"_kad_post_transparent":"","_kad_post_title":"","_kad_post_layout":"","_kad_post_sidebar_id":"","_kad_post_content_style":"","_kad_post_vertical_padding":"","_kad_post_feature":"","_kad_post_feature_position":"","_kad_post_header":false,"_kad_post_footer":false,"_kad_post_classname":""},"product_brand":[],"product_cat":[14935],"product_tag":[],"class_list":{"0":"post-124115","1":"product","2":"type-product","3":"status-publish","4":"has-post-thumbnail","6":"product_cat-akilli-saatler-akilli-saatler","8":"first","9":"instock","10":"purchasable","11":"product-type-simple","12":"entry","13":"content-bg","14":"loop-entry"},"_links":{"self":[{"href":"https:\/\/www.hediyepazar.com\/index.php?rest_route=\/wp\/v2\/product\/124115","targetHints":{"allow":["GET"]}}],"collection":[{"href":"https:\/\/www.hediyepazar.com\/index.php?rest_route=\/wp\/v2\/product"}],"about":[{"href":"https:\/\/www.hediyepazar.com\/index.php?rest_route=\/wp\/v2\/types\/product"}],"replies":[{"embeddable":true,"href":"https:\/\/www.hediyepazar.com\/index.php?rest_route=%2Fwp%2Fv2%2Fcomments&post=124115"}],"wp:featuredmedia":[{"embeddable":true,"href":"https:\/\/www.hediyepazar.com\/index.php?rest_route=\/wp\/v2\/media\/124114"}],"wp:attachment":[{"href":"https:\/\/www.hediyepazar.com\/index.php?rest_route=%2Fwp%2Fv2%2Fmedia&parent=124115"}],"wp:term":[{"taxonomy":"product_brand","embeddable":true,"href":"https:\/\/www.hediyepazar.com\/index.php?rest_route=%2Fwp%2Fv2%2Fproduct_brand&post=124115"},{"taxonomy":"product_cat","embeddable":true,"href":"https:\/\/www.hediyepazar.com\/index.php?rest_route=%2Fwp%2Fv2%2Fproduct_cat&post=124115"},{"taxonomy":"product_tag","embeddable":true,"href":"https:\/\/www.hediyepazar.com\/index.php?rest_route=%2Fwp%2Fv2%2Fproduct_tag&post=124115"}],"curies":[{"name":"wp","href":"https:\/\/api.w.org\/{rel}","templated":true}]}}