{"id":124119,"date":"2026-05-06T14:53:30","date_gmt":"2026-05-06T17:53:30","guid":{"rendered":"https:\/\/www.hediyepazar.com\/?product=dokunmatik-akilli-saat-sesli-asistan-ve-gps-ozellikli"},"modified":"2026-05-06T14:53:30","modified_gmt":"2026-05-06T17:53:30","slug":"dokunmatik-akilli-saat-sesli-asistan-ve-gps-ozellikli","status":"publish","type":"product","link":"https:\/\/www.hediyepazar.com\/?product=dokunmatik-akilli-saat-sesli-asistan-ve-gps-ozellikli","title":{"rendered":"Dokunmatik Ak\u0131ll\u0131 Saat Sesli Asistan ve GPS \u00d6zellikli"},"content":{"rendered":"<p>Dokunmatik ak\u0131ll\u0131 saat, sesli asistan ve GPS \u00f6zellikleri ile modern bir kullan\u0131m sunar. Bluetooth arama deste\u011fi sayesinde \u00e7a\u011fr\u0131lar kolayca y\u00f6netilebilir. SIM kart gerektirmeden \u00e7al\u0131\u015f\u0131r.200\u2013300 mAh batarya kapasitesi ile uzun s\u00fcreli kullan\u0131m sa\u011flar. G\u00fc\u00e7 tasarrufu modu sayesinde pil \u00f6mr\u00fc daha verimli hale getirilebilir.Uyku takibi, nefes e\u011fitimi, \u00e7oklu spor modu ve kronometre gibi fonksiyonlar g\u00fcnl\u00fck kullan\u0131mda pratiklik sa\u011flar. Saat, alarm ve hava durumu bilgileri ekrandan g\u00f6r\u00fcnt\u00fclenebilir.Telefon bul \u00f6zelli\u011fi ve \u015fifre korumas\u0131 ek g\u00fcvenlik sa\u011flar. G\u00fcnl\u00fck kullan\u0131m i\u00e7in fonksiyonel bir ak\u0131ll\u0131 saattir.<\/p>\n","protected":false},"excerpt":{"rendered":"<p>Dokunmatik ak\u0131ll\u0131 saat, sesli asistan ve GPS \u00f6zellikleri ile modern bir kullan\u0131m sunar. Bluetooth arama deste\u011fi sayesinde \u00e7a\u011fr\u0131lar kolayca y\u00f6netilebilir. SIM kart gerektirmeden \u00e7al\u0131\u015f\u0131r.200\u2013300 mAh batarya kapasitesi ile uzun s\u00fcreli kullan\u0131m sa\u011flar. G\u00fc\u00e7 tasarrufu modu sayesinde pil \u00f6mr\u00fc daha verimli hale getirilebilir.Uyku takibi, nefes e\u011fitimi, \u00e7oklu spor modu ve kronometre gibi fonksiyonlar g\u00fcnl\u00fck kullan\u0131mda pratiklik&#8230;<\/p>\n","protected":false},"featured_media":124118,"comment_status":"open","ping_status":"closed","template":"","meta":{"_kad_post_transparent":"","_kad_post_title":"","_kad_post_layout":"","_kad_post_sidebar_id":"","_kad_post_content_style":"","_kad_post_vertical_padding":"","_kad_post_feature":"","_kad_post_feature_position":"","_kad_post_header":false,"_kad_post_footer":false,"_kad_post_classname":""},"product_brand":[],"product_cat":[14935],"product_tag":[],"class_list":{"0":"post-124119","1":"product","2":"type-product","3":"status-publish","4":"has-post-thumbnail","6":"product_cat-akilli-saatler-akilli-saatler","8":"first","9":"instock","10":"purchasable","11":"product-type-simple","12":"entry","13":"content-bg","14":"loop-entry"},"_links":{"self":[{"href":"https:\/\/www.hediyepazar.com\/index.php?rest_route=\/wp\/v2\/product\/124119","targetHints":{"allow":["GET"]}}],"collection":[{"href":"https:\/\/www.hediyepazar.com\/index.php?rest_route=\/wp\/v2\/product"}],"about":[{"href":"https:\/\/www.hediyepazar.com\/index.php?rest_route=\/wp\/v2\/types\/product"}],"replies":[{"embeddable":true,"href":"https:\/\/www.hediyepazar.com\/index.php?rest_route=%2Fwp%2Fv2%2Fcomments&post=124119"}],"wp:featuredmedia":[{"embeddable":true,"href":"https:\/\/www.hediyepazar.com\/index.php?rest_route=\/wp\/v2\/media\/124118"}],"wp:attachment":[{"href":"https:\/\/www.hediyepazar.com\/index.php?rest_route=%2Fwp%2Fv2%2Fmedia&parent=124119"}],"wp:term":[{"taxonomy":"product_brand","embeddable":true,"href":"https:\/\/www.hediyepazar.com\/index.php?rest_route=%2Fwp%2Fv2%2Fproduct_brand&post=124119"},{"taxonomy":"product_cat","embeddable":true,"href":"https:\/\/www.hediyepazar.com\/index.php?rest_route=%2Fwp%2Fv2%2Fproduct_cat&post=124119"},{"taxonomy":"product_tag","embeddable":true,"href":"https:\/\/www.hediyepazar.com\/index.php?rest_route=%2Fwp%2Fv2%2Fproduct_tag&post=124119"}],"curies":[{"name":"wp","href":"https:\/\/api.w.org\/{rel}","templated":true}]}}