{"id":124121,"date":"2026-05-06T14:53:35","date_gmt":"2026-05-06T17:53:35","guid":{"rendered":"https:\/\/www.hediyepazar.com\/?product=coklu-spor-modlu-akilli-saat-bildirim-destekli-2"},"modified":"2026-05-06T14:53:35","modified_gmt":"2026-05-06T17:53:35","slug":"coklu-spor-modlu-akilli-saat-bildirim-destekli-2","status":"publish","type":"product","link":"https:\/\/www.hediyepazar.com\/?product=coklu-spor-modlu-akilli-saat-bildirim-destekli-2","title":{"rendered":"\u00c7oklu Spor Modlu Ak\u0131ll\u0131 Saat Bildirim Destekli"},"content":{"rendered":"<p>\u00c7oklu spor modlu ak\u0131ll\u0131 saat, g\u00fcnl\u00fck aktiviteler ve spor s\u0131ras\u0131nda kullan\u0131labilecek fonksiyonel \u00f6zellikler sunar. Spor modlar\u0131, kronometre ve uyku takibi ile kullan\u0131m \u00e7e\u015fitlili\u011fi sa\u011flar.Bluetooth arama \u00f6zelli\u011fi sayesinde telefonunuza gelen \u00e7a\u011fr\u0131lar\u0131 saat \u00fczerinden cevaplayabilirsiniz. Bildirim g\u00f6r\u00fcnt\u00fcleme \u00f6zelli\u011fi ile mesaj ve uygulama bildirimlerini ka\u00e7\u0131rmazs\u0131n\u0131z.GPS ve NFC deste\u011fi, teknolojik kullan\u0131m avantaj\u0131 sunar. iOS ve Android cihazlarla uyumlu yap\u0131s\u0131 sayesinde geni\u015f bir kullan\u0131c\u0131 kitlesine hitap eder.Uzaktan foto\u011fraf \u00e7ekme ve m\u00fczik kontrol\u00fc mobil uygulama \u00fczerinden kullan\u0131labilir. G\u00fcnl\u00fck hayat\u0131 kolayla\u015ft\u0131ran pratik bir ak\u0131ll\u0131 saat deneyimi sunar.<\/p>\n","protected":false},"excerpt":{"rendered":"<p>\u00c7oklu spor modlu ak\u0131ll\u0131 saat, g\u00fcnl\u00fck aktiviteler ve spor s\u0131ras\u0131nda kullan\u0131labilecek fonksiyonel \u00f6zellikler sunar. Spor modlar\u0131, kronometre ve uyku takibi ile kullan\u0131m \u00e7e\u015fitlili\u011fi sa\u011flar.Bluetooth arama \u00f6zelli\u011fi sayesinde telefonunuza gelen \u00e7a\u011fr\u0131lar\u0131 saat \u00fczerinden cevaplayabilirsiniz. Bildirim g\u00f6r\u00fcnt\u00fcleme \u00f6zelli\u011fi ile mesaj ve uygulama bildirimlerini ka\u00e7\u0131rmazs\u0131n\u0131z.GPS ve NFC deste\u011fi, teknolojik kullan\u0131m avantaj\u0131 sunar. iOS ve Android cihazlarla uyumlu yap\u0131s\u0131&#8230;<\/p>\n","protected":false},"featured_media":124120,"comment_status":"open","ping_status":"closed","template":"","meta":{"_kad_post_transparent":"","_kad_post_title":"","_kad_post_layout":"","_kad_post_sidebar_id":"","_kad_post_content_style":"","_kad_post_vertical_padding":"","_kad_post_feature":"","_kad_post_feature_position":"","_kad_post_header":false,"_kad_post_footer":false,"_kad_post_classname":""},"product_brand":[],"product_cat":[14935],"product_tag":[],"class_list":{"0":"post-124121","1":"product","2":"type-product","3":"status-publish","4":"has-post-thumbnail","6":"product_cat-akilli-saatler-akilli-saatler","8":"first","9":"instock","10":"purchasable","11":"product-type-simple","12":"entry","13":"content-bg","14":"loop-entry"},"_links":{"self":[{"href":"https:\/\/www.hediyepazar.com\/index.php?rest_route=\/wp\/v2\/product\/124121","targetHints":{"allow":["GET"]}}],"collection":[{"href":"https:\/\/www.hediyepazar.com\/index.php?rest_route=\/wp\/v2\/product"}],"about":[{"href":"https:\/\/www.hediyepazar.com\/index.php?rest_route=\/wp\/v2\/types\/product"}],"replies":[{"embeddable":true,"href":"https:\/\/www.hediyepazar.com\/index.php?rest_route=%2Fwp%2Fv2%2Fcomments&post=124121"}],"wp:featuredmedia":[{"embeddable":true,"href":"https:\/\/www.hediyepazar.com\/index.php?rest_route=\/wp\/v2\/media\/124120"}],"wp:attachment":[{"href":"https:\/\/www.hediyepazar.com\/index.php?rest_route=%2Fwp%2Fv2%2Fmedia&parent=124121"}],"wp:term":[{"taxonomy":"product_brand","embeddable":true,"href":"https:\/\/www.hediyepazar.com\/index.php?rest_route=%2Fwp%2Fv2%2Fproduct_brand&post=124121"},{"taxonomy":"product_cat","embeddable":true,"href":"https:\/\/www.hediyepazar.com\/index.php?rest_route=%2Fwp%2Fv2%2Fproduct_cat&post=124121"},{"taxonomy":"product_tag","embeddable":true,"href":"https:\/\/www.hediyepazar.com\/index.php?rest_route=%2Fwp%2Fv2%2Fproduct_tag&post=124121"}],"curies":[{"name":"wp","href":"https:\/\/api.w.org\/{rel}","templated":true}]}}