{"id":124125,"date":"2026-05-06T14:53:46","date_gmt":"2026-05-06T17:53:46","guid":{"rendered":"https:\/\/www.hediyepazar.com\/?product=bluetooth-arama-ozellikli-akilli-saat-cok-fonksiyonlu"},"modified":"2026-05-06T14:53:46","modified_gmt":"2026-05-06T17:53:46","slug":"bluetooth-arama-ozellikli-akilli-saat-cok-fonksiyonlu","status":"publish","type":"product","link":"https:\/\/www.hediyepazar.com\/?product=bluetooth-arama-ozellikli-akilli-saat-cok-fonksiyonlu","title":{"rendered":"Bluetooth Arama \u00d6zellikli Ak\u0131ll\u0131 Saat \u00c7ok Fonksiyonlu"},"content":{"rendered":"<p>Bluetooth arama \u00f6zellikli ak\u0131ll\u0131 saat, telefon kullan\u0131m\u0131n\u0131 daha pratik hale getirmek isteyen kullan\u0131c\u0131lar i\u00e7in tasarlanm\u0131\u015ft\u0131r. 500\u2019den fazla arama deste\u011fi ile geni\u015f bir kullan\u0131m alan\u0131 sunar. SIM kart veya haf\u0131za kart\u0131 gerektirmeden \u00e7al\u0131\u015f\u0131r.GPS ve NFC \u00f6zellikleri sayesinde teknolojik kullan\u0131m deneyimi sa\u011flar. iOS 10.0 ve \u00fczeri ile Android 4.4 ve \u00fcst\u00fc cihazlarla uyumludur. Dokunmatik ekran\u0131 sayesinde men\u00fcler aras\u0131nda h\u0131zl\u0131 ge\u00e7i\u015f yap\u0131labilir.Uyku takibi, \u00e7oklu spor modu, kronometre ve parlakl\u0131k ayar\u0131 gibi fonksiyonlar g\u00fcnl\u00fck kullan\u0131m\u0131 destekler. Bildirim g\u00f6r\u00fcnt\u00fcleme \u00f6zelli\u011fi ile mesajlar ve uygulama uyar\u0131lar\u0131 kolayca takip edilebilir.\u015eifre korumas\u0131 ve telefon bul \u00f6zelli\u011fi ek g\u00fcvenlik ve pratiklik sa\u011flar. G\u00fcnl\u00fck kullan\u0131m i\u00e7in fonksiyonel ve kullan\u0131\u015fl\u0131 bir ak\u0131ll\u0131 saat se\u00e7ene\u011fidir.<\/p>\n","protected":false},"excerpt":{"rendered":"<p>Bluetooth arama \u00f6zellikli ak\u0131ll\u0131 saat, telefon kullan\u0131m\u0131n\u0131 daha pratik hale getirmek isteyen kullan\u0131c\u0131lar i\u00e7in tasarlanm\u0131\u015ft\u0131r. 500\u2019den fazla arama deste\u011fi ile geni\u015f bir kullan\u0131m alan\u0131 sunar. SIM kart veya haf\u0131za kart\u0131 gerektirmeden \u00e7al\u0131\u015f\u0131r.GPS ve NFC \u00f6zellikleri sayesinde teknolojik kullan\u0131m deneyimi sa\u011flar. iOS 10.0 ve \u00fczeri ile Android 4.4 ve \u00fcst\u00fc cihazlarla uyumludur. Dokunmatik ekran\u0131 sayesinde men\u00fcler&#8230;<\/p>\n","protected":false},"featured_media":124124,"comment_status":"open","ping_status":"closed","template":"","meta":{"_kad_post_transparent":"","_kad_post_title":"","_kad_post_layout":"","_kad_post_sidebar_id":"","_kad_post_content_style":"","_kad_post_vertical_padding":"","_kad_post_feature":"","_kad_post_feature_position":"","_kad_post_header":false,"_kad_post_footer":false,"_kad_post_classname":""},"product_brand":[],"product_cat":[14935],"product_tag":[],"class_list":{"0":"post-124125","1":"product","2":"type-product","3":"status-publish","4":"has-post-thumbnail","6":"product_cat-akilli-saatler-akilli-saatler","8":"first","9":"instock","10":"purchasable","11":"product-type-simple","12":"entry","13":"content-bg","14":"loop-entry"},"_links":{"self":[{"href":"https:\/\/www.hediyepazar.com\/index.php?rest_route=\/wp\/v2\/product\/124125","targetHints":{"allow":["GET"]}}],"collection":[{"href":"https:\/\/www.hediyepazar.com\/index.php?rest_route=\/wp\/v2\/product"}],"about":[{"href":"https:\/\/www.hediyepazar.com\/index.php?rest_route=\/wp\/v2\/types\/product"}],"replies":[{"embeddable":true,"href":"https:\/\/www.hediyepazar.com\/index.php?rest_route=%2Fwp%2Fv2%2Fcomments&post=124125"}],"wp:featuredmedia":[{"embeddable":true,"href":"https:\/\/www.hediyepazar.com\/index.php?rest_route=\/wp\/v2\/media\/124124"}],"wp:attachment":[{"href":"https:\/\/www.hediyepazar.com\/index.php?rest_route=%2Fwp%2Fv2%2Fmedia&parent=124125"}],"wp:term":[{"taxonomy":"product_brand","embeddable":true,"href":"https:\/\/www.hediyepazar.com\/index.php?rest_route=%2Fwp%2Fv2%2Fproduct_brand&post=124125"},{"taxonomy":"product_cat","embeddable":true,"href":"https:\/\/www.hediyepazar.com\/index.php?rest_route=%2Fwp%2Fv2%2Fproduct_cat&post=124125"},{"taxonomy":"product_tag","embeddable":true,"href":"https:\/\/www.hediyepazar.com\/index.php?rest_route=%2Fwp%2Fv2%2Fproduct_tag&post=124125"}],"curies":[{"name":"wp","href":"https:\/\/api.w.org\/{rel}","templated":true}]}}