{"id":124131,"date":"2026-05-06T14:54:12","date_gmt":"2026-05-06T17:54:12","guid":{"rendered":"https:\/\/www.hediyepazar.com\/?product=dokunmatik-akilli-saat-spor-ve-gunluk-kullanim"},"modified":"2026-05-06T14:54:12","modified_gmt":"2026-05-06T17:54:12","slug":"dokunmatik-akilli-saat-spor-ve-gunluk-kullanim","status":"publish","type":"product","link":"https:\/\/www.hediyepazar.com\/?product=dokunmatik-akilli-saat-spor-ve-gunluk-kullanim","title":{"rendered":"Dokunmatik Ak\u0131ll\u0131 Saat Spor ve G\u00fcnl\u00fck Kullan\u0131m"},"content":{"rendered":"<p>Dokunmatik ak\u0131ll\u0131 saat, g\u00fcnl\u00fck kullan\u0131m ve spor aktiviteleri i\u00e7in ideal bir tasar\u0131ma sahiptir. Geni\u015f ekran\u0131 sayesinde kolay g\u00f6r\u00fcnt\u00fcleme sa\u011flar. \u015e\u0131k ve modern tasar\u0131m\u0131 ile dikkat \u00e7eker.IP67 suya dayan\u0131kl\u0131 yap\u0131s\u0131, g\u00fcnl\u00fck kullan\u0131mda ekstra koruma sunar. Manyetik \u015farj \u00f6zelli\u011fi sayesinde kolay \u015farj edilebilir. Uzun pil \u00f6mr\u00fc ile kullan\u0131m konforu sa\u011flar.Hafif ve ergonomik yap\u0131s\u0131 sayesinde bilekte rahat bir kullan\u0131m sunar. iOS ve Android cihazlarla uyumlu yap\u0131s\u0131 sayesinde geni\u015f kullan\u0131c\u0131 kitlesine hitap eder.G\u00fcnl\u00fck hayatta fonksiyonel bir ak\u0131ll\u0131 saat arayanlar i\u00e7in ideal bir tercihtir.<\/p>\n","protected":false},"excerpt":{"rendered":"<p>Dokunmatik ak\u0131ll\u0131 saat, g\u00fcnl\u00fck kullan\u0131m ve spor aktiviteleri i\u00e7in ideal bir tasar\u0131ma sahiptir. Geni\u015f ekran\u0131 sayesinde kolay g\u00f6r\u00fcnt\u00fcleme sa\u011flar. \u015e\u0131k ve modern tasar\u0131m\u0131 ile dikkat \u00e7eker.IP67 suya dayan\u0131kl\u0131 yap\u0131s\u0131, g\u00fcnl\u00fck kullan\u0131mda ekstra koruma sunar. Manyetik \u015farj \u00f6zelli\u011fi sayesinde kolay \u015farj edilebilir. Uzun pil \u00f6mr\u00fc ile kullan\u0131m konforu sa\u011flar.Hafif ve ergonomik yap\u0131s\u0131 sayesinde bilekte rahat bir&#8230;<\/p>\n","protected":false},"featured_media":124130,"comment_status":"open","ping_status":"closed","template":"","meta":{"_kad_post_transparent":"","_kad_post_title":"","_kad_post_layout":"","_kad_post_sidebar_id":"","_kad_post_content_style":"","_kad_post_vertical_padding":"","_kad_post_feature":"","_kad_post_feature_position":"","_kad_post_header":false,"_kad_post_footer":false,"_kad_post_classname":""},"product_brand":[],"product_cat":[14935],"product_tag":[],"class_list":{"0":"post-124131","1":"product","2":"type-product","3":"status-publish","4":"has-post-thumbnail","6":"product_cat-akilli-saatler-akilli-saatler","8":"first","9":"instock","10":"purchasable","11":"product-type-simple","12":"entry","13":"content-bg","14":"loop-entry"},"_links":{"self":[{"href":"https:\/\/www.hediyepazar.com\/index.php?rest_route=\/wp\/v2\/product\/124131","targetHints":{"allow":["GET"]}}],"collection":[{"href":"https:\/\/www.hediyepazar.com\/index.php?rest_route=\/wp\/v2\/product"}],"about":[{"href":"https:\/\/www.hediyepazar.com\/index.php?rest_route=\/wp\/v2\/types\/product"}],"replies":[{"embeddable":true,"href":"https:\/\/www.hediyepazar.com\/index.php?rest_route=%2Fwp%2Fv2%2Fcomments&post=124131"}],"wp:featuredmedia":[{"embeddable":true,"href":"https:\/\/www.hediyepazar.com\/index.php?rest_route=\/wp\/v2\/media\/124130"}],"wp:attachment":[{"href":"https:\/\/www.hediyepazar.com\/index.php?rest_route=%2Fwp%2Fv2%2Fmedia&parent=124131"}],"wp:term":[{"taxonomy":"product_brand","embeddable":true,"href":"https:\/\/www.hediyepazar.com\/index.php?rest_route=%2Fwp%2Fv2%2Fproduct_brand&post=124131"},{"taxonomy":"product_cat","embeddable":true,"href":"https:\/\/www.hediyepazar.com\/index.php?rest_route=%2Fwp%2Fv2%2Fproduct_cat&post=124131"},{"taxonomy":"product_tag","embeddable":true,"href":"https:\/\/www.hediyepazar.com\/index.php?rest_route=%2Fwp%2Fv2%2Fproduct_tag&post=124131"}],"curies":[{"name":"wp","href":"https:\/\/api.w.org\/{rel}","templated":true}]}}