{"id":124133,"date":"2026-05-06T14:54:16","date_gmt":"2026-05-06T17:54:16","guid":{"rendered":"https:\/\/www.hediyepazar.com\/?product=genis-ekranli-akilli-saat-sik-ve-modern-tasarim"},"modified":"2026-05-06T14:54:16","modified_gmt":"2026-05-06T17:54:16","slug":"genis-ekranli-akilli-saat-sik-ve-modern-tasarim","status":"publish","type":"product","link":"https:\/\/www.hediyepazar.com\/?product=genis-ekranli-akilli-saat-sik-ve-modern-tasarim","title":{"rendered":"Geni\u015f Ekranl\u0131 Ak\u0131ll\u0131 Saat \u015e\u0131k ve Modern Tasar\u0131m"},"content":{"rendered":"<p>Geni\u015f ekranl\u0131 ak\u0131ll\u0131 saat, net g\u00f6r\u00fcnt\u00fc kalitesi ve dokunmatik yap\u0131s\u0131 ile kullan\u0131m kolayl\u0131\u011f\u0131 sunar. Bildirimleri ekrandan anl\u0131k olarak takip edebilme imk\u00e2n\u0131 sa\u011flar.IP67 suya dayan\u0131kl\u0131 yap\u0131s\u0131, g\u00fcnl\u00fck aktivitelerde g\u00fcvenli kullan\u0131m sunar. Manyetik \u015farj sistemi ile pratik \u015farj imk\u00e2n\u0131 sa\u011flar. Uzun pil \u00f6mr\u00fc sayesinde g\u00fcnl\u00fck kullan\u0131mda avantaj sa\u011flar.\u015eeffaf kasa ve modern tasar\u0131m\u0131 ile dikkat \u00e7eker. Hafif yap\u0131s\u0131 sayesinde uzun s\u00fcreli kullan\u0131mda konfor sa\u011flar. G\u00fcnl\u00fck kombinlerle uyumludur.Ak\u0131ll\u0131 saat, hem fonksiyonel hem de \u015f\u0131k bir kullan\u0131m deneyimi sunar.<\/p>\n","protected":false},"excerpt":{"rendered":"<p>Geni\u015f ekranl\u0131 ak\u0131ll\u0131 saat, net g\u00f6r\u00fcnt\u00fc kalitesi ve dokunmatik yap\u0131s\u0131 ile kullan\u0131m kolayl\u0131\u011f\u0131 sunar. Bildirimleri ekrandan anl\u0131k olarak takip edebilme imk\u00e2n\u0131 sa\u011flar.IP67 suya dayan\u0131kl\u0131 yap\u0131s\u0131, g\u00fcnl\u00fck aktivitelerde g\u00fcvenli kullan\u0131m sunar. Manyetik \u015farj sistemi ile pratik \u015farj imk\u00e2n\u0131 sa\u011flar. Uzun pil \u00f6mr\u00fc sayesinde g\u00fcnl\u00fck kullan\u0131mda avantaj sa\u011flar.\u015eeffaf kasa ve modern tasar\u0131m\u0131 ile dikkat \u00e7eker. Hafif yap\u0131s\u0131&#8230;<\/p>\n","protected":false},"featured_media":124132,"comment_status":"open","ping_status":"closed","template":"","meta":{"_kad_post_transparent":"","_kad_post_title":"","_kad_post_layout":"","_kad_post_sidebar_id":"","_kad_post_content_style":"","_kad_post_vertical_padding":"","_kad_post_feature":"","_kad_post_feature_position":"","_kad_post_header":false,"_kad_post_footer":false,"_kad_post_classname":""},"product_brand":[],"product_cat":[14935],"product_tag":[],"class_list":{"0":"post-124133","1":"product","2":"type-product","3":"status-publish","4":"has-post-thumbnail","6":"product_cat-akilli-saatler-akilli-saatler","8":"first","9":"instock","10":"purchasable","11":"product-type-simple","12":"entry","13":"content-bg","14":"loop-entry"},"_links":{"self":[{"href":"https:\/\/www.hediyepazar.com\/index.php?rest_route=\/wp\/v2\/product\/124133","targetHints":{"allow":["GET"]}}],"collection":[{"href":"https:\/\/www.hediyepazar.com\/index.php?rest_route=\/wp\/v2\/product"}],"about":[{"href":"https:\/\/www.hediyepazar.com\/index.php?rest_route=\/wp\/v2\/types\/product"}],"replies":[{"embeddable":true,"href":"https:\/\/www.hediyepazar.com\/index.php?rest_route=%2Fwp%2Fv2%2Fcomments&post=124133"}],"wp:featuredmedia":[{"embeddable":true,"href":"https:\/\/www.hediyepazar.com\/index.php?rest_route=\/wp\/v2\/media\/124132"}],"wp:attachment":[{"href":"https:\/\/www.hediyepazar.com\/index.php?rest_route=%2Fwp%2Fv2%2Fmedia&parent=124133"}],"wp:term":[{"taxonomy":"product_brand","embeddable":true,"href":"https:\/\/www.hediyepazar.com\/index.php?rest_route=%2Fwp%2Fv2%2Fproduct_brand&post=124133"},{"taxonomy":"product_cat","embeddable":true,"href":"https:\/\/www.hediyepazar.com\/index.php?rest_route=%2Fwp%2Fv2%2Fproduct_cat&post=124133"},{"taxonomy":"product_tag","embeddable":true,"href":"https:\/\/www.hediyepazar.com\/index.php?rest_route=%2Fwp%2Fv2%2Fproduct_tag&post=124133"}],"curies":[{"name":"wp","href":"https:\/\/api.w.org\/{rel}","templated":true}]}}