{"id":124135,"date":"2026-05-06T14:54:20","date_gmt":"2026-05-06T17:54:20","guid":{"rendered":"https:\/\/www.hediyepazar.com\/?product=manyetik-sarjli-akilli-saat-ios-android-uyumlu"},"modified":"2026-05-06T14:54:20","modified_gmt":"2026-05-06T17:54:20","slug":"manyetik-sarjli-akilli-saat-ios-android-uyumlu","status":"publish","type":"product","link":"https:\/\/www.hediyepazar.com\/?product=manyetik-sarjli-akilli-saat-ios-android-uyumlu","title":{"rendered":"Manyetik \u015earjl\u0131 Ak\u0131ll\u0131 Saat iOS Android Uyumlu"},"content":{"rendered":"<p>Manyetik \u015farjl\u0131 ak\u0131ll\u0131 saat, pratik kullan\u0131m ve \u015f\u0131k tasar\u0131m\u0131 bir arada sunar. Dokunmatik ekran\u0131 sayesinde t\u00fcm i\u015flemler kolayca yap\u0131labilir. Geni\u015f ekran yap\u0131s\u0131 sayesinde i\u00e7erikler rahat\u00e7a g\u00f6r\u00fcnt\u00fclenir.IP67 suya dayan\u0131kl\u0131 \u00f6zelli\u011fi ile g\u00fcnl\u00fck kullan\u0131mda ekstra g\u00fcven sunar. Uzun pil \u00f6mr\u00fc sayesinde tek \u015farjla g\u00fcnlerce kullan\u0131m imk\u00e2n\u0131 sa\u011flar. Manyetik \u015farj kablosu ile h\u0131zl\u0131 ve kolay \u015farj edilir.\u015eeffaf kasa tasar\u0131m\u0131, ak\u0131ll\u0131 saate modern bir g\u00f6r\u00fcn\u00fcm kazand\u0131r\u0131r. Hafif ve ergonomik yap\u0131s\u0131 bilekte konfor sa\u011flar. G\u00fcnl\u00fck ve sportif kullan\u0131ma uygundur.Ak\u0131ll\u0131 telefonlarla uyumlu yap\u0131s\u0131 sayesinde pratik bir kullan\u0131m deneyimi sunar.<\/p>\n","protected":false},"excerpt":{"rendered":"<p>Manyetik \u015farjl\u0131 ak\u0131ll\u0131 saat, pratik kullan\u0131m ve \u015f\u0131k tasar\u0131m\u0131 bir arada sunar. Dokunmatik ekran\u0131 sayesinde t\u00fcm i\u015flemler kolayca yap\u0131labilir. Geni\u015f ekran yap\u0131s\u0131 sayesinde i\u00e7erikler rahat\u00e7a g\u00f6r\u00fcnt\u00fclenir.IP67 suya dayan\u0131kl\u0131 \u00f6zelli\u011fi ile g\u00fcnl\u00fck kullan\u0131mda ekstra g\u00fcven sunar. Uzun pil \u00f6mr\u00fc sayesinde tek \u015farjla g\u00fcnlerce kullan\u0131m imk\u00e2n\u0131 sa\u011flar. Manyetik \u015farj kablosu ile h\u0131zl\u0131 ve kolay \u015farj edilir.\u015eeffaf kasa&#8230;<\/p>\n","protected":false},"featured_media":124134,"comment_status":"open","ping_status":"closed","template":"","meta":{"_kad_post_transparent":"","_kad_post_title":"","_kad_post_layout":"","_kad_post_sidebar_id":"","_kad_post_content_style":"","_kad_post_vertical_padding":"","_kad_post_feature":"","_kad_post_feature_position":"","_kad_post_header":false,"_kad_post_footer":false,"_kad_post_classname":""},"product_brand":[],"product_cat":[14935],"product_tag":[],"class_list":{"0":"post-124135","1":"product","2":"type-product","3":"status-publish","4":"has-post-thumbnail","6":"product_cat-akilli-saatler-akilli-saatler","8":"first","9":"instock","10":"purchasable","11":"product-type-simple","12":"entry","13":"content-bg","14":"loop-entry"},"_links":{"self":[{"href":"https:\/\/www.hediyepazar.com\/index.php?rest_route=\/wp\/v2\/product\/124135","targetHints":{"allow":["GET"]}}],"collection":[{"href":"https:\/\/www.hediyepazar.com\/index.php?rest_route=\/wp\/v2\/product"}],"about":[{"href":"https:\/\/www.hediyepazar.com\/index.php?rest_route=\/wp\/v2\/types\/product"}],"replies":[{"embeddable":true,"href":"https:\/\/www.hediyepazar.com\/index.php?rest_route=%2Fwp%2Fv2%2Fcomments&post=124135"}],"wp:featuredmedia":[{"embeddable":true,"href":"https:\/\/www.hediyepazar.com\/index.php?rest_route=\/wp\/v2\/media\/124134"}],"wp:attachment":[{"href":"https:\/\/www.hediyepazar.com\/index.php?rest_route=%2Fwp%2Fv2%2Fmedia&parent=124135"}],"wp:term":[{"taxonomy":"product_brand","embeddable":true,"href":"https:\/\/www.hediyepazar.com\/index.php?rest_route=%2Fwp%2Fv2%2Fproduct_brand&post=124135"},{"taxonomy":"product_cat","embeddable":true,"href":"https:\/\/www.hediyepazar.com\/index.php?rest_route=%2Fwp%2Fv2%2Fproduct_cat&post=124135"},{"taxonomy":"product_tag","embeddable":true,"href":"https:\/\/www.hediyepazar.com\/index.php?rest_route=%2Fwp%2Fv2%2Fproduct_tag&post=124135"}],"curies":[{"name":"wp","href":"https:\/\/api.w.org\/{rel}","templated":true}]}}