{"id":124137,"date":"2026-05-06T14:54:58","date_gmt":"2026-05-06T17:54:58","guid":{"rendered":"https:\/\/www.hediyepazar.com\/?product=ip67-suya-dayanikli-akilli-saat-uzun-pil-omurlu"},"modified":"2026-05-06T14:54:58","modified_gmt":"2026-05-06T17:54:58","slug":"ip67-suya-dayanikli-akilli-saat-uzun-pil-omurlu","status":"publish","type":"product","link":"https:\/\/www.hediyepazar.com\/?product=ip67-suya-dayanikli-akilli-saat-uzun-pil-omurlu","title":{"rendered":"IP67 Suya Dayan\u0131kl\u0131 Ak\u0131ll\u0131 Saat Uzun Pil \u00d6m\u00fcrl\u00fc"},"content":{"rendered":"<p>IP67 suya dayan\u0131kl\u0131 ak\u0131ll\u0131 saat, g\u00fcnl\u00fck ya\u015fam\u0131n temposuna uyum sa\u011flayacak \u015fekilde tasarlanm\u0131\u015ft\u0131r. Dokunmatik ekran\u0131 net ve ak\u0131c\u0131 bir kullan\u0131m sunar. Bildirimleri ekrandan kolayca takip etme imk\u00e2n\u0131 sa\u011flar.Manyetik \u015farj sistemi ile pratik kullan\u0131m sunar. Uzun pil \u00f6mr\u00fc sayesinde g\u00fcnl\u00fck kullan\u0131mda konfor sa\u011flar. \u015earj s\u00fcresi k\u0131sa olup verimli kullan\u0131m sunar.\u015eeffaf kasa tasar\u0131m\u0131 modern ve dikkat \u00e7ekici bir g\u00f6r\u00fcn\u00fcm olu\u015fturur. Hafif yap\u0131s\u0131 sayesinde bilekte a\u011f\u0131rl\u0131k yapmaz. G\u00fcnl\u00fck kullan\u0131m ve spor aktiviteleri i\u00e7in uygundur.iOS ve Android cihazlarla uyumludur. G\u00fcnl\u00fck hayatta hem fonksiyon hem de estetik arayan kullan\u0131c\u0131lar i\u00e7in ideal bir ak\u0131ll\u0131 saattir.<\/p>\n","protected":false},"excerpt":{"rendered":"<p>IP67 suya dayan\u0131kl\u0131 ak\u0131ll\u0131 saat, g\u00fcnl\u00fck ya\u015fam\u0131n temposuna uyum sa\u011flayacak \u015fekilde tasarlanm\u0131\u015ft\u0131r. Dokunmatik ekran\u0131 net ve ak\u0131c\u0131 bir kullan\u0131m sunar. Bildirimleri ekrandan kolayca takip etme imk\u00e2n\u0131 sa\u011flar.Manyetik \u015farj sistemi ile pratik kullan\u0131m sunar. Uzun pil \u00f6mr\u00fc sayesinde g\u00fcnl\u00fck kullan\u0131mda konfor sa\u011flar. \u015earj s\u00fcresi k\u0131sa olup verimli kullan\u0131m sunar.\u015eeffaf kasa tasar\u0131m\u0131 modern ve dikkat \u00e7ekici bir&#8230;<\/p>\n","protected":false},"featured_media":124136,"comment_status":"open","ping_status":"closed","template":"","meta":{"_kad_post_transparent":"","_kad_post_title":"","_kad_post_layout":"","_kad_post_sidebar_id":"","_kad_post_content_style":"","_kad_post_vertical_padding":"","_kad_post_feature":"","_kad_post_feature_position":"","_kad_post_header":false,"_kad_post_footer":false,"_kad_post_classname":""},"product_brand":[],"product_cat":[14935],"product_tag":[],"class_list":{"0":"post-124137","1":"product","2":"type-product","3":"status-publish","4":"has-post-thumbnail","6":"product_cat-akilli-saatler-akilli-saatler","8":"first","9":"instock","10":"purchasable","11":"product-type-simple","12":"entry","13":"content-bg","14":"loop-entry"},"_links":{"self":[{"href":"https:\/\/www.hediyepazar.com\/index.php?rest_route=\/wp\/v2\/product\/124137","targetHints":{"allow":["GET"]}}],"collection":[{"href":"https:\/\/www.hediyepazar.com\/index.php?rest_route=\/wp\/v2\/product"}],"about":[{"href":"https:\/\/www.hediyepazar.com\/index.php?rest_route=\/wp\/v2\/types\/product"}],"replies":[{"embeddable":true,"href":"https:\/\/www.hediyepazar.com\/index.php?rest_route=%2Fwp%2Fv2%2Fcomments&post=124137"}],"wp:featuredmedia":[{"embeddable":true,"href":"https:\/\/www.hediyepazar.com\/index.php?rest_route=\/wp\/v2\/media\/124136"}],"wp:attachment":[{"href":"https:\/\/www.hediyepazar.com\/index.php?rest_route=%2Fwp%2Fv2%2Fmedia&parent=124137"}],"wp:term":[{"taxonomy":"product_brand","embeddable":true,"href":"https:\/\/www.hediyepazar.com\/index.php?rest_route=%2Fwp%2Fv2%2Fproduct_brand&post=124137"},{"taxonomy":"product_cat","embeddable":true,"href":"https:\/\/www.hediyepazar.com\/index.php?rest_route=%2Fwp%2Fv2%2Fproduct_cat&post=124137"},{"taxonomy":"product_tag","embeddable":true,"href":"https:\/\/www.hediyepazar.com\/index.php?rest_route=%2Fwp%2Fv2%2Fproduct_tag&post=124137"}],"curies":[{"name":"wp","href":"https:\/\/api.w.org\/{rel}","templated":true}]}}