{"id":124143,"date":"2026-05-06T14:55:15","date_gmt":"2026-05-06T17:55:15","guid":{"rendered":"https:\/\/www.hediyepazar.com\/?product=titresim-ve-isi-ozellikli-masaj-kemeri-ayarlanabilir"},"modified":"2026-05-06T14:55:15","modified_gmt":"2026-05-06T17:55:15","slug":"titresim-ve-isi-ozellikli-masaj-kemeri-ayarlanabilir","status":"publish","type":"product","link":"https:\/\/www.hediyepazar.com\/?product=titresim-ve-isi-ozellikli-masaj-kemeri-ayarlanabilir","title":{"rendered":"Titre\u015fim ve Is\u0131 \u00d6zellikli Masaj Kemeri Ayarlanabilir"},"content":{"rendered":"<p>Titre\u015fim ve \u0131s\u0131 \u00f6zellikli masaj kemeri, g\u00fcnl\u00fck kullan\u0131m i\u00e7in tasarlanm\u0131\u015f konfor odakl\u0131 bir \u00fcr\u00fcnd\u00fcr. Bel b\u00f6lgesinde kullan\u0131lmak \u00fczere geli\u015ftirilmi\u015f olsa da boyun, bacak ve kar\u0131n b\u00f6lgesine uyum sa\u011flayan yap\u0131s\u0131 sayesinde \u00e7ok ama\u00e7l\u0131 kullan\u0131m sunar.Ayarlanabilir kemer tasar\u0131m\u0131, v\u00fccuda rahat\u00e7a oturur ve kullan\u0131m s\u0131ras\u0131nda sabit kal\u0131r. Dijital kontrol paneli ile masaj modlar\u0131 ve s\u0131cakl\u0131k seviyesi pratik \u015fekilde ayarlanabilir. Kullan\u0131m\u0131 son derece basittir.Titre\u015fimli masaj sistemi, rahatlat\u0131c\u0131 bir deneyim sunarken \u0131s\u0131tma fonksiyonu konforu art\u0131r\u0131r. Sessiz \u00e7al\u0131\u015fmas\u0131 sayesinde kullan\u0131m s\u0131ras\u0131nda \u00e7evreyi rahats\u0131z etmez.Nefes alabilen kuma\u015f yap\u0131s\u0131, uzun s\u00fcreli kullan\u0131mda konfor sa\u011flar. Dayan\u0131kl\u0131 malzemeden \u00fcretilmi\u015ftir ve g\u00fcnl\u00fck kullan\u0131ma uygundur.Masaj kemeri, evde dinlenme anlar\u0131n\u0131 daha keyifli hale getirmek isteyenler i\u00e7in ideal bir yard\u0131mc\u0131d\u0131r.<\/p>\n","protected":false},"excerpt":{"rendered":"<p>Titre\u015fim ve \u0131s\u0131 \u00f6zellikli masaj kemeri, g\u00fcnl\u00fck kullan\u0131m i\u00e7in tasarlanm\u0131\u015f konfor odakl\u0131 bir \u00fcr\u00fcnd\u00fcr. Bel b\u00f6lgesinde kullan\u0131lmak \u00fczere geli\u015ftirilmi\u015f olsa da boyun, bacak ve kar\u0131n b\u00f6lgesine uyum sa\u011flayan yap\u0131s\u0131 sayesinde \u00e7ok ama\u00e7l\u0131 kullan\u0131m sunar.Ayarlanabilir kemer tasar\u0131m\u0131, v\u00fccuda rahat\u00e7a oturur ve kullan\u0131m s\u0131ras\u0131nda sabit kal\u0131r. Dijital kontrol paneli ile masaj modlar\u0131 ve s\u0131cakl\u0131k seviyesi pratik \u015fekilde&#8230;<\/p>\n","protected":false},"featured_media":124142,"comment_status":"open","ping_status":"closed","template":"","meta":{"_kad_post_transparent":"","_kad_post_title":"","_kad_post_layout":"","_kad_post_sidebar_id":"","_kad_post_content_style":"","_kad_post_vertical_padding":"","_kad_post_feature":"","_kad_post_feature_position":"","_kad_post_header":false,"_kad_post_footer":false,"_kad_post_classname":""},"product_brand":[],"product_cat":[14939],"product_tag":[],"class_list":{"0":"post-124143","1":"product","2":"type-product","3":"status-publish","4":"has-post-thumbnail","6":"product_cat-masaj-cihazi-masaj-cihazi","8":"first","9":"instock","10":"purchasable","11":"product-type-simple","12":"entry","13":"content-bg","14":"loop-entry"},"_links":{"self":[{"href":"https:\/\/www.hediyepazar.com\/index.php?rest_route=\/wp\/v2\/product\/124143","targetHints":{"allow":["GET"]}}],"collection":[{"href":"https:\/\/www.hediyepazar.com\/index.php?rest_route=\/wp\/v2\/product"}],"about":[{"href":"https:\/\/www.hediyepazar.com\/index.php?rest_route=\/wp\/v2\/types\/product"}],"replies":[{"embeddable":true,"href":"https:\/\/www.hediyepazar.com\/index.php?rest_route=%2Fwp%2Fv2%2Fcomments&post=124143"}],"wp:featuredmedia":[{"embeddable":true,"href":"https:\/\/www.hediyepazar.com\/index.php?rest_route=\/wp\/v2\/media\/124142"}],"wp:attachment":[{"href":"https:\/\/www.hediyepazar.com\/index.php?rest_route=%2Fwp%2Fv2%2Fmedia&parent=124143"}],"wp:term":[{"taxonomy":"product_brand","embeddable":true,"href":"https:\/\/www.hediyepazar.com\/index.php?rest_route=%2Fwp%2Fv2%2Fproduct_brand&post=124143"},{"taxonomy":"product_cat","embeddable":true,"href":"https:\/\/www.hediyepazar.com\/index.php?rest_route=%2Fwp%2Fv2%2Fproduct_cat&post=124143"},{"taxonomy":"product_tag","embeddable":true,"href":"https:\/\/www.hediyepazar.com\/index.php?rest_route=%2Fwp%2Fv2%2Fproduct_tag&post=124143"}],"curies":[{"name":"wp","href":"https:\/\/api.w.org\/{rel}","templated":true}]}}