{"id":124145,"date":"2026-05-06T14:55:21","date_gmt":"2026-05-06T17:55:21","guid":{"rendered":"https:\/\/www.hediyepazar.com\/?product=isitmali-masajli-bel-destek-kemeri-ev-tipi-kullanim"},"modified":"2026-05-06T14:55:21","modified_gmt":"2026-05-06T17:55:21","slug":"isitmali-masajli-bel-destek-kemeri-ev-tipi-kullanim","status":"publish","type":"product","link":"https:\/\/www.hediyepazar.com\/?product=isitmali-masajli-bel-destek-kemeri-ev-tipi-kullanim","title":{"rendered":"Is\u0131tmal\u0131 Masajl\u0131 Bel Destek Kemeri Ev Tipi Kullan\u0131m"},"content":{"rendered":"<p>Is\u0131tmal\u0131 ve titre\u015fimli masaj kemeri, v\u00fccut konforunu art\u0131rmak amac\u0131yla tasarlanm\u0131\u015f fonksiyonel bir \u00fcr\u00fcnd\u00fcr. Bel b\u00f6lgesine \u00f6zel olarak geli\u015ftirilmi\u015f yap\u0131s\u0131, ayn\u0131 zamanda boyun, bacak ve kar\u0131n b\u00f6lgesinde de kullan\u0131labilir. \u00c7ok y\u00f6nl\u00fc tasar\u0131m\u0131 sayesinde evde pratik bir masaj deneyimi sunar.Titre\u015fimli masaj fonksiyonu, kullan\u0131m s\u0131ras\u0131nda rahatlat\u0131c\u0131 bir his olu\u015fturur. Is\u0131tma \u00f6zelli\u011fi ile birle\u015fti\u011finde daha konforlu bir kullan\u0131m sa\u011flar. Dijital kontrol paneli sayesinde ayarlar kolayca yap\u0131labilir.Ayarlanabilir kemer yap\u0131s\u0131, farkl\u0131 beden \u00f6l\u00e7\u00fclerine uyum sa\u011flar. Nefes alabilen kuma\u015f\u0131, uzun s\u00fcreli kullan\u0131mda bile rahats\u0131zl\u0131k hissini minimumda tutar. Ergonomik tasar\u0131m\u0131 sayesinde v\u00fccuda tam oturur.Sessiz \u00e7al\u0131\u015fma \u00f6zelli\u011fi, \u00fcr\u00fcn\u00fc evde veya ofiste rahatl\u0131kla kullanabilmenize olanak tan\u0131r. Kompakt yap\u0131s\u0131 sayesinde saklamas\u0131 kolayd\u0131r.Masaj kemeri, g\u00fcn\u00fcn yorgunlu\u011funu atmak ve kendinize zaman ay\u0131rmak isteyen kullan\u0131c\u0131lar i\u00e7in pratik ve kullan\u0131\u015fl\u0131 bir \u00e7\u00f6z\u00fcmd\u00fcr.<\/p>\n","protected":false},"excerpt":{"rendered":"<p>Is\u0131tmal\u0131 ve titre\u015fimli masaj kemeri, v\u00fccut konforunu art\u0131rmak amac\u0131yla tasarlanm\u0131\u015f fonksiyonel bir \u00fcr\u00fcnd\u00fcr. Bel b\u00f6lgesine \u00f6zel olarak geli\u015ftirilmi\u015f yap\u0131s\u0131, ayn\u0131 zamanda boyun, bacak ve kar\u0131n b\u00f6lgesinde de kullan\u0131labilir. \u00c7ok y\u00f6nl\u00fc tasar\u0131m\u0131 sayesinde evde pratik bir masaj deneyimi sunar.Titre\u015fimli masaj fonksiyonu, kullan\u0131m s\u0131ras\u0131nda rahatlat\u0131c\u0131 bir his olu\u015fturur. Is\u0131tma \u00f6zelli\u011fi ile birle\u015fti\u011finde daha konforlu bir kullan\u0131m sa\u011flar&#8230;.<\/p>\n","protected":false},"featured_media":124144,"comment_status":"open","ping_status":"closed","template":"","meta":{"_kad_post_transparent":"","_kad_post_title":"","_kad_post_layout":"","_kad_post_sidebar_id":"","_kad_post_content_style":"","_kad_post_vertical_padding":"","_kad_post_feature":"","_kad_post_feature_position":"","_kad_post_header":false,"_kad_post_footer":false,"_kad_post_classname":""},"product_brand":[],"product_cat":[14939],"product_tag":[],"class_list":{"0":"post-124145","1":"product","2":"type-product","3":"status-publish","4":"has-post-thumbnail","6":"product_cat-masaj-cihazi-masaj-cihazi","8":"first","9":"instock","10":"purchasable","11":"product-type-simple","12":"entry","13":"content-bg","14":"loop-entry"},"_links":{"self":[{"href":"https:\/\/www.hediyepazar.com\/index.php?rest_route=\/wp\/v2\/product\/124145","targetHints":{"allow":["GET"]}}],"collection":[{"href":"https:\/\/www.hediyepazar.com\/index.php?rest_route=\/wp\/v2\/product"}],"about":[{"href":"https:\/\/www.hediyepazar.com\/index.php?rest_route=\/wp\/v2\/types\/product"}],"replies":[{"embeddable":true,"href":"https:\/\/www.hediyepazar.com\/index.php?rest_route=%2Fwp%2Fv2%2Fcomments&post=124145"}],"wp:featuredmedia":[{"embeddable":true,"href":"https:\/\/www.hediyepazar.com\/index.php?rest_route=\/wp\/v2\/media\/124144"}],"wp:attachment":[{"href":"https:\/\/www.hediyepazar.com\/index.php?rest_route=%2Fwp%2Fv2%2Fmedia&parent=124145"}],"wp:term":[{"taxonomy":"product_brand","embeddable":true,"href":"https:\/\/www.hediyepazar.com\/index.php?rest_route=%2Fwp%2Fv2%2Fproduct_brand&post=124145"},{"taxonomy":"product_cat","embeddable":true,"href":"https:\/\/www.hediyepazar.com\/index.php?rest_route=%2Fwp%2Fv2%2Fproduct_cat&post=124145"},{"taxonomy":"product_tag","embeddable":true,"href":"https:\/\/www.hediyepazar.com\/index.php?rest_route=%2Fwp%2Fv2%2Fproduct_tag&post=124145"}],"curies":[{"name":"wp","href":"https:\/\/api.w.org\/{rel}","templated":true}]}}