{"id":124149,"date":"2026-05-06T14:57:03","date_gmt":"2026-05-06T17:57:03","guid":{"rendered":"https:\/\/www.hediyepazar.com\/?product=titresimli-masajli-bel-kemeri-isitmali-destekli"},"modified":"2026-05-06T14:57:03","modified_gmt":"2026-05-06T17:57:03","slug":"titresimli-masajli-bel-kemeri-isitmali-destekli","status":"publish","type":"product","link":"https:\/\/www.hediyepazar.com\/?product=titresimli-masajli-bel-kemeri-isitmali-destekli","title":{"rendered":"Titre\u015fimli Masajl\u0131 Bel Kemeri Is\u0131tmal\u0131 Destekli"},"content":{"rendered":"<p>Masajl\u0131 bel kemeri, g\u00fcnl\u00fck ya\u015fam\u0131n temposu i\u00e7inde v\u00fccudunuza konfor ve rahatlama hissi kazand\u0131rmak i\u00e7in tasarlanm\u0131\u015f \u00e7ok fonksiyonlu bir \u00fcr\u00fcnd\u00fcr. Titre\u015fimli masaj ve \u0131s\u0131tma \u00f6zelli\u011fi sayesinde bel b\u00f6lgesinde keyifli bir kullan\u0131m sunar. Ayn\u0131 zamanda boyun, bacak ve kar\u0131n b\u00f6lgesinde de kullan\u0131labilen \u00e7ok ama\u00e7l\u0131 yap\u0131s\u0131 ile dikkat \u00e7eker.Ayarlanabilir kemer tasar\u0131m\u0131, farkl\u0131 v\u00fccut \u00f6l\u00e7\u00fclerine kolayca uyum sa\u011flar. Esnek ve nefes alabilen kuma\u015f yap\u0131s\u0131 sayesinde uzun s\u00fcreli kullan\u0131mlarda bile konfor sunar. Dijital kontrol paneli \u00fczerinden masaj modu ve \u0131s\u0131 seviyesi kolayca ayarlanabilir. B\u00f6ylece ki\u015fisel tercihlere g\u00f6re kullan\u0131m imkan\u0131 sa\u011flar.Titre\u015fimli masaj \u00f6zelli\u011fi, g\u00fcnl\u00fck yorgunluk hissini azaltmaya yard\u0131mc\u0131 olacak \u015fekilde tasarlanm\u0131\u015ft\u0131r. Is\u0131tma fonksiyonu ise kullan\u0131m s\u0131ras\u0131nda s\u0131cakl\u0131k hissi sa\u011flayarak konforu art\u0131r\u0131r. Sessiz \u00e7al\u0131\u015fma yap\u0131s\u0131 sayesinde evde, ofiste veya dinlenme anlar\u0131nda rahatl\u0131kla kullan\u0131labilir.Kompakt ve hafif tasar\u0131m\u0131, \u00fcr\u00fcn\u00fc ta\u015f\u0131may\u0131 kolayla\u015ft\u0131r\u0131r. G\u00fcnl\u00fck kullan\u0131m i\u00e7in pratik bir \u00e7\u00f6z\u00fcmd\u00fcr. G\u00fc\u00e7l\u00fc yap\u0131s\u0131 ve kaliteli malzemesi sayesinde uzun \u00f6m\u00fcrl\u00fc kullan\u0131m sunar.Masajl\u0131 bel kemeri, yo\u011fun ge\u00e7en g\u00fcnlerin ard\u0131ndan kendinize ay\u0131raca\u011f\u0131n\u0131z anlar\u0131 daha keyifli hale getirir. Konforlu, pratik ve \u00e7ok y\u00f6nl\u00fc bir masaj deneyimi arayan kullan\u0131c\u0131lar i\u00e7in ideal bir tercihtir.<\/p>\n","protected":false},"excerpt":{"rendered":"<p>Masajl\u0131 bel kemeri, g\u00fcnl\u00fck ya\u015fam\u0131n temposu i\u00e7inde v\u00fccudunuza konfor ve rahatlama hissi kazand\u0131rmak i\u00e7in tasarlanm\u0131\u015f \u00e7ok fonksiyonlu bir \u00fcr\u00fcnd\u00fcr. Titre\u015fimli masaj ve \u0131s\u0131tma \u00f6zelli\u011fi sayesinde bel b\u00f6lgesinde keyifli bir kullan\u0131m sunar. Ayn\u0131 zamanda boyun, bacak ve kar\u0131n b\u00f6lgesinde de kullan\u0131labilen \u00e7ok ama\u00e7l\u0131 yap\u0131s\u0131 ile dikkat \u00e7eker.Ayarlanabilir kemer tasar\u0131m\u0131, farkl\u0131 v\u00fccut \u00f6l\u00e7\u00fclerine kolayca uyum sa\u011flar. Esnek&#8230;<\/p>\n","protected":false},"featured_media":124148,"comment_status":"open","ping_status":"closed","template":"","meta":{"_kad_post_transparent":"","_kad_post_title":"","_kad_post_layout":"","_kad_post_sidebar_id":"","_kad_post_content_style":"","_kad_post_vertical_padding":"","_kad_post_feature":"","_kad_post_feature_position":"","_kad_post_header":false,"_kad_post_footer":false,"_kad_post_classname":""},"product_brand":[],"product_cat":[14939],"product_tag":[],"class_list":{"0":"post-124149","1":"product","2":"type-product","3":"status-publish","4":"has-post-thumbnail","6":"product_cat-masaj-cihazi-masaj-cihazi","8":"first","9":"instock","10":"purchasable","11":"product-type-simple","12":"entry","13":"content-bg","14":"loop-entry"},"_links":{"self":[{"href":"https:\/\/www.hediyepazar.com\/index.php?rest_route=\/wp\/v2\/product\/124149","targetHints":{"allow":["GET"]}}],"collection":[{"href":"https:\/\/www.hediyepazar.com\/index.php?rest_route=\/wp\/v2\/product"}],"about":[{"href":"https:\/\/www.hediyepazar.com\/index.php?rest_route=\/wp\/v2\/types\/product"}],"replies":[{"embeddable":true,"href":"https:\/\/www.hediyepazar.com\/index.php?rest_route=%2Fwp%2Fv2%2Fcomments&post=124149"}],"wp:featuredmedia":[{"embeddable":true,"href":"https:\/\/www.hediyepazar.com\/index.php?rest_route=\/wp\/v2\/media\/124148"}],"wp:attachment":[{"href":"https:\/\/www.hediyepazar.com\/index.php?rest_route=%2Fwp%2Fv2%2Fmedia&parent=124149"}],"wp:term":[{"taxonomy":"product_brand","embeddable":true,"href":"https:\/\/www.hediyepazar.com\/index.php?rest_route=%2Fwp%2Fv2%2Fproduct_brand&post=124149"},{"taxonomy":"product_cat","embeddable":true,"href":"https:\/\/www.hediyepazar.com\/index.php?rest_route=%2Fwp%2Fv2%2Fproduct_cat&post=124149"},{"taxonomy":"product_tag","embeddable":true,"href":"https:\/\/www.hediyepazar.com\/index.php?rest_route=%2Fwp%2Fv2%2Fproduct_tag&post=124149"}],"curies":[{"name":"wp","href":"https:\/\/api.w.org\/{rel}","templated":true}]}}