{"id":124153,"date":"2026-05-06T14:57:14","date_gmt":"2026-05-06T17:57:14","guid":{"rendered":"https:\/\/www.hediyepazar.com\/?product=basmali-manuel-rondo-hizli-ve-zahmetsiz-dograma"},"modified":"2026-05-06T14:57:14","modified_gmt":"2026-05-06T17:57:14","slug":"basmali-manuel-rondo-hizli-ve-zahmetsiz-dograma","status":"publish","type":"product","link":"https:\/\/www.hediyepazar.com\/?product=basmali-manuel-rondo-hizli-ve-zahmetsiz-dograma","title":{"rendered":"Basmal\u0131 Manuel Rondo H\u0131zl\u0131 ve Zahmetsiz Do\u011frama"},"content":{"rendered":"<p>Manuel basmal\u0131 rondo, mutfakta h\u0131zl\u0131 do\u011frama i\u015flemleri i\u00e7in tasarlanm\u0131\u015f pratik bir \u00fcr\u00fcnd\u00fcr. Elektrik gerektirmeyen yap\u0131s\u0131 sayesinde her ortamda g\u00fcvenle kullan\u0131labilir. Bas-kes mekanizmas\u0131 ile sebzeleri k\u0131sa s\u00fcrede haz\u0131r hale getirir.Keskin b\u0131\u00e7ak yap\u0131s\u0131, g\u0131dalar\u0131 ezmeden ve e\u015fit \u015fekilde do\u011frar. Bu sayede yemeklerin g\u00f6r\u00fcn\u00fcm\u00fc ve lezzeti korunur. Geni\u015f haznesi, kalabal\u0131k yemek haz\u0131rl\u0131klar\u0131nda b\u00fcy\u00fck kolayl\u0131k sa\u011flar.Ergonomik tasar\u0131m\u0131 sayesinde tek elle rahat kullan\u0131m sunar. Kaymaz taban\u0131, kullan\u0131m s\u0131ras\u0131nda sabit durmas\u0131n\u0131 sa\u011flar. Sa\u011flam g\u00f6vdesi uzun s\u00fcreli ve sorunsuz kullan\u0131m imkan\u0131 sunar.Par\u00e7alar\u0131 kolayca ayr\u0131labildi\u011fi i\u00e7in temizli\u011fi pratiktir. G\u00fcnl\u00fck kullan\u0131m sonras\u0131 h\u0131zl\u0131ca y\u0131kanabilir. Kompakt yap\u0131s\u0131 sayesinde mutfakta yer kaplamaz.H\u0131zl\u0131, pratik ve ekonomik bir \u00e7\u00f6z\u00fcm arayan kullan\u0131c\u0131lar i\u00e7in ideal bir mutfak \u00fcr\u00fcn\u00fcd\u00fcr. Manuel rondo, yemek haz\u0131rl\u0131k s\u00fcrecini kolayla\u015ft\u0131rarak mutfakta zamandan tasarruf etmenizi sa\u011flar.<\/p>\n","protected":false},"excerpt":{"rendered":"<p>Manuel basmal\u0131 rondo, mutfakta h\u0131zl\u0131 do\u011frama i\u015flemleri i\u00e7in tasarlanm\u0131\u015f pratik bir \u00fcr\u00fcnd\u00fcr. Elektrik gerektirmeyen yap\u0131s\u0131 sayesinde her ortamda g\u00fcvenle kullan\u0131labilir. Bas-kes mekanizmas\u0131 ile sebzeleri k\u0131sa s\u00fcrede haz\u0131r hale getirir.Keskin b\u0131\u00e7ak yap\u0131s\u0131, g\u0131dalar\u0131 ezmeden ve e\u015fit \u015fekilde do\u011frar. Bu sayede yemeklerin g\u00f6r\u00fcn\u00fcm\u00fc ve lezzeti korunur. Geni\u015f haznesi, kalabal\u0131k yemek haz\u0131rl\u0131klar\u0131nda b\u00fcy\u00fck kolayl\u0131k sa\u011flar.Ergonomik tasar\u0131m\u0131 sayesinde tek&#8230;<\/p>\n","protected":false},"featured_media":124152,"comment_status":"open","ping_status":"closed","template":"","meta":{"_kad_post_transparent":"","_kad_post_title":"","_kad_post_layout":"","_kad_post_sidebar_id":"","_kad_post_content_style":"","_kad_post_vertical_padding":"","_kad_post_feature":"","_kad_post_feature_position":"","_kad_post_header":false,"_kad_post_footer":false,"_kad_post_classname":""},"product_brand":[],"product_cat":[15068],"product_tag":[],"class_list":{"0":"post-124153","1":"product","2":"type-product","3":"status-publish","4":"has-post-thumbnail","6":"product_cat-pratik-mutfak-gerecleri-pratik-mutfak-gerecleri-2","8":"first","9":"instock","10":"purchasable","11":"product-type-simple","12":"entry","13":"content-bg","14":"loop-entry"},"_links":{"self":[{"href":"https:\/\/www.hediyepazar.com\/index.php?rest_route=\/wp\/v2\/product\/124153","targetHints":{"allow":["GET"]}}],"collection":[{"href":"https:\/\/www.hediyepazar.com\/index.php?rest_route=\/wp\/v2\/product"}],"about":[{"href":"https:\/\/www.hediyepazar.com\/index.php?rest_route=\/wp\/v2\/types\/product"}],"replies":[{"embeddable":true,"href":"https:\/\/www.hediyepazar.com\/index.php?rest_route=%2Fwp%2Fv2%2Fcomments&post=124153"}],"wp:featuredmedia":[{"embeddable":true,"href":"https:\/\/www.hediyepazar.com\/index.php?rest_route=\/wp\/v2\/media\/124152"}],"wp:attachment":[{"href":"https:\/\/www.hediyepazar.com\/index.php?rest_route=%2Fwp%2Fv2%2Fmedia&parent=124153"}],"wp:term":[{"taxonomy":"product_brand","embeddable":true,"href":"https:\/\/www.hediyepazar.com\/index.php?rest_route=%2Fwp%2Fv2%2Fproduct_brand&post=124153"},{"taxonomy":"product_cat","embeddable":true,"href":"https:\/\/www.hediyepazar.com\/index.php?rest_route=%2Fwp%2Fv2%2Fproduct_cat&post=124153"},{"taxonomy":"product_tag","embeddable":true,"href":"https:\/\/www.hediyepazar.com\/index.php?rest_route=%2Fwp%2Fv2%2Fproduct_tag&post=124153"}],"curies":[{"name":"wp","href":"https:\/\/api.w.org\/{rel}","templated":true}]}}