{"id":124177,"date":"2026-05-06T15:00:28","date_gmt":"2026-05-06T18:00:28","guid":{"rendered":"https:\/\/www.hediyepazar.com\/?product=gida-saklama-mandali-tazelik-koruyucu-10lu-set"},"modified":"2026-05-06T15:00:28","modified_gmt":"2026-05-06T18:00:28","slug":"gida-saklama-mandali-tazelik-koruyucu-10lu-set","status":"publish","type":"product","link":"https:\/\/www.hediyepazar.com\/?product=gida-saklama-mandali-tazelik-koruyucu-10lu-set","title":{"rendered":"G\u0131da Saklama Mandal\u0131 Tazelik Koruyucu 10\u2019lu Set"},"content":{"rendered":"<p>G\u0131da saklama mandal\u0131 10\u2019lu set, mutfakta d\u00fczeni ve tazeli\u011fi bir arada sunar. A\u00e7\u0131lm\u0131\u015f po\u015fetlerin hava almas\u0131, yiyeceklerin aromas\u0131n\u0131 ve lezzetini k\u0131sa s\u00fcrede kaybetmesine neden olur. Bu ak\u0131ll\u0131 tasar\u0131ml\u0131 mandallar, po\u015fet a\u011f\u0131zlar\u0131n\u0131 s\u0131k\u0131ca kapatarak g\u0131dalar\u0131n hava ile temas\u0131n\u0131 keser.S\u0131k\u0131\u015ft\u0131rmal\u0131 tasar\u0131m\u0131 sayesinde klasik mandallara g\u00f6re \u00e7ok daha g\u00fc\u00e7l\u00fc bir tutu\u015f sa\u011flar. Yayl\u0131 mekanizma olmad\u0131\u011f\u0131 i\u00e7in sessizdir ve zamanla gev\u015feme yapmaz. Kullan\u0131m\u0131 olduk\u00e7a pratiktir; po\u015feti katlay\u0131p mandal\u0131 \u00fczerinden ge\u00e7irmeniz yeterlidir. G\u00fcnl\u00fck kullan\u0131mda b\u00fcy\u00fck kolayl\u0131k sa\u011flar.Dayan\u0131kl\u0131 plastikten \u00fcretilmi\u015ftir ve uzun \u00f6m\u00fcrl\u00fc kullan\u0131m sunar. Tekrar tekrar kullan\u0131labilir olmas\u0131, s\u00fcrekli yeni mandal alma ihtiyac\u0131n\u0131 ortadan kald\u0131r\u0131r. Siyah renkli modern tasar\u0131m\u0131, mutfakta estetik bir g\u00f6r\u00fcn\u00fcm sa\u011flar.Cips, kahve, baharat, makarna, bakliyat ve evcil hayvan mamalar\u0131 dahil olmak \u00fczere bir\u00e7ok po\u015fetli \u00fcr\u00fcnle uyumludur. Kompakt yap\u0131s\u0131 sayesinde \u00e7ekmecede, dolapta veya tezg\u00e2h \u00fcst\u00fcnde rahat\u00e7a saklanabilir. 10 adetlik set, kalabal\u0131k mutfaklar ve s\u0131k al\u0131\u015fveri\u015f yapanlar i\u00e7in idealdir.<\/p>\n","protected":false},"excerpt":{"rendered":"<p>G\u0131da saklama mandal\u0131 10\u2019lu set, mutfakta d\u00fczeni ve tazeli\u011fi bir arada sunar. A\u00e7\u0131lm\u0131\u015f po\u015fetlerin hava almas\u0131, yiyeceklerin aromas\u0131n\u0131 ve lezzetini k\u0131sa s\u00fcrede kaybetmesine neden olur. Bu ak\u0131ll\u0131 tasar\u0131ml\u0131 mandallar, po\u015fet a\u011f\u0131zlar\u0131n\u0131 s\u0131k\u0131ca kapatarak g\u0131dalar\u0131n hava ile temas\u0131n\u0131 keser.S\u0131k\u0131\u015ft\u0131rmal\u0131 tasar\u0131m\u0131 sayesinde klasik mandallara g\u00f6re \u00e7ok daha g\u00fc\u00e7l\u00fc bir tutu\u015f sa\u011flar. Yayl\u0131 mekanizma olmad\u0131\u011f\u0131 i\u00e7in sessizdir ve&#8230;<\/p>\n","protected":false},"featured_media":124176,"comment_status":"open","ping_status":"closed","template":"","meta":{"_kad_post_transparent":"","_kad_post_title":"","_kad_post_layout":"","_kad_post_sidebar_id":"","_kad_post_content_style":"","_kad_post_vertical_padding":"","_kad_post_feature":"","_kad_post_feature_position":"","_kad_post_header":false,"_kad_post_footer":false,"_kad_post_classname":""},"product_brand":[],"product_cat":[15068],"product_tag":[],"class_list":{"0":"post-124177","1":"product","2":"type-product","3":"status-publish","4":"has-post-thumbnail","6":"product_cat-pratik-mutfak-gerecleri-pratik-mutfak-gerecleri-2","8":"first","9":"instock","10":"purchasable","11":"product-type-simple","12":"entry","13":"content-bg","14":"loop-entry"},"_links":{"self":[{"href":"https:\/\/www.hediyepazar.com\/index.php?rest_route=\/wp\/v2\/product\/124177","targetHints":{"allow":["GET"]}}],"collection":[{"href":"https:\/\/www.hediyepazar.com\/index.php?rest_route=\/wp\/v2\/product"}],"about":[{"href":"https:\/\/www.hediyepazar.com\/index.php?rest_route=\/wp\/v2\/types\/product"}],"replies":[{"embeddable":true,"href":"https:\/\/www.hediyepazar.com\/index.php?rest_route=%2Fwp%2Fv2%2Fcomments&post=124177"}],"wp:featuredmedia":[{"embeddable":true,"href":"https:\/\/www.hediyepazar.com\/index.php?rest_route=\/wp\/v2\/media\/124176"}],"wp:attachment":[{"href":"https:\/\/www.hediyepazar.com\/index.php?rest_route=%2Fwp%2Fv2%2Fmedia&parent=124177"}],"wp:term":[{"taxonomy":"product_brand","embeddable":true,"href":"https:\/\/www.hediyepazar.com\/index.php?rest_route=%2Fwp%2Fv2%2Fproduct_brand&post=124177"},{"taxonomy":"product_cat","embeddable":true,"href":"https:\/\/www.hediyepazar.com\/index.php?rest_route=%2Fwp%2Fv2%2Fproduct_cat&post=124177"},{"taxonomy":"product_tag","embeddable":true,"href":"https:\/\/www.hediyepazar.com\/index.php?rest_route=%2Fwp%2Fv2%2Fproduct_tag&post=124177"}],"curies":[{"name":"wp","href":"https:\/\/api.w.org\/{rel}","templated":true}]}}