{"id":124181,"date":"2026-05-06T15:00:39","date_gmt":"2026-05-06T18:00:39","guid":{"rendered":"https:\/\/www.hediyepazar.com\/?product=tekrar-kullanilabilir-poset-mandali-siyah-6li-set"},"modified":"2026-05-06T15:00:39","modified_gmt":"2026-05-06T18:00:39","slug":"tekrar-kullanilabilir-poset-mandali-siyah-6li-set","status":"publish","type":"product","link":"https:\/\/www.hediyepazar.com\/?product=tekrar-kullanilabilir-poset-mandali-siyah-6li-set","title":{"rendered":"Tekrar Kullan\u0131labilir Po\u015fet Mandal\u0131 Siyah 6\u2019l\u0131 Set"},"content":{"rendered":"<p>Po\u015fet kilidi mandal seti, mutfakta d\u00fczen ve tazelik isteyenler i\u00e7in tasarlanm\u0131\u015ft\u0131r. Hava ile temas\u0131 keserek yiyeceklerin daha uzun s\u00fcre korunmas\u0131na yard\u0131mc\u0131 olur. Kullan\u0131m\u0131 kolay ve pratiktir.Az yer kaplayan tasar\u0131m\u0131 sayesinde \u00e7ekmecede rahat\u00e7a saklanabilir. Siyah rengiyle modern bir g\u00f6r\u00fcn\u00fcm sunar. G\u00fcnl\u00fck mutfak kullan\u0131m\u0131 i\u00e7in ideal bir \u00fcr\u00fcnd\u00fcr.<\/p>\n","protected":false},"excerpt":{"rendered":"<p>Po\u015fet kilidi mandal seti, mutfakta d\u00fczen ve tazelik isteyenler i\u00e7in tasarlanm\u0131\u015ft\u0131r. Hava ile temas\u0131 keserek yiyeceklerin daha uzun s\u00fcre korunmas\u0131na yard\u0131mc\u0131 olur. Kullan\u0131m\u0131 kolay ve pratiktir.Az yer kaplayan tasar\u0131m\u0131 sayesinde \u00e7ekmecede rahat\u00e7a saklanabilir. Siyah rengiyle modern bir g\u00f6r\u00fcn\u00fcm sunar. G\u00fcnl\u00fck mutfak kullan\u0131m\u0131 i\u00e7in ideal bir \u00fcr\u00fcnd\u00fcr.<\/p>\n","protected":false},"featured_media":124180,"comment_status":"open","ping_status":"closed","template":"","meta":{"_kad_post_transparent":"","_kad_post_title":"","_kad_post_layout":"","_kad_post_sidebar_id":"","_kad_post_content_style":"","_kad_post_vertical_padding":"","_kad_post_feature":"","_kad_post_feature_position":"","_kad_post_header":false,"_kad_post_footer":false,"_kad_post_classname":""},"product_brand":[],"product_cat":[15068],"product_tag":[],"class_list":{"0":"post-124181","1":"product","2":"type-product","3":"status-publish","4":"has-post-thumbnail","6":"product_cat-pratik-mutfak-gerecleri-pratik-mutfak-gerecleri-2","8":"first","9":"instock","10":"purchasable","11":"product-type-simple","12":"entry","13":"content-bg","14":"loop-entry"},"_links":{"self":[{"href":"https:\/\/www.hediyepazar.com\/index.php?rest_route=\/wp\/v2\/product\/124181","targetHints":{"allow":["GET"]}}],"collection":[{"href":"https:\/\/www.hediyepazar.com\/index.php?rest_route=\/wp\/v2\/product"}],"about":[{"href":"https:\/\/www.hediyepazar.com\/index.php?rest_route=\/wp\/v2\/types\/product"}],"replies":[{"embeddable":true,"href":"https:\/\/www.hediyepazar.com\/index.php?rest_route=%2Fwp%2Fv2%2Fcomments&post=124181"}],"wp:featuredmedia":[{"embeddable":true,"href":"https:\/\/www.hediyepazar.com\/index.php?rest_route=\/wp\/v2\/media\/124180"}],"wp:attachment":[{"href":"https:\/\/www.hediyepazar.com\/index.php?rest_route=%2Fwp%2Fv2%2Fmedia&parent=124181"}],"wp:term":[{"taxonomy":"product_brand","embeddable":true,"href":"https:\/\/www.hediyepazar.com\/index.php?rest_route=%2Fwp%2Fv2%2Fproduct_brand&post=124181"},{"taxonomy":"product_cat","embeddable":true,"href":"https:\/\/www.hediyepazar.com\/index.php?rest_route=%2Fwp%2Fv2%2Fproduct_cat&post=124181"},{"taxonomy":"product_tag","embeddable":true,"href":"https:\/\/www.hediyepazar.com\/index.php?rest_route=%2Fwp%2Fv2%2Fproduct_tag&post=124181"}],"curies":[{"name":"wp","href":"https:\/\/api.w.org\/{rel}","templated":true}]}}