{"id":124183,"date":"2026-05-06T15:00:45","date_gmt":"2026-05-06T18:00:45","guid":{"rendered":"https:\/\/www.hediyepazar.com\/?product=cips-kahve-ve-bakliyat-icin-poset-kapatma-mandali"},"modified":"2026-05-06T15:00:45","modified_gmt":"2026-05-06T18:00:45","slug":"cips-kahve-ve-bakliyat-icin-poset-kapatma-mandali","status":"publish","type":"product","link":"https:\/\/www.hediyepazar.com\/?product=cips-kahve-ve-bakliyat-icin-poset-kapatma-mandali","title":{"rendered":"Cips Kahve ve Bakliyat \u0130\u00e7in Po\u015fet Kapatma Mandal\u0131"},"content":{"rendered":"<p>Bu po\u015fet kapatma mandallar\u0131, g\u0131dalar\u0131n tazeli\u011fini korumak i\u00e7in pratik bir \u00e7\u00f6z\u00fcm sunar. Hava ge\u00e7irmez s\u0131k\u0131\u015ft\u0131rma sistemi sayesinde paketlerin a\u011fz\u0131n\u0131 g\u00fcvenle kapat\u0131r. Kompakt ve sade tasar\u0131m\u0131, mutfakta d\u00fczen sa\u011flar.Dayan\u0131kl\u0131 plastik yap\u0131s\u0131 sayesinde uzun \u00f6m\u00fcrl\u00fcd\u00fcr. Tekrar tekrar kullan\u0131labilir. Cips, kahve, bakliyat ve evcil hayvan mamas\u0131 gibi bir\u00e7ok \u00fcr\u00fcn i\u00e7in uygundur.<\/p>\n","protected":false},"excerpt":{"rendered":"<p>Bu po\u015fet kapatma mandallar\u0131, g\u0131dalar\u0131n tazeli\u011fini korumak i\u00e7in pratik bir \u00e7\u00f6z\u00fcm sunar. Hava ge\u00e7irmez s\u0131k\u0131\u015ft\u0131rma sistemi sayesinde paketlerin a\u011fz\u0131n\u0131 g\u00fcvenle kapat\u0131r. Kompakt ve sade tasar\u0131m\u0131, mutfakta d\u00fczen sa\u011flar.Dayan\u0131kl\u0131 plastik yap\u0131s\u0131 sayesinde uzun \u00f6m\u00fcrl\u00fcd\u00fcr. Tekrar tekrar kullan\u0131labilir. Cips, kahve, bakliyat ve evcil hayvan mamas\u0131 gibi bir\u00e7ok \u00fcr\u00fcn i\u00e7in uygundur.<\/p>\n","protected":false},"featured_media":124182,"comment_status":"open","ping_status":"closed","template":"","meta":{"_kad_post_transparent":"","_kad_post_title":"","_kad_post_layout":"","_kad_post_sidebar_id":"","_kad_post_content_style":"","_kad_post_vertical_padding":"","_kad_post_feature":"","_kad_post_feature_position":"","_kad_post_header":false,"_kad_post_footer":false,"_kad_post_classname":""},"product_brand":[],"product_cat":[15068],"product_tag":[],"class_list":{"0":"post-124183","1":"product","2":"type-product","3":"status-publish","4":"has-post-thumbnail","6":"product_cat-pratik-mutfak-gerecleri-pratik-mutfak-gerecleri-2","8":"first","9":"instock","10":"purchasable","11":"product-type-simple","12":"entry","13":"content-bg","14":"loop-entry"},"_links":{"self":[{"href":"https:\/\/www.hediyepazar.com\/index.php?rest_route=\/wp\/v2\/product\/124183","targetHints":{"allow":["GET"]}}],"collection":[{"href":"https:\/\/www.hediyepazar.com\/index.php?rest_route=\/wp\/v2\/product"}],"about":[{"href":"https:\/\/www.hediyepazar.com\/index.php?rest_route=\/wp\/v2\/types\/product"}],"replies":[{"embeddable":true,"href":"https:\/\/www.hediyepazar.com\/index.php?rest_route=%2Fwp%2Fv2%2Fcomments&post=124183"}],"wp:featuredmedia":[{"embeddable":true,"href":"https:\/\/www.hediyepazar.com\/index.php?rest_route=\/wp\/v2\/media\/124182"}],"wp:attachment":[{"href":"https:\/\/www.hediyepazar.com\/index.php?rest_route=%2Fwp%2Fv2%2Fmedia&parent=124183"}],"wp:term":[{"taxonomy":"product_brand","embeddable":true,"href":"https:\/\/www.hediyepazar.com\/index.php?rest_route=%2Fwp%2Fv2%2Fproduct_brand&post=124183"},{"taxonomy":"product_cat","embeddable":true,"href":"https:\/\/www.hediyepazar.com\/index.php?rest_route=%2Fwp%2Fv2%2Fproduct_cat&post=124183"},{"taxonomy":"product_tag","embeddable":true,"href":"https:\/\/www.hediyepazar.com\/index.php?rest_route=%2Fwp%2Fv2%2Fproduct_tag&post=124183"}],"curies":[{"name":"wp","href":"https:\/\/api.w.org\/{rel}","templated":true}]}}