{"id":124185,"date":"2026-05-06T15:00:50","date_gmt":"2026-05-06T18:00:50","guid":{"rendered":"https:\/\/www.hediyepazar.com\/?product=plastik-poset-kilidi-mutfak-icin-cok-amacli-mandal"},"modified":"2026-05-06T15:00:50","modified_gmt":"2026-05-06T18:00:50","slug":"plastik-poset-kilidi-mutfak-icin-cok-amacli-mandal","status":"publish","type":"product","link":"https:\/\/www.hediyepazar.com\/?product=plastik-poset-kilidi-mutfak-icin-cok-amacli-mandal","title":{"rendered":"Plastik Po\u015fet Kilidi Mutfak \u0130\u00e7in \u00c7ok Ama\u00e7l\u0131 Mandal"},"content":{"rendered":"<p>Po\u015fet kapatma mandal\u0131, g\u00fcnl\u00fck mutfak kullan\u0131m\u0131n\u0131 kolayla\u015ft\u0131ran k\u00fc\u00e7\u00fck ama etkili bir \u00fcr\u00fcnd\u00fcr. A\u00e7\u0131lm\u0131\u015f paketlerin hava almas\u0131n\u0131 engelleyerek g\u0131dalar\u0131n daha uzun s\u00fcre taze kalmas\u0131na yard\u0131mc\u0131 olur. \u00d6zellikle s\u0131k t\u00fcketilen at\u0131\u015ft\u0131rmal\u0131klar ve kuru g\u0131dalar i\u00e7in ideal bir \u00e7\u00f6z\u00fcmd\u00fcr.S\u0131k\u0131\u015ft\u0131rmal\u0131 tasar\u0131m\u0131 sayesinde po\u015feti g\u00fc\u00e7l\u00fc \u015fekilde kavrar. Klasik mandallara k\u0131yasla daha az yer kaplar ve daha sa\u011flam bir kullan\u0131m sunar. Dayan\u0131kl\u0131 plastikten \u00fcretilmi\u015ftir ve uzun s\u00fcreli kullan\u0131m i\u00e7in uygundur.Tekrar kullan\u0131labilir yap\u0131s\u0131 sayesinde her kullan\u0131mda pratiklik sa\u011flar. 6 adetlik set i\u00e7eri\u011fi, mutfakta d\u00fczenli bir saklama alan\u0131 olu\u015fturman\u0131za yard\u0131mc\u0131 olur. \u015e\u0131k siyah rengiyle her mutfa\u011fa uyum sa\u011flar.<\/p>\n","protected":false},"excerpt":{"rendered":"<p>Po\u015fet kapatma mandal\u0131, g\u00fcnl\u00fck mutfak kullan\u0131m\u0131n\u0131 kolayla\u015ft\u0131ran k\u00fc\u00e7\u00fck ama etkili bir \u00fcr\u00fcnd\u00fcr. A\u00e7\u0131lm\u0131\u015f paketlerin hava almas\u0131n\u0131 engelleyerek g\u0131dalar\u0131n daha uzun s\u00fcre taze kalmas\u0131na yard\u0131mc\u0131 olur. \u00d6zellikle s\u0131k t\u00fcketilen at\u0131\u015ft\u0131rmal\u0131klar ve kuru g\u0131dalar i\u00e7in ideal bir \u00e7\u00f6z\u00fcmd\u00fcr.S\u0131k\u0131\u015ft\u0131rmal\u0131 tasar\u0131m\u0131 sayesinde po\u015feti g\u00fc\u00e7l\u00fc \u015fekilde kavrar. Klasik mandallara k\u0131yasla daha az yer kaplar ve daha sa\u011flam bir kullan\u0131m sunar&#8230;.<\/p>\n","protected":false},"featured_media":124184,"comment_status":"open","ping_status":"closed","template":"","meta":{"_kad_post_transparent":"","_kad_post_title":"","_kad_post_layout":"","_kad_post_sidebar_id":"","_kad_post_content_style":"","_kad_post_vertical_padding":"","_kad_post_feature":"","_kad_post_feature_position":"","_kad_post_header":false,"_kad_post_footer":false,"_kad_post_classname":""},"product_brand":[],"product_cat":[15068],"product_tag":[],"class_list":{"0":"post-124185","1":"product","2":"type-product","3":"status-publish","4":"has-post-thumbnail","6":"product_cat-pratik-mutfak-gerecleri-pratik-mutfak-gerecleri-2","8":"first","9":"instock","10":"purchasable","11":"product-type-simple","12":"entry","13":"content-bg","14":"loop-entry"},"_links":{"self":[{"href":"https:\/\/www.hediyepazar.com\/index.php?rest_route=\/wp\/v2\/product\/124185","targetHints":{"allow":["GET"]}}],"collection":[{"href":"https:\/\/www.hediyepazar.com\/index.php?rest_route=\/wp\/v2\/product"}],"about":[{"href":"https:\/\/www.hediyepazar.com\/index.php?rest_route=\/wp\/v2\/types\/product"}],"replies":[{"embeddable":true,"href":"https:\/\/www.hediyepazar.com\/index.php?rest_route=%2Fwp%2Fv2%2Fcomments&post=124185"}],"wp:featuredmedia":[{"embeddable":true,"href":"https:\/\/www.hediyepazar.com\/index.php?rest_route=\/wp\/v2\/media\/124184"}],"wp:attachment":[{"href":"https:\/\/www.hediyepazar.com\/index.php?rest_route=%2Fwp%2Fv2%2Fmedia&parent=124185"}],"wp:term":[{"taxonomy":"product_brand","embeddable":true,"href":"https:\/\/www.hediyepazar.com\/index.php?rest_route=%2Fwp%2Fv2%2Fproduct_brand&post=124185"},{"taxonomy":"product_cat","embeddable":true,"href":"https:\/\/www.hediyepazar.com\/index.php?rest_route=%2Fwp%2Fv2%2Fproduct_cat&post=124185"},{"taxonomy":"product_tag","embeddable":true,"href":"https:\/\/www.hediyepazar.com\/index.php?rest_route=%2Fwp%2Fv2%2Fproduct_tag&post=124185"}],"curies":[{"name":"wp","href":"https:\/\/api.w.org\/{rel}","templated":true}]}}