{"id":124187,"date":"2026-05-06T15:01:58","date_gmt":"2026-05-06T18:01:58","guid":{"rendered":"https:\/\/www.hediyepazar.com\/?product=gida-saklama-mandali-tazelik-koruyucu-pratik-tasarim"},"modified":"2026-05-06T15:01:58","modified_gmt":"2026-05-06T18:01:58","slug":"gida-saklama-mandali-tazelik-koruyucu-pratik-tasarim","status":"publish","type":"product","link":"https:\/\/www.hediyepazar.com\/?product=gida-saklama-mandali-tazelik-koruyucu-pratik-tasarim","title":{"rendered":"G\u0131da Saklama Mandal\u0131 Tazelik Koruyucu Pratik Tasar\u0131m"},"content":{"rendered":"<p>G\u0131da saklama mandal\u0131 seti, mutfakta d\u00fczen ve tazelik arayan kullan\u0131c\u0131lar i\u00e7in geli\u015ftirilmi\u015ftir. A\u00e7\u0131k kalan po\u015fetler, zamanla hava alarak yiyeceklerin bayatlamas\u0131na neden olur. Bu pratik mandallar, po\u015fetin a\u011fz\u0131n\u0131 s\u0131k\u0131\u015ft\u0131rarak hava ile temas\u0131n\u0131 keser ve g\u0131dalar\u0131n ilk g\u00fcnk\u00fc tazeli\u011fini daha uzun s\u00fcre korumas\u0131na yard\u0131mc\u0131 olur.Kullan\u0131m\u0131 olduk\u00e7a pratiktir ve ekstra bir g\u00fc\u00e7 gerektirmez. Po\u015feti katlay\u0131p mandal\u0131 yukar\u0131dan ge\u00e7irmeniz yeterlidir. Klasik mandallar gibi yayl\u0131 bir sistem yerine s\u0131k\u0131\u015ft\u0131rmal\u0131 tasar\u0131ma sahip oldu\u011fu i\u00e7in daha sa\u011flam bir tutu\u015f sunar. Bu sayede po\u015fetler a\u00e7\u0131lmaz ve i\u00e7erik g\u00fcvenle korunur.Dayan\u0131kl\u0131 plastik yap\u0131s\u0131, g\u00fcnl\u00fck kullan\u0131mda k\u0131r\u0131lma ve deformasyona kar\u015f\u0131 diren\u00e7lidir. Tekrar tekrar kullan\u0131labilir olmas\u0131, hem ekonomik hem de \u00e7evre dostu bir \u00e7\u00f6z\u00fcm sunar. Siyah renkli modern tasar\u0131m\u0131, mutfa\u011f\u0131n\u0131za uyum sa\u011flar ve sade bir g\u00f6r\u00fcn\u00fcm sunar.Cips, kahve, makarna, bakliyat, baharat ve evcil hayvan mamas\u0131 gibi pek \u00e7ok po\u015fetli \u00fcr\u00fcnle uyumludur. K\u00fc\u00e7\u00fck boyutu sayesinde \u00e7ekmecede kolayca saklanabilir. 6 adetlik set, mutfakta birden fazla \u00fcr\u00fcn i\u00e7in yeterli kullan\u0131m imk\u00e2n\u0131 sa\u011flar.<\/p>\n","protected":false},"excerpt":{"rendered":"<p>G\u0131da saklama mandal\u0131 seti, mutfakta d\u00fczen ve tazelik arayan kullan\u0131c\u0131lar i\u00e7in geli\u015ftirilmi\u015ftir. A\u00e7\u0131k kalan po\u015fetler, zamanla hava alarak yiyeceklerin bayatlamas\u0131na neden olur. Bu pratik mandallar, po\u015fetin a\u011fz\u0131n\u0131 s\u0131k\u0131\u015ft\u0131rarak hava ile temas\u0131n\u0131 keser ve g\u0131dalar\u0131n ilk g\u00fcnk\u00fc tazeli\u011fini daha uzun s\u00fcre korumas\u0131na yard\u0131mc\u0131 olur.Kullan\u0131m\u0131 olduk\u00e7a pratiktir ve ekstra bir g\u00fc\u00e7 gerektirmez. Po\u015feti katlay\u0131p mandal\u0131 yukar\u0131dan ge\u00e7irmeniz&#8230;<\/p>\n","protected":false},"featured_media":124186,"comment_status":"open","ping_status":"closed","template":"","meta":{"_kad_post_transparent":"","_kad_post_title":"","_kad_post_layout":"","_kad_post_sidebar_id":"","_kad_post_content_style":"","_kad_post_vertical_padding":"","_kad_post_feature":"","_kad_post_feature_position":"","_kad_post_header":false,"_kad_post_footer":false,"_kad_post_classname":""},"product_brand":[],"product_cat":[15068],"product_tag":[],"class_list":{"0":"post-124187","1":"product","2":"type-product","3":"status-publish","4":"has-post-thumbnail","6":"product_cat-pratik-mutfak-gerecleri-pratik-mutfak-gerecleri-2","8":"first","9":"instock","10":"purchasable","11":"product-type-simple","12":"entry","13":"content-bg","14":"loop-entry"},"_links":{"self":[{"href":"https:\/\/www.hediyepazar.com\/index.php?rest_route=\/wp\/v2\/product\/124187","targetHints":{"allow":["GET"]}}],"collection":[{"href":"https:\/\/www.hediyepazar.com\/index.php?rest_route=\/wp\/v2\/product"}],"about":[{"href":"https:\/\/www.hediyepazar.com\/index.php?rest_route=\/wp\/v2\/types\/product"}],"replies":[{"embeddable":true,"href":"https:\/\/www.hediyepazar.com\/index.php?rest_route=%2Fwp%2Fv2%2Fcomments&post=124187"}],"wp:featuredmedia":[{"embeddable":true,"href":"https:\/\/www.hediyepazar.com\/index.php?rest_route=\/wp\/v2\/media\/124186"}],"wp:attachment":[{"href":"https:\/\/www.hediyepazar.com\/index.php?rest_route=%2Fwp%2Fv2%2Fmedia&parent=124187"}],"wp:term":[{"taxonomy":"product_brand","embeddable":true,"href":"https:\/\/www.hediyepazar.com\/index.php?rest_route=%2Fwp%2Fv2%2Fproduct_brand&post=124187"},{"taxonomy":"product_cat","embeddable":true,"href":"https:\/\/www.hediyepazar.com\/index.php?rest_route=%2Fwp%2Fv2%2Fproduct_cat&post=124187"},{"taxonomy":"product_tag","embeddable":true,"href":"https:\/\/www.hediyepazar.com\/index.php?rest_route=%2Fwp%2Fv2%2Fproduct_tag&post=124187"}],"curies":[{"name":"wp","href":"https:\/\/api.w.org\/{rel}","templated":true}]}}