{"id":124195,"date":"2026-05-06T15:02:21","date_gmt":"2026-05-06T18:02:21","guid":{"rendered":"https:\/\/www.hediyepazar.com\/?product=ekranli-walkie-talkie-oyuncagi-ses-ve-goruntu-destekli"},"modified":"2026-05-06T15:02:21","modified_gmt":"2026-05-06T18:02:21","slug":"ekranli-walkie-talkie-oyuncagi-ses-ve-goruntu-destekli","status":"publish","type":"product","link":"https:\/\/www.hediyepazar.com\/?product=ekranli-walkie-talkie-oyuncagi-ses-ve-goruntu-destekli","title":{"rendered":"Ekranl\u0131 Walkie Talkie Oyunca\u011f\u0131 Ses ve G\u00f6r\u00fcnt\u00fc Destekli"},"content":{"rendered":"<p>G\u00f6r\u00fcnt\u00fcl\u00fc ve sesli ileti\u015fim sunan walkie talkie, \u00e7ocuklar i\u00e7in tasarlanm\u0131\u015f modern bir oyuncakt\u0131r. Video interkom \u00f6zelli\u011fi sayesinde \u00e7ocuklar kar\u015f\u0131l\u0131kl\u0131 olarak birbirlerini g\u00f6rebilir ve oyunlar\u0131n\u0131 daha ger\u00e7ek\u00e7i hale getirebilir.Hafif ve ergonomik yap\u0131s\u0131, k\u00fc\u00e7\u00fck \u00e7ocuk elleri i\u00e7in idealdir. Basit kontrol sistemi sayesinde \u00e7ocuklar cihaz\u0131 k\u0131sa s\u00fcrede \u00f6\u011frenir. Tek kanall\u0131 yap\u0131, kullan\u0131m s\u0131ras\u0131nda kar\u0131\u015f\u0131kl\u0131\u011f\u0131 \u00f6nler.Uzun mesafe ileti\u015fim \u00f6zelli\u011fi, ev i\u00e7i ve d\u0131\u015f mek\u00e2n kullan\u0131m\u0131n\u0131 destekler. A\u00e7\u0131k alanlarda 400 metreye kadar menzil sunarak geni\u015f oyun alanlar\u0131nda \u00f6zg\u00fcrce kullan\u0131labilir.Ses efektleri ve ayarlanabilir ses seviyesi, oyun deneyimini daha e\u011flenceli hale getirir. Net ses iletimi sayesinde kesintisiz ileti\u015fim sa\u011flan\u0131r.Bu \u00fcr\u00fcn, \u00e7ocuklar\u0131n sosyalle\u015fmesini destekleyen, hareketli oyunlara te\u015fvik eden e\u011fitici bir oyuncakt\u0131r.<\/p>\n","protected":false},"excerpt":{"rendered":"<p>G\u00f6r\u00fcnt\u00fcl\u00fc ve sesli ileti\u015fim sunan walkie talkie, \u00e7ocuklar i\u00e7in tasarlanm\u0131\u015f modern bir oyuncakt\u0131r. Video interkom \u00f6zelli\u011fi sayesinde \u00e7ocuklar kar\u015f\u0131l\u0131kl\u0131 olarak birbirlerini g\u00f6rebilir ve oyunlar\u0131n\u0131 daha ger\u00e7ek\u00e7i hale getirebilir.Hafif ve ergonomik yap\u0131s\u0131, k\u00fc\u00e7\u00fck \u00e7ocuk elleri i\u00e7in idealdir. Basit kontrol sistemi sayesinde \u00e7ocuklar cihaz\u0131 k\u0131sa s\u00fcrede \u00f6\u011frenir. Tek kanall\u0131 yap\u0131, kullan\u0131m s\u0131ras\u0131nda kar\u0131\u015f\u0131kl\u0131\u011f\u0131 \u00f6nler.Uzun mesafe ileti\u015fim \u00f6zelli\u011fi,&#8230;<\/p>\n","protected":false},"featured_media":124194,"comment_status":"open","ping_status":"closed","template":"","meta":{"_kad_post_transparent":"","_kad_post_title":"","_kad_post_layout":"","_kad_post_sidebar_id":"","_kad_post_content_style":"","_kad_post_vertical_padding":"","_kad_post_feature":"","_kad_post_feature_position":"","_kad_post_header":false,"_kad_post_footer":false,"_kad_post_classname":""},"product_brand":[],"product_cat":[15060],"product_tag":[],"class_list":{"0":"post-124195","1":"product","2":"type-product","3":"status-publish","4":"has-post-thumbnail","6":"product_cat-telsiz-kamera-dedektor-telsiz-kamera-dedektor","8":"first","9":"instock","10":"purchasable","11":"product-type-simple","12":"entry","13":"content-bg","14":"loop-entry"},"_links":{"self":[{"href":"https:\/\/www.hediyepazar.com\/index.php?rest_route=\/wp\/v2\/product\/124195","targetHints":{"allow":["GET"]}}],"collection":[{"href":"https:\/\/www.hediyepazar.com\/index.php?rest_route=\/wp\/v2\/product"}],"about":[{"href":"https:\/\/www.hediyepazar.com\/index.php?rest_route=\/wp\/v2\/types\/product"}],"replies":[{"embeddable":true,"href":"https:\/\/www.hediyepazar.com\/index.php?rest_route=%2Fwp%2Fv2%2Fcomments&post=124195"}],"wp:featuredmedia":[{"embeddable":true,"href":"https:\/\/www.hediyepazar.com\/index.php?rest_route=\/wp\/v2\/media\/124194"}],"wp:attachment":[{"href":"https:\/\/www.hediyepazar.com\/index.php?rest_route=%2Fwp%2Fv2%2Fmedia&parent=124195"}],"wp:term":[{"taxonomy":"product_brand","embeddable":true,"href":"https:\/\/www.hediyepazar.com\/index.php?rest_route=%2Fwp%2Fv2%2Fproduct_brand&post=124195"},{"taxonomy":"product_cat","embeddable":true,"href":"https:\/\/www.hediyepazar.com\/index.php?rest_route=%2Fwp%2Fv2%2Fproduct_cat&post=124195"},{"taxonomy":"product_tag","embeddable":true,"href":"https:\/\/www.hediyepazar.com\/index.php?rest_route=%2Fwp%2Fv2%2Fproduct_tag&post=124195"}],"curies":[{"name":"wp","href":"https:\/\/api.w.org\/{rel}","templated":true}]}}