{"id":124197,"date":"2026-05-06T15:02:59","date_gmt":"2026-05-06T18:02:59","guid":{"rendered":"https:\/\/www.hediyepazar.com\/?product=cocuklar-icin-video-gorusmeli-walkie-talkie-uzun-mesafe-iletisim"},"modified":"2026-05-06T15:02:59","modified_gmt":"2026-05-06T18:02:59","slug":"cocuklar-icin-video-gorusmeli-walkie-talkie-uzun-mesafe-iletisim","status":"publish","type":"product","link":"https:\/\/www.hediyepazar.com\/?product=cocuklar-icin-video-gorusmeli-walkie-talkie-uzun-mesafe-iletisim","title":{"rendered":"\u00c7ocuklar \u0130\u00e7in Video G\u00f6r\u00fc\u015fmeli Walkie Talkie Uzun Mesafe \u0130leti\u015fim"},"content":{"rendered":"<p>\u00c7ocuklara \u00f6zel tasarlanan g\u00f6r\u00fcnt\u00fcl\u00fc walkie talkie, oyun saatlerini daha e\u011flenceli ve interaktif hale getirir. Video g\u00f6r\u00fc\u015fme \u00f6zelli\u011fi sayesinde \u00e7ocuklar sadece seslerini de\u011fil, g\u00f6r\u00fcnt\u00fclerini de payla\u015farak ileti\u015fim kurabilir. Bu durum, \u00f6zellikle rol yapma oyunlar\u0131 ve macera temal\u0131 aktivitelerde b\u00fcy\u00fck keyif sa\u011flar.Kullan\u0131m\u0131 olduk\u00e7a basittir. B\u00fcy\u00fck ve anla\u015f\u0131l\u0131r d\u00fc\u011fmeler, \u00e7ocuklar\u0131n cihaz\u0131 kolayca \u00f6\u011frenmesini sa\u011flar. Bas-konu\u015f sistemi ile tek tu\u015fla ileti\u015fim kurulabilir. Tek kanal kilidi sayesinde karma\u015f\u0131k ayarlar olmadan g\u00fcvenli kullan\u0131m sunar.Uzun menzilli ileti\u015fim kapasitesi ile kapal\u0131 alanlarda 100 metreye, a\u00e7\u0131k alanlarda 400 metreye kadar ba\u011flant\u0131 sa\u011flar. Evde, bah\u00e7ede, parkta veya tatil s\u0131ras\u0131nda \u00e7ocuklar\u0131n birbirleriyle ileti\u015fimde kalmas\u0131na yard\u0131mc\u0131 olur.\u00dc\u00e7 farkl\u0131 ses modu ve ayarlanabilir ses seviyesi, oyunlar\u0131 daha e\u011flenceli hale getirir. Net ses iletimi sayesinde \u00e7ocuklar\u0131n sesi her zaman anla\u015f\u0131l\u0131r \u015fekilde duyulur.Bu walkie talkie, \u00e7ocuklar\u0131n ileti\u015fim becerilerini desteklerken ayn\u0131 zamanda a\u00e7\u0131k hava aktivitelerini te\u015fvik eder. 3\u201312 ya\u015f aras\u0131 \u00e7ocuklar i\u00e7in e\u011flenceli, \u00f6\u011fretici ve g\u00fcvenli bir oyuncak alternatifi sunar.<\/p>\n","protected":false},"excerpt":{"rendered":"<p>\u00c7ocuklara \u00f6zel tasarlanan g\u00f6r\u00fcnt\u00fcl\u00fc walkie talkie, oyun saatlerini daha e\u011flenceli ve interaktif hale getirir. Video g\u00f6r\u00fc\u015fme \u00f6zelli\u011fi sayesinde \u00e7ocuklar sadece seslerini de\u011fil, g\u00f6r\u00fcnt\u00fclerini de payla\u015farak ileti\u015fim kurabilir. Bu durum, \u00f6zellikle rol yapma oyunlar\u0131 ve macera temal\u0131 aktivitelerde b\u00fcy\u00fck keyif sa\u011flar.Kullan\u0131m\u0131 olduk\u00e7a basittir. B\u00fcy\u00fck ve anla\u015f\u0131l\u0131r d\u00fc\u011fmeler, \u00e7ocuklar\u0131n cihaz\u0131 kolayca \u00f6\u011frenmesini sa\u011flar. Bas-konu\u015f sistemi ile tek&#8230;<\/p>\n","protected":false},"featured_media":124196,"comment_status":"open","ping_status":"closed","template":"","meta":{"_kad_post_transparent":"","_kad_post_title":"","_kad_post_layout":"","_kad_post_sidebar_id":"","_kad_post_content_style":"","_kad_post_vertical_padding":"","_kad_post_feature":"","_kad_post_feature_position":"","_kad_post_header":false,"_kad_post_footer":false,"_kad_post_classname":""},"product_brand":[],"product_cat":[15060],"product_tag":[],"class_list":{"0":"post-124197","1":"product","2":"type-product","3":"status-publish","4":"has-post-thumbnail","6":"product_cat-telsiz-kamera-dedektor-telsiz-kamera-dedektor","8":"first","9":"instock","10":"purchasable","11":"product-type-simple","12":"entry","13":"content-bg","14":"loop-entry"},"_links":{"self":[{"href":"https:\/\/www.hediyepazar.com\/index.php?rest_route=\/wp\/v2\/product\/124197","targetHints":{"allow":["GET"]}}],"collection":[{"href":"https:\/\/www.hediyepazar.com\/index.php?rest_route=\/wp\/v2\/product"}],"about":[{"href":"https:\/\/www.hediyepazar.com\/index.php?rest_route=\/wp\/v2\/types\/product"}],"replies":[{"embeddable":true,"href":"https:\/\/www.hediyepazar.com\/index.php?rest_route=%2Fwp%2Fv2%2Fcomments&post=124197"}],"wp:featuredmedia":[{"embeddable":true,"href":"https:\/\/www.hediyepazar.com\/index.php?rest_route=\/wp\/v2\/media\/124196"}],"wp:attachment":[{"href":"https:\/\/www.hediyepazar.com\/index.php?rest_route=%2Fwp%2Fv2%2Fmedia&parent=124197"}],"wp:term":[{"taxonomy":"product_brand","embeddable":true,"href":"https:\/\/www.hediyepazar.com\/index.php?rest_route=%2Fwp%2Fv2%2Fproduct_brand&post=124197"},{"taxonomy":"product_cat","embeddable":true,"href":"https:\/\/www.hediyepazar.com\/index.php?rest_route=%2Fwp%2Fv2%2Fproduct_cat&post=124197"},{"taxonomy":"product_tag","embeddable":true,"href":"https:\/\/www.hediyepazar.com\/index.php?rest_route=%2Fwp%2Fv2%2Fproduct_tag&post=124197"}],"curies":[{"name":"wp","href":"https:\/\/api.w.org\/{rel}","templated":true}]}}