{"id":124201,"date":"2026-05-06T15:03:11","date_gmt":"2026-05-06T18:03:11","guid":{"rendered":"https:\/\/www.hediyepazar.com\/?product=kablosuz-bebek-monitoru-720p-goruntu-ve-genis-ekran"},"modified":"2026-05-06T15:03:11","modified_gmt":"2026-05-06T18:03:11","slug":"kablosuz-bebek-monitoru-720p-goruntu-ve-genis-ekran","status":"publish","type":"product","link":"https:\/\/www.hediyepazar.com\/?product=kablosuz-bebek-monitoru-720p-goruntu-ve-genis-ekran","title":{"rendered":"Kablosuz Bebek Monit\u00f6r\u00fc 720P G\u00f6r\u00fcnt\u00fc ve Geni\u015f Ekran"},"content":{"rendered":"<p>720P HD g\u00f6r\u00fcnt\u00fc kalitesine sahip bebek kameras\u0131, bebe\u011finizin g\u00fcvenli\u011fini her an kontrol alt\u0131nda tutman\u0131za yard\u0131mc\u0131 olur. Geni\u015f ekranl\u0131 monit\u00f6r\u00fc sayesinde net ve rahat bir izleme sunar. Uzaktan kontroll\u00fc kamera yap\u0131s\u0131, bebe\u011fin bulundu\u011fu odan\u0131n tamam\u0131n\u0131 g\u00f6rmenizi sa\u011flar.HD gece g\u00f6r\u00fc\u015f, \u0131\u015f\u0131k kapal\u0131yken bile kesintisiz g\u00f6r\u00fcnt\u00fc sunar. A\u011flama alg\u0131lama \u00f6zelli\u011fi, ebeveynleri an\u0131nda bilgilendirir. \u0130ki y\u00f6nl\u00fc ses sistemi, bebe\u011finize uzaktan seslenerek onu sakinle\u015ftirmenize imk\u00e2n tan\u0131r.S\u0131cakl\u0131k \u00f6l\u00e7\u00fcm fonksiyonu, ortam\u0131n ideal seviyede olup olmad\u0131\u011f\u0131n\u0131 kontrol etmenizi sa\u011flar. Ninni ve alarm \u00f6zellikleri ebeveynlerin g\u00fcnl\u00fck d\u00fczenini destekler. Zoom fonksiyonu ile detayl\u0131 izleme yap\u0131labilir.Ev i\u00e7inde kablosuz ve pratik kullan\u0131m sunan bu bebek monit\u00f6r\u00fc, ebeveynler i\u00e7in g\u00fcvenilir bir yard\u0131mc\u0131d\u0131r.<\/p>\n","protected":false},"excerpt":{"rendered":"<p>720P HD g\u00f6r\u00fcnt\u00fc kalitesine sahip bebek kameras\u0131, bebe\u011finizin g\u00fcvenli\u011fini her an kontrol alt\u0131nda tutman\u0131za yard\u0131mc\u0131 olur. Geni\u015f ekranl\u0131 monit\u00f6r\u00fc sayesinde net ve rahat bir izleme sunar. Uzaktan kontroll\u00fc kamera yap\u0131s\u0131, bebe\u011fin bulundu\u011fu odan\u0131n tamam\u0131n\u0131 g\u00f6rmenizi sa\u011flar.HD gece g\u00f6r\u00fc\u015f, \u0131\u015f\u0131k kapal\u0131yken bile kesintisiz g\u00f6r\u00fcnt\u00fc sunar. A\u011flama alg\u0131lama \u00f6zelli\u011fi, ebeveynleri an\u0131nda bilgilendirir. \u0130ki y\u00f6nl\u00fc ses sistemi, bebe\u011finize&#8230;<\/p>\n","protected":false},"featured_media":124200,"comment_status":"open","ping_status":"closed","template":"","meta":{"_kad_post_transparent":"","_kad_post_title":"","_kad_post_layout":"","_kad_post_sidebar_id":"","_kad_post_content_style":"","_kad_post_vertical_padding":"","_kad_post_feature":"","_kad_post_feature_position":"","_kad_post_header":false,"_kad_post_footer":false,"_kad_post_classname":""},"product_brand":[],"product_cat":[14927],"product_tag":[],"class_list":{"0":"post-124201","1":"product","2":"type-product","3":"status-publish","4":"has-post-thumbnail","6":"product_cat-akilli-kamera-akilli-kamera","8":"first","9":"instock","10":"purchasable","11":"product-type-simple","12":"entry","13":"content-bg","14":"loop-entry"},"_links":{"self":[{"href":"https:\/\/www.hediyepazar.com\/index.php?rest_route=\/wp\/v2\/product\/124201","targetHints":{"allow":["GET"]}}],"collection":[{"href":"https:\/\/www.hediyepazar.com\/index.php?rest_route=\/wp\/v2\/product"}],"about":[{"href":"https:\/\/www.hediyepazar.com\/index.php?rest_route=\/wp\/v2\/types\/product"}],"replies":[{"embeddable":true,"href":"https:\/\/www.hediyepazar.com\/index.php?rest_route=%2Fwp%2Fv2%2Fcomments&post=124201"}],"wp:featuredmedia":[{"embeddable":true,"href":"https:\/\/www.hediyepazar.com\/index.php?rest_route=\/wp\/v2\/media\/124200"}],"wp:attachment":[{"href":"https:\/\/www.hediyepazar.com\/index.php?rest_route=%2Fwp%2Fv2%2Fmedia&parent=124201"}],"wp:term":[{"taxonomy":"product_brand","embeddable":true,"href":"https:\/\/www.hediyepazar.com\/index.php?rest_route=%2Fwp%2Fv2%2Fproduct_brand&post=124201"},{"taxonomy":"product_cat","embeddable":true,"href":"https:\/\/www.hediyepazar.com\/index.php?rest_route=%2Fwp%2Fv2%2Fproduct_cat&post=124201"},{"taxonomy":"product_tag","embeddable":true,"href":"https:\/\/www.hediyepazar.com\/index.php?rest_route=%2Fwp%2Fv2%2Fproduct_tag&post=124201"}],"curies":[{"name":"wp","href":"https:\/\/api.w.org\/{rel}","templated":true}]}}