{"id":124219,"date":"2026-05-06T15:06:09","date_gmt":"2026-05-06T18:06:09","guid":{"rendered":"https:\/\/www.hediyepazar.com\/?product=guclu-motorlu-elektrikli-toz-alma-ve-temizleme-aleti"},"modified":"2026-05-06T15:06:09","modified_gmt":"2026-05-06T18:06:09","slug":"guclu-motorlu-elektrikli-toz-alma-ve-temizleme-aleti","status":"publish","type":"product","link":"https:\/\/www.hediyepazar.com\/?product=guclu-motorlu-elektrikli-toz-alma-ve-temizleme-aleti","title":{"rendered":"G\u00fc\u00e7l\u00fc Motorlu Elektrikli Toz Alma ve Temizleme Aleti"},"content":{"rendered":"<p>G\u00fc\u00e7l\u00fc hava \u00fcfleme performans\u0131na sahip bu elektrikli toz alma cihaz\u0131, temizlik i\u015flemlerini pratik hale getirir. Turbo destekli motor yap\u0131s\u0131 ile inat\u00e7\u0131 kirleri kolayca uzakla\u015ft\u0131r\u0131r. Hafif ve ta\u015f\u0131nabilir tasar\u0131m\u0131 sayesinde her ortamda kullan\u0131labilir.<\/p>\n","protected":false},"excerpt":{"rendered":"<p>G\u00fc\u00e7l\u00fc hava \u00fcfleme performans\u0131na sahip bu elektrikli toz alma cihaz\u0131, temizlik i\u015flemlerini pratik hale getirir. Turbo destekli motor yap\u0131s\u0131 ile inat\u00e7\u0131 kirleri kolayca uzakla\u015ft\u0131r\u0131r. Hafif ve ta\u015f\u0131nabilir tasar\u0131m\u0131 sayesinde her ortamda kullan\u0131labilir.<\/p>\n","protected":false},"featured_media":124218,"comment_status":"open","ping_status":"closed","template":"","meta":{"_kad_post_transparent":"","_kad_post_title":"","_kad_post_layout":"","_kad_post_sidebar_id":"","_kad_post_content_style":"","_kad_post_vertical_padding":"","_kad_post_feature":"","_kad_post_feature_position":"","_kad_post_header":false,"_kad_post_footer":false,"_kad_post_classname":""},"product_brand":[],"product_cat":[14998],"product_tag":[],"class_list":{"0":"post-124219","1":"product","2":"type-product","3":"status-publish","4":"has-post-thumbnail","6":"product_cat-arac-ici-supurge-arac-ici-supurge","8":"first","9":"instock","10":"purchasable","11":"product-type-simple","12":"entry","13":"content-bg","14":"loop-entry"},"_links":{"self":[{"href":"https:\/\/www.hediyepazar.com\/index.php?rest_route=\/wp\/v2\/product\/124219","targetHints":{"allow":["GET"]}}],"collection":[{"href":"https:\/\/www.hediyepazar.com\/index.php?rest_route=\/wp\/v2\/product"}],"about":[{"href":"https:\/\/www.hediyepazar.com\/index.php?rest_route=\/wp\/v2\/types\/product"}],"replies":[{"embeddable":true,"href":"https:\/\/www.hediyepazar.com\/index.php?rest_route=%2Fwp%2Fv2%2Fcomments&post=124219"}],"wp:featuredmedia":[{"embeddable":true,"href":"https:\/\/www.hediyepazar.com\/index.php?rest_route=\/wp\/v2\/media\/124218"}],"wp:attachment":[{"href":"https:\/\/www.hediyepazar.com\/index.php?rest_route=%2Fwp%2Fv2%2Fmedia&parent=124219"}],"wp:term":[{"taxonomy":"product_brand","embeddable":true,"href":"https:\/\/www.hediyepazar.com\/index.php?rest_route=%2Fwp%2Fv2%2Fproduct_brand&post=124219"},{"taxonomy":"product_cat","embeddable":true,"href":"https:\/\/www.hediyepazar.com\/index.php?rest_route=%2Fwp%2Fv2%2Fproduct_cat&post=124219"},{"taxonomy":"product_tag","embeddable":true,"href":"https:\/\/www.hediyepazar.com\/index.php?rest_route=%2Fwp%2Fv2%2Fproduct_tag&post=124219"}],"curies":[{"name":"wp","href":"https:\/\/api.w.org\/{rel}","templated":true}]}}