{"id":124223,"date":"2026-05-06T15:06:19","date_gmt":"2026-05-06T18:06:19","guid":{"rendered":"https:\/\/www.hediyepazar.com\/?product=yuksek-hizli-elektrikli-toz-temizleme-ve-ufleme-cihazi"},"modified":"2026-05-06T15:06:19","modified_gmt":"2026-05-06T18:06:19","slug":"yuksek-hizli-elektrikli-toz-temizleme-ve-ufleme-cihazi","status":"publish","type":"product","link":"https:\/\/www.hediyepazar.com\/?product=yuksek-hizli-elektrikli-toz-temizleme-ve-ufleme-cihazi","title":{"rendered":"Y\u00fcksek H\u0131zl\u0131 Elektrikli Toz Temizleme ve \u00dcfleme Cihaz\u0131"},"content":{"rendered":"<p>Elektrikli hava \u00fcfleme cihaz\u0131, y\u00fcksek h\u0131zl\u0131 motoru ve yenilik\u00e7i tasar\u0131m\u0131 ile temizlik i\u015flerini zahmetsiz hale getirir. G\u00fc\u00e7l\u00fc hava ak\u0131\u015f\u0131 sayesinde toz, kir ve partik\u00fclleri h\u0131zl\u0131ca uzakla\u015ft\u0131r\u0131r. Turbo destekli motor yap\u0131s\u0131, yo\u011fun temizlik gerektiren alanlarda \u00fcst\u00fcn performans sunar.Bilgisayar, elektronik cihaz, ara\u00e7 i\u00e7i ve ev kullan\u0131m\u0131 i\u00e7in uygundur. Dinamik \u00fcfleme teknolojisi, hassas y\u00fczeylerde g\u00fcvenli temizlik sa\u011flar. Klasik temizlik \u00fcr\u00fcnlerine g\u00f6re daha pratik ve etkilidir.Ta\u015f\u0131nabilir ve kablosuz yap\u0131s\u0131 sayesinde her ortamda kullan\u0131labilir. A\u00e7\u0131k hava etkinliklerinde ve seyahatlerde b\u00fcy\u00fck kolayl\u0131k sa\u011flar. Ergonomik tasar\u0131m\u0131 elde rahat tutu\u015f sunar.A\u015f\u0131nmaya dayan\u0131kl\u0131 g\u00f6vde yap\u0131s\u0131, uzun s\u00fcreli kullan\u0131m i\u00e7in uygundur. Tek tu\u015fla \u00e7al\u0131\u015ft\u0131rma \u00f6zelli\u011fi kullan\u0131m kolayl\u0131\u011f\u0131 sa\u011flar. G\u00fcnl\u00fck temizlik rutinlerini h\u0131zland\u0131ran fonksiyonel bir \u00fcr\u00fcnd\u00fcr.<\/p>\n","protected":false},"excerpt":{"rendered":"<p>Elektrikli hava \u00fcfleme cihaz\u0131, y\u00fcksek h\u0131zl\u0131 motoru ve yenilik\u00e7i tasar\u0131m\u0131 ile temizlik i\u015flerini zahmetsiz hale getirir. G\u00fc\u00e7l\u00fc hava ak\u0131\u015f\u0131 sayesinde toz, kir ve partik\u00fclleri h\u0131zl\u0131ca uzakla\u015ft\u0131r\u0131r. Turbo destekli motor yap\u0131s\u0131, yo\u011fun temizlik gerektiren alanlarda \u00fcst\u00fcn performans sunar.Bilgisayar, elektronik cihaz, ara\u00e7 i\u00e7i ve ev kullan\u0131m\u0131 i\u00e7in uygundur. Dinamik \u00fcfleme teknolojisi, hassas y\u00fczeylerde g\u00fcvenli temizlik sa\u011flar. Klasik&#8230;<\/p>\n","protected":false},"featured_media":124222,"comment_status":"open","ping_status":"closed","template":"","meta":{"_kad_post_transparent":"","_kad_post_title":"","_kad_post_layout":"","_kad_post_sidebar_id":"","_kad_post_content_style":"","_kad_post_vertical_padding":"","_kad_post_feature":"","_kad_post_feature_position":"","_kad_post_header":false,"_kad_post_footer":false,"_kad_post_classname":""},"product_brand":[],"product_cat":[14998],"product_tag":[],"class_list":{"0":"post-124223","1":"product","2":"type-product","3":"status-publish","4":"has-post-thumbnail","6":"product_cat-arac-ici-supurge-arac-ici-supurge","8":"first","9":"instock","10":"purchasable","11":"product-type-simple","12":"entry","13":"content-bg","14":"loop-entry"},"_links":{"self":[{"href":"https:\/\/www.hediyepazar.com\/index.php?rest_route=\/wp\/v2\/product\/124223","targetHints":{"allow":["GET"]}}],"collection":[{"href":"https:\/\/www.hediyepazar.com\/index.php?rest_route=\/wp\/v2\/product"}],"about":[{"href":"https:\/\/www.hediyepazar.com\/index.php?rest_route=\/wp\/v2\/types\/product"}],"replies":[{"embeddable":true,"href":"https:\/\/www.hediyepazar.com\/index.php?rest_route=%2Fwp%2Fv2%2Fcomments&post=124223"}],"wp:featuredmedia":[{"embeddable":true,"href":"https:\/\/www.hediyepazar.com\/index.php?rest_route=\/wp\/v2\/media\/124222"}],"wp:attachment":[{"href":"https:\/\/www.hediyepazar.com\/index.php?rest_route=%2Fwp%2Fv2%2Fmedia&parent=124223"}],"wp:term":[{"taxonomy":"product_brand","embeddable":true,"href":"https:\/\/www.hediyepazar.com\/index.php?rest_route=%2Fwp%2Fv2%2Fproduct_brand&post=124223"},{"taxonomy":"product_cat","embeddable":true,"href":"https:\/\/www.hediyepazar.com\/index.php?rest_route=%2Fwp%2Fv2%2Fproduct_cat&post=124223"},{"taxonomy":"product_tag","embeddable":true,"href":"https:\/\/www.hediyepazar.com\/index.php?rest_route=%2Fwp%2Fv2%2Fproduct_tag&post=124223"}],"curies":[{"name":"wp","href":"https:\/\/api.w.org\/{rel}","templated":true}]}}