{"id":124233,"date":"2026-05-06T15:09:03","date_gmt":"2026-05-06T18:09:03","guid":{"rendered":"https:\/\/www.hediyepazar.com\/?product=solar-sarjli-ucgen-led-park-ve-ikaz-lambasi"},"modified":"2026-05-06T15:09:03","modified_gmt":"2026-05-06T18:09:03","slug":"solar-sarjli-ucgen-led-park-ve-ikaz-lambasi","status":"publish","type":"product","link":"https:\/\/www.hediyepazar.com\/?product=solar-sarjli-ucgen-led-park-ve-ikaz-lambasi","title":{"rendered":"Solar \u015earjl\u0131 \u00dc\u00e7gen LED Park ve \u0130kaz Lambas\u0131"},"content":{"rendered":"<p>\u00dc\u00e7gen \u015fekli ve 3 adet COB LED ile g\u00fc\u00e7l\u00fc beyaz ve k\u0131rm\u0131z\u0131 \u0131\u015f\u0131k modlar\u0131 sunar. Beyaz \u0131\u015f\u0131kta \u00e7ift kademeli g\u00fc\u00e7 ayar\u0131, k\u0131rm\u0131z\u0131 \u0131\u015f\u0131kta sabit, ikaz ve flash se\u00e7enekleri mevcuttur. Acil durumlar ve park i\u00e7in ideal bir lambad\u0131r.<\/p>\n","protected":false},"excerpt":{"rendered":"<p>\u00dc\u00e7gen \u015fekli ve 3 adet COB LED ile g\u00fc\u00e7l\u00fc beyaz ve k\u0131rm\u0131z\u0131 \u0131\u015f\u0131k modlar\u0131 sunar. Beyaz \u0131\u015f\u0131kta \u00e7ift kademeli g\u00fc\u00e7 ayar\u0131, k\u0131rm\u0131z\u0131 \u0131\u015f\u0131kta sabit, ikaz ve flash se\u00e7enekleri mevcuttur. Acil durumlar ve park i\u00e7in ideal bir lambad\u0131r.<\/p>\n","protected":false},"featured_media":124232,"comment_status":"open","ping_status":"closed","template":"","meta":{"_kad_post_transparent":"","_kad_post_title":"","_kad_post_layout":"","_kad_post_sidebar_id":"","_kad_post_content_style":"","_kad_post_vertical_padding":"","_kad_post_feature":"","_kad_post_feature_position":"","_kad_post_header":false,"_kad_post_footer":false,"_kad_post_classname":""},"product_brand":[],"product_cat":[15152],"product_tag":[],"class_list":{"0":"post-124233","1":"product","2":"type-product","3":"status-publish","4":"has-post-thumbnail","6":"product_cat-reflektor-reflektor","8":"first","9":"instock","10":"purchasable","11":"product-type-simple","12":"entry","13":"content-bg","14":"loop-entry"},"_links":{"self":[{"href":"https:\/\/www.hediyepazar.com\/index.php?rest_route=\/wp\/v2\/product\/124233","targetHints":{"allow":["GET"]}}],"collection":[{"href":"https:\/\/www.hediyepazar.com\/index.php?rest_route=\/wp\/v2\/product"}],"about":[{"href":"https:\/\/www.hediyepazar.com\/index.php?rest_route=\/wp\/v2\/types\/product"}],"replies":[{"embeddable":true,"href":"https:\/\/www.hediyepazar.com\/index.php?rest_route=%2Fwp%2Fv2%2Fcomments&post=124233"}],"wp:featuredmedia":[{"embeddable":true,"href":"https:\/\/www.hediyepazar.com\/index.php?rest_route=\/wp\/v2\/media\/124232"}],"wp:attachment":[{"href":"https:\/\/www.hediyepazar.com\/index.php?rest_route=%2Fwp%2Fv2%2Fmedia&parent=124233"}],"wp:term":[{"taxonomy":"product_brand","embeddable":true,"href":"https:\/\/www.hediyepazar.com\/index.php?rest_route=%2Fwp%2Fv2%2Fproduct_brand&post=124233"},{"taxonomy":"product_cat","embeddable":true,"href":"https:\/\/www.hediyepazar.com\/index.php?rest_route=%2Fwp%2Fv2%2Fproduct_cat&post=124233"},{"taxonomy":"product_tag","embeddable":true,"href":"https:\/\/www.hediyepazar.com\/index.php?rest_route=%2Fwp%2Fv2%2Fproduct_tag&post=124233"}],"curies":[{"name":"wp","href":"https:\/\/api.w.org\/{rel}","templated":true}]}}