{"id":124259,"date":"2026-05-06T15:10:59","date_gmt":"2026-05-06T18:10:59","guid":{"rendered":"https:\/\/www.hediyepazar.com\/?product=akilli-saat-bluetooth-kulaklik-adimsayar-saglik-takibi-cagri-cevaplama"},"modified":"2026-05-06T15:10:59","modified_gmt":"2026-05-06T18:10:59","slug":"akilli-saat-bluetooth-kulaklik-adimsayar-saglik-takibi-cagri-cevaplama","status":"publish","type":"product","link":"https:\/\/www.hediyepazar.com\/?product=akilli-saat-bluetooth-kulaklik-adimsayar-saglik-takibi-cagri-cevaplama","title":{"rendered":"Ak\u0131ll\u0131 Saat Bluetooth Kulakl\u0131k Ad\u0131msayar Sa\u011fl\u0131k Takibi \u00c7a\u011fr\u0131 Cevaplama"},"content":{"rendered":"<p>G\u00fcnl\u00fck hareketlerinizi ve egzersizlerinizi takip etmek i\u00e7in geli\u015fmi\u015f ad\u0131msayar \u00f6zelli\u011fi ile donat\u0131lm\u0131\u015f olan bu ak\u0131ll\u0131 saat, y\u00fcr\u00fcy\u00fc\u015f, ko\u015fu ve di\u011fer fiziksel aktivitelerinizi kaydederek sa\u011fl\u0131k bilincinizi art\u0131rman\u0131za yard\u0131mc\u0131 olur. Nab\u0131z \u00f6l\u00e7er sens\u00f6r\u00fc, anl\u0131k kalp at\u0131\u015f h\u0131z\u0131n\u0131z\u0131 s\u00fcrekli izleyerek daha sa\u011fl\u0131kl\u0131 bir ya\u015fam s\u00fcrd\u00fcrmenizi destekler. Uyku takibi fonksiyonu, gece boyunca uyku d\u00f6ng\u00fclerinizi analiz ederek uyku kalitenizi art\u0131rman\u0131za yard\u0131mc\u0131 olur. Titre\u015fimli bildirim \u00f6zelli\u011fi, gelen \u00e7a\u011fr\u0131lar, mesajlar ve uygulama bildirimleri hakk\u0131nda sizi bilgilendirerek \u00f6nemli anlar\u0131 ka\u00e7\u0131rman\u0131z\u0131 \u00f6nler.&nbsp;<\/p>\n","protected":false},"excerpt":{"rendered":"<p>G\u00fcnl\u00fck hareketlerinizi ve egzersizlerinizi takip etmek i\u00e7in geli\u015fmi\u015f ad\u0131msayar \u00f6zelli\u011fi ile donat\u0131lm\u0131\u015f olan bu ak\u0131ll\u0131 saat, y\u00fcr\u00fcy\u00fc\u015f, ko\u015fu ve di\u011fer fiziksel aktivitelerinizi kaydederek sa\u011fl\u0131k bilincinizi art\u0131rman\u0131za yard\u0131mc\u0131 olur. Nab\u0131z \u00f6l\u00e7er sens\u00f6r\u00fc, anl\u0131k kalp at\u0131\u015f h\u0131z\u0131n\u0131z\u0131 s\u00fcrekli izleyerek daha sa\u011fl\u0131kl\u0131 bir ya\u015fam s\u00fcrd\u00fcrmenizi destekler. Uyku takibi fonksiyonu, gece boyunca uyku d\u00f6ng\u00fclerinizi analiz ederek uyku kalitenizi art\u0131rman\u0131za&#8230;<\/p>\n","protected":false},"featured_media":124258,"comment_status":"open","ping_status":"closed","template":"","meta":{"_kad_post_transparent":"","_kad_post_title":"","_kad_post_layout":"","_kad_post_sidebar_id":"","_kad_post_content_style":"","_kad_post_vertical_padding":"","_kad_post_feature":"","_kad_post_feature_position":"","_kad_post_header":false,"_kad_post_footer":false,"_kad_post_classname":""},"product_brand":[],"product_cat":[14935],"product_tag":[],"class_list":{"0":"post-124259","1":"product","2":"type-product","3":"status-publish","4":"has-post-thumbnail","6":"product_cat-akilli-saatler-akilli-saatler","8":"first","9":"instock","10":"purchasable","11":"product-type-simple","12":"entry","13":"content-bg","14":"loop-entry"},"_links":{"self":[{"href":"https:\/\/www.hediyepazar.com\/index.php?rest_route=\/wp\/v2\/product\/124259","targetHints":{"allow":["GET"]}}],"collection":[{"href":"https:\/\/www.hediyepazar.com\/index.php?rest_route=\/wp\/v2\/product"}],"about":[{"href":"https:\/\/www.hediyepazar.com\/index.php?rest_route=\/wp\/v2\/types\/product"}],"replies":[{"embeddable":true,"href":"https:\/\/www.hediyepazar.com\/index.php?rest_route=%2Fwp%2Fv2%2Fcomments&post=124259"}],"wp:featuredmedia":[{"embeddable":true,"href":"https:\/\/www.hediyepazar.com\/index.php?rest_route=\/wp\/v2\/media\/124258"}],"wp:attachment":[{"href":"https:\/\/www.hediyepazar.com\/index.php?rest_route=%2Fwp%2Fv2%2Fmedia&parent=124259"}],"wp:term":[{"taxonomy":"product_brand","embeddable":true,"href":"https:\/\/www.hediyepazar.com\/index.php?rest_route=%2Fwp%2Fv2%2Fproduct_brand&post=124259"},{"taxonomy":"product_cat","embeddable":true,"href":"https:\/\/www.hediyepazar.com\/index.php?rest_route=%2Fwp%2Fv2%2Fproduct_cat&post=124259"},{"taxonomy":"product_tag","embeddable":true,"href":"https:\/\/www.hediyepazar.com\/index.php?rest_route=%2Fwp%2Fv2%2Fproduct_tag&post=124259"}],"curies":[{"name":"wp","href":"https:\/\/api.w.org\/{rel}","templated":true}]}}