{"id":124265,"date":"2026-05-06T15:11:14","date_gmt":"2026-05-06T18:11:14","guid":{"rendered":"https:\/\/www.hediyepazar.com\/?product=2si-1-arada-led-isikli-elektrikli-bocek-oldurucu"},"modified":"2026-05-06T15:11:14","modified_gmt":"2026-05-06T18:11:14","slug":"2si-1-arada-led-isikli-elektrikli-bocek-oldurucu","status":"publish","type":"product","link":"https:\/\/www.hediyepazar.com\/?product=2si-1-arada-led-isikli-elektrikli-bocek-oldurucu","title":{"rendered":"2\u2019si 1 Arada LED I\u015f\u0131kl\u0131 Elektrikli B\u00f6cek \u00d6ld\u00fcr\u00fcc\u00fc"},"content":{"rendered":"<p>Hem gece lambas\u0131 hem b\u00f6cek \u00f6ld\u00fcr\u00fcc\u00fc! Bu pratik \u00fcr\u00fcn, mor LED \u0131\u015f\u0131klar\u0131yla b\u00f6cekleri kendine \u00e7ekerken ayn\u0131 zamanda ortam\u0131n\u0131z\u0131 ayd\u0131nlat\u0131r. Sessiz \u00e7al\u0131\u015f\u0131r, d\u00fc\u015f\u00fck enerji t\u00fcketir ve \u00e7evreye zarar vermez. Dayan\u0131kl\u0131 ABS malzemeden \u00fcretilmi\u015f g\u00f6vdesi uzun \u00f6m\u00fcrl\u00fc kullan\u0131m sunar. Geni\u015f kullan\u0131m alan\u0131 sayesinde evde, ofiste, yazl\u0131kta ve bah\u00e7ede g\u00fcvenle tercih edebilirsiniz.<\/p>\n","protected":false},"excerpt":{"rendered":"<p>Hem gece lambas\u0131 hem b\u00f6cek \u00f6ld\u00fcr\u00fcc\u00fc! Bu pratik \u00fcr\u00fcn, mor LED \u0131\u015f\u0131klar\u0131yla b\u00f6cekleri kendine \u00e7ekerken ayn\u0131 zamanda ortam\u0131n\u0131z\u0131 ayd\u0131nlat\u0131r. Sessiz \u00e7al\u0131\u015f\u0131r, d\u00fc\u015f\u00fck enerji t\u00fcketir ve \u00e7evreye zarar vermez. Dayan\u0131kl\u0131 ABS malzemeden \u00fcretilmi\u015f g\u00f6vdesi uzun \u00f6m\u00fcrl\u00fc kullan\u0131m sunar. Geni\u015f kullan\u0131m alan\u0131 sayesinde evde, ofiste, yazl\u0131kta ve bah\u00e7ede g\u00fcvenle tercih edebilirsiniz.<\/p>\n","protected":false},"featured_media":124264,"comment_status":"open","ping_status":"closed","template":"","meta":{"_kad_post_transparent":"","_kad_post_title":"","_kad_post_layout":"","_kad_post_sidebar_id":"","_kad_post_content_style":"","_kad_post_vertical_padding":"","_kad_post_feature":"","_kad_post_feature_position":"","_kad_post_header":false,"_kad_post_footer":false,"_kad_post_classname":""},"product_brand":[],"product_cat":[15078],"product_tag":[],"class_list":{"0":"post-124265","1":"product","2":"type-product","3":"status-publish","4":"has-post-thumbnail","6":"product_cat-hasere-kovucular-hasere-kovucular","8":"first","9":"instock","10":"purchasable","11":"product-type-simple","12":"entry","13":"content-bg","14":"loop-entry"},"_links":{"self":[{"href":"https:\/\/www.hediyepazar.com\/index.php?rest_route=\/wp\/v2\/product\/124265","targetHints":{"allow":["GET"]}}],"collection":[{"href":"https:\/\/www.hediyepazar.com\/index.php?rest_route=\/wp\/v2\/product"}],"about":[{"href":"https:\/\/www.hediyepazar.com\/index.php?rest_route=\/wp\/v2\/types\/product"}],"replies":[{"embeddable":true,"href":"https:\/\/www.hediyepazar.com\/index.php?rest_route=%2Fwp%2Fv2%2Fcomments&post=124265"}],"wp:featuredmedia":[{"embeddable":true,"href":"https:\/\/www.hediyepazar.com\/index.php?rest_route=\/wp\/v2\/media\/124264"}],"wp:attachment":[{"href":"https:\/\/www.hediyepazar.com\/index.php?rest_route=%2Fwp%2Fv2%2Fmedia&parent=124265"}],"wp:term":[{"taxonomy":"product_brand","embeddable":true,"href":"https:\/\/www.hediyepazar.com\/index.php?rest_route=%2Fwp%2Fv2%2Fproduct_brand&post=124265"},{"taxonomy":"product_cat","embeddable":true,"href":"https:\/\/www.hediyepazar.com\/index.php?rest_route=%2Fwp%2Fv2%2Fproduct_cat&post=124265"},{"taxonomy":"product_tag","embeddable":true,"href":"https:\/\/www.hediyepazar.com\/index.php?rest_route=%2Fwp%2Fv2%2Fproduct_tag&post=124265"}],"curies":[{"name":"wp","href":"https:\/\/api.w.org\/{rel}","templated":true}]}}