{"id":124289,"date":"2026-05-06T15:14:38","date_gmt":"2026-05-06T18:14:38","guid":{"rendered":"https:\/\/www.hediyepazar.com\/?product=boyun-omuz-icin-akilli-masaj-aleti-isitmali"},"modified":"2026-05-06T15:14:38","modified_gmt":"2026-05-06T18:14:38","slug":"boyun-omuz-icin-akilli-masaj-aleti-isitmali","status":"publish","type":"product","link":"https:\/\/www.hediyepazar.com\/?product=boyun-omuz-icin-akilli-masaj-aleti-isitmali","title":{"rendered":"Boyun Omuz \u0130\u00e7in Ak\u0131ll\u0131 Masaj Aleti Is\u0131tmal\u0131"},"content":{"rendered":"<p>Farkl\u0131 v\u00fccut yap\u0131lar\u0131na uyum sa\u011flayacak \u015fekilde tasarlanm\u0131\u015ft\u0131rZahmetsiz kullan\u0131m sunan ergonomik formu ile \u00f6ne \u00e7\u0131kar\u00c7ift modlu \u0131s\u0131tma mekanizmas\u0131 sayesinde etkili kas gev\u015fetme sa\u011flar3 farkl\u0131 yo\u011funluk se\u00e7ene\u011fi ile ki\u015fisel masaj deneyimi olu\u015fturulabilirBoyun ve omuz kaslar\u0131nda olu\u015fan sertli\u011fi azaltmaya yard\u0131mc\u0131 olurSo\u011fuk stresine ba\u011fl\u0131 kas gerginli\u011fini hafifletmeyi desteklerEgzersiz sonras\u0131 kaslar\u0131n rahatlamas\u0131na katk\u0131 sa\u011flarG\u00fcnl\u00fck kullan\u0131mda kas yorgunlu\u011funu azaltmay\u0131 hedeflerIs\u0131 ve masaj kombinasyonu ile daha derin bir rahatlama hissi sunarKaslar\u0131 nazik\u00e7e uyararak gev\u015feme s\u00fcrecini desteklerAyarlanabilir bas\u0131n\u00e7 seviyesi ile konforlu kullan\u0131m sa\u011flarSpor sonras\u0131 veya yo\u011fun bir g\u00fcn\u00fcn ard\u0131ndan tercih edilebilirKullan\u0131m\u0131 kolay kontrol sistemi ile herkes i\u00e7in uygundurBoyun b\u00f6lgesinde homojen \u0131s\u0131 da\u011f\u0131l\u0131m\u0131 sunarMasaj s\u0131ras\u0131nda do\u011fal bir s\u0131cakl\u0131k hissi olu\u015ftururG\u00fcnl\u00fck ya\u015fam temposuna uyum sa\u011flarKas tutulmalar\u0131n\u0131 hafifletmeye yard\u0131mc\u0131 olurUzun s\u00fcreli kullan\u0131mda rahatlama hissini desteklerEv ortam\u0131nda profesyonel masaj hissi sunmay\u0131 ama\u00e7larKonforlu ve pratik bir masaj deneyimi sa\u011flar<\/p>\n","protected":false},"excerpt":{"rendered":"<p>Farkl\u0131 v\u00fccut yap\u0131lar\u0131na uyum sa\u011flayacak \u015fekilde tasarlanm\u0131\u015ft\u0131rZahmetsiz kullan\u0131m sunan ergonomik formu ile \u00f6ne \u00e7\u0131kar\u00c7ift modlu \u0131s\u0131tma mekanizmas\u0131 sayesinde etkili kas gev\u015fetme sa\u011flar3 farkl\u0131 yo\u011funluk se\u00e7ene\u011fi ile ki\u015fisel masaj deneyimi olu\u015fturulabilirBoyun ve omuz kaslar\u0131nda olu\u015fan sertli\u011fi azaltmaya yard\u0131mc\u0131 olurSo\u011fuk stresine ba\u011fl\u0131 kas gerginli\u011fini hafifletmeyi desteklerEgzersiz sonras\u0131 kaslar\u0131n rahatlamas\u0131na katk\u0131 sa\u011flarG\u00fcnl\u00fck kullan\u0131mda kas yorgunlu\u011funu azaltmay\u0131 hedeflerIs\u0131 ve&#8230;<\/p>\n","protected":false},"featured_media":124288,"comment_status":"open","ping_status":"closed","template":"","meta":{"_kad_post_transparent":"","_kad_post_title":"","_kad_post_layout":"","_kad_post_sidebar_id":"","_kad_post_content_style":"","_kad_post_vertical_padding":"","_kad_post_feature":"","_kad_post_feature_position":"","_kad_post_header":false,"_kad_post_footer":false,"_kad_post_classname":""},"product_brand":[],"product_cat":[14939],"product_tag":[],"class_list":{"0":"post-124289","1":"product","2":"type-product","3":"status-publish","4":"has-post-thumbnail","6":"product_cat-masaj-cihazi-masaj-cihazi","8":"first","9":"instock","10":"purchasable","11":"product-type-simple","12":"entry","13":"content-bg","14":"loop-entry"},"_links":{"self":[{"href":"https:\/\/www.hediyepazar.com\/index.php?rest_route=\/wp\/v2\/product\/124289","targetHints":{"allow":["GET"]}}],"collection":[{"href":"https:\/\/www.hediyepazar.com\/index.php?rest_route=\/wp\/v2\/product"}],"about":[{"href":"https:\/\/www.hediyepazar.com\/index.php?rest_route=\/wp\/v2\/types\/product"}],"replies":[{"embeddable":true,"href":"https:\/\/www.hediyepazar.com\/index.php?rest_route=%2Fwp%2Fv2%2Fcomments&post=124289"}],"wp:featuredmedia":[{"embeddable":true,"href":"https:\/\/www.hediyepazar.com\/index.php?rest_route=\/wp\/v2\/media\/124288"}],"wp:attachment":[{"href":"https:\/\/www.hediyepazar.com\/index.php?rest_route=%2Fwp%2Fv2%2Fmedia&parent=124289"}],"wp:term":[{"taxonomy":"product_brand","embeddable":true,"href":"https:\/\/www.hediyepazar.com\/index.php?rest_route=%2Fwp%2Fv2%2Fproduct_brand&post=124289"},{"taxonomy":"product_cat","embeddable":true,"href":"https:\/\/www.hediyepazar.com\/index.php?rest_route=%2Fwp%2Fv2%2Fproduct_cat&post=124289"},{"taxonomy":"product_tag","embeddable":true,"href":"https:\/\/www.hediyepazar.com\/index.php?rest_route=%2Fwp%2Fv2%2Fproduct_tag&post=124289"}],"curies":[{"name":"wp","href":"https:\/\/api.w.org\/{rel}","templated":true}]}}