{"id":124297,"date":"2026-05-06T15:15:09","date_gmt":"2026-05-06T18:15:09","guid":{"rendered":"https:\/\/www.hediyepazar.com\/?product=cok-amacli-pelvik-kas-guclendirici-egzersiz-aleti"},"modified":"2026-05-06T15:15:09","modified_gmt":"2026-05-06T18:15:09","slug":"cok-amacli-pelvik-kas-guclendirici-egzersiz-aleti","status":"publish","type":"product","link":"https:\/\/www.hediyepazar.com\/?product=cok-amacli-pelvik-kas-guclendirici-egzersiz-aleti","title":{"rendered":"\u00c7ok Ama\u00e7l\u0131 Pelvik Kas G\u00fc\u00e7lendirici Egzersiz Aleti"},"content":{"rendered":"<p>-Kal\u00e7a, uyluk ve pelvik kaslar\u0131 ayn\u0131 anda \u00e7al\u0131\u015ft\u0131r\u0131rKan dola\u015f\u0131m\u0131n\u0131 destekleyerek kas aktivasyonunu art\u0131r\u0131rBel ve alt v\u00fccut kaslar\u0131n\u0131 g\u00fc\u00e7lendirmeye yard\u0131mc\u0131 olurEv egzersizleri i\u00e7in ek ekipman gerektirmezKad\u0131n ve erkek kullan\u0131c\u0131lar i\u00e7in uygundur<\/p>\n","protected":false},"excerpt":{"rendered":"<p>-Kal\u00e7a, uyluk ve pelvik kaslar\u0131 ayn\u0131 anda \u00e7al\u0131\u015ft\u0131r\u0131rKan dola\u015f\u0131m\u0131n\u0131 destekleyerek kas aktivasyonunu art\u0131r\u0131rBel ve alt v\u00fccut kaslar\u0131n\u0131 g\u00fc\u00e7lendirmeye yard\u0131mc\u0131 olurEv egzersizleri i\u00e7in ek ekipman gerektirmezKad\u0131n ve erkek kullan\u0131c\u0131lar i\u00e7in uygundur<\/p>\n","protected":false},"featured_media":124296,"comment_status":"open","ping_status":"closed","template":"","meta":{"_kad_post_transparent":"","_kad_post_title":"","_kad_post_layout":"","_kad_post_sidebar_id":"","_kad_post_content_style":"","_kad_post_vertical_padding":"","_kad_post_feature":"","_kad_post_feature_position":"","_kad_post_header":false,"_kad_post_footer":false,"_kad_post_classname":""},"product_brand":[],"product_cat":[15095],"product_tag":[],"class_list":{"0":"post-124297","1":"product","2":"type-product","3":"status-publish","4":"has-post-thumbnail","6":"product_cat-egzersiz-aletleri-egzersiz-aletleri","8":"first","9":"instock","10":"purchasable","11":"product-type-simple","12":"entry","13":"content-bg","14":"loop-entry"},"_links":{"self":[{"href":"https:\/\/www.hediyepazar.com\/index.php?rest_route=\/wp\/v2\/product\/124297","targetHints":{"allow":["GET"]}}],"collection":[{"href":"https:\/\/www.hediyepazar.com\/index.php?rest_route=\/wp\/v2\/product"}],"about":[{"href":"https:\/\/www.hediyepazar.com\/index.php?rest_route=\/wp\/v2\/types\/product"}],"replies":[{"embeddable":true,"href":"https:\/\/www.hediyepazar.com\/index.php?rest_route=%2Fwp%2Fv2%2Fcomments&post=124297"}],"wp:featuredmedia":[{"embeddable":true,"href":"https:\/\/www.hediyepazar.com\/index.php?rest_route=\/wp\/v2\/media\/124296"}],"wp:attachment":[{"href":"https:\/\/www.hediyepazar.com\/index.php?rest_route=%2Fwp%2Fv2%2Fmedia&parent=124297"}],"wp:term":[{"taxonomy":"product_brand","embeddable":true,"href":"https:\/\/www.hediyepazar.com\/index.php?rest_route=%2Fwp%2Fv2%2Fproduct_brand&post=124297"},{"taxonomy":"product_cat","embeddable":true,"href":"https:\/\/www.hediyepazar.com\/index.php?rest_route=%2Fwp%2Fv2%2Fproduct_cat&post=124297"},{"taxonomy":"product_tag","embeddable":true,"href":"https:\/\/www.hediyepazar.com\/index.php?rest_route=%2Fwp%2Fv2%2Fproduct_tag&post=124297"}],"curies":[{"name":"wp","href":"https:\/\/api.w.org\/{rel}","templated":true}]}}