{"id":124303,"date":"2026-05-06T15:15:59","date_gmt":"2026-05-06T18:15:59","guid":{"rendered":"https:\/\/www.hediyepazar.com\/?product=guvenli-elektrikli-fanli-isitici-termostatli-hizli-isitma"},"modified":"2026-05-06T15:15:59","modified_gmt":"2026-05-06T18:15:59","slug":"guvenli-elektrikli-fanli-isitici-termostatli-hizli-isitma","status":"publish","type":"product","link":"https:\/\/www.hediyepazar.com\/?product=guvenli-elektrikli-fanli-isitici-termostatli-hizli-isitma","title":{"rendered":"G\u00fcvenli Elektrikli Fanl\u0131 Is\u0131t\u0131c\u0131 Termostatl\u0131 H\u0131zl\u0131 Is\u0131tma"},"content":{"rendered":"<p>Fanl\u0131 elektrikli \u0131s\u0131t\u0131c\u0131, h\u0131zl\u0131 ve etkili \u0131s\u0131nma sa\u011flayan yap\u0131s\u0131yla k\u0131\u015f aylar\u0131nda konforlu bir ortam olu\u015fturur. Termostat kontroll\u00fc sistemi, ortam s\u0131cakl\u0131\u011f\u0131n\u0131 dengede tutarak ani \u0131s\u0131 de\u011fi\u015fimlerinin \u00f6n\u00fcne ge\u00e7er. Fanl\u0131 \u00e7al\u0131\u015fma prensibi, s\u0131cak havan\u0131n ortamda e\u015fit da\u011f\u0131lmas\u0131n\u0131 sa\u011flar ve daha verimli bir \u0131s\u0131nma deneyimi sunar.Yanmaz plastik malzemeden \u00fcretilmi\u015f g\u00f6vdesi ve termik koruma \u00f6zelli\u011fi, g\u00fcvenli kullan\u0131m a\u00e7\u0131s\u0131ndan \u00f6ne \u00e7\u0131kar. A\u015f\u0131r\u0131 \u0131s\u0131nma durumlar\u0131nda otomatik kapanma \u00f6zelli\u011fi sayesinde olas\u0131 kazalar\u0131n \u00f6n\u00fcne ge\u00e7ilir. Enerji verimlili\u011fi sa\u011flayan termostatl\u0131 yap\u0131, elektrik t\u00fcketimini kontrol alt\u0131nda tutar.So\u011fuk hava \u00fcfleme fonksiyonu, \u00fcr\u00fcn\u00fc \u00e7ok y\u00f6nl\u00fc bir hale getirir. Yaz aylar\u0131nda fan olarak kullan\u0131labilir. Kompakt boyutu sayesinde masa alt\u0131, k\u00f6\u015fe veya dar alanlarda rahat\u00e7a konumland\u0131r\u0131labilir. Dikey ve yatay kullan\u0131m imk\u00e2n\u0131, \u00fcr\u00fcn\u00fc farkl\u0131 ihtiya\u00e7lara g\u00f6re y\u00f6nlendirmeyi kolayla\u015ft\u0131r\u0131r. Fanl\u0131 oda \u0131s\u0131t\u0131c\u0131s\u0131, pratik, g\u00fcvenli ve ekonomik bir elektrikli \u0131s\u0131t\u0131c\u0131 arayan kullan\u0131c\u0131lar i\u00e7in ideal bir se\u00e7enektir.<\/p>\n","protected":false},"excerpt":{"rendered":"<p>Fanl\u0131 elektrikli \u0131s\u0131t\u0131c\u0131, h\u0131zl\u0131 ve etkili \u0131s\u0131nma sa\u011flayan yap\u0131s\u0131yla k\u0131\u015f aylar\u0131nda konforlu bir ortam olu\u015fturur. Termostat kontroll\u00fc sistemi, ortam s\u0131cakl\u0131\u011f\u0131n\u0131 dengede tutarak ani \u0131s\u0131 de\u011fi\u015fimlerinin \u00f6n\u00fcne ge\u00e7er. Fanl\u0131 \u00e7al\u0131\u015fma prensibi, s\u0131cak havan\u0131n ortamda e\u015fit da\u011f\u0131lmas\u0131n\u0131 sa\u011flar ve daha verimli bir \u0131s\u0131nma deneyimi sunar.Yanmaz plastik malzemeden \u00fcretilmi\u015f g\u00f6vdesi ve termik koruma \u00f6zelli\u011fi, g\u00fcvenli kullan\u0131m a\u00e7\u0131s\u0131ndan \u00f6ne&#8230;<\/p>\n","protected":false},"featured_media":124302,"comment_status":"open","ping_status":"closed","template":"","meta":{"_kad_post_transparent":"","_kad_post_title":"","_kad_post_layout":"","_kad_post_sidebar_id":"","_kad_post_content_style":"","_kad_post_vertical_padding":"","_kad_post_feature":"","_kad_post_feature_position":"","_kad_post_header":false,"_kad_post_footer":false,"_kad_post_classname":""},"product_brand":[],"product_cat":[15097],"product_tag":[],"class_list":{"0":"post-124303","1":"product","2":"type-product","3":"status-publish","4":"has-post-thumbnail","6":"product_cat-elektrikli-soba-elektrikli-soba","8":"first","9":"instock","10":"purchasable","11":"product-type-simple","12":"entry","13":"content-bg","14":"loop-entry"},"_links":{"self":[{"href":"https:\/\/www.hediyepazar.com\/index.php?rest_route=\/wp\/v2\/product\/124303","targetHints":{"allow":["GET"]}}],"collection":[{"href":"https:\/\/www.hediyepazar.com\/index.php?rest_route=\/wp\/v2\/product"}],"about":[{"href":"https:\/\/www.hediyepazar.com\/index.php?rest_route=\/wp\/v2\/types\/product"}],"replies":[{"embeddable":true,"href":"https:\/\/www.hediyepazar.com\/index.php?rest_route=%2Fwp%2Fv2%2Fcomments&post=124303"}],"wp:featuredmedia":[{"embeddable":true,"href":"https:\/\/www.hediyepazar.com\/index.php?rest_route=\/wp\/v2\/media\/124302"}],"wp:attachment":[{"href":"https:\/\/www.hediyepazar.com\/index.php?rest_route=%2Fwp%2Fv2%2Fmedia&parent=124303"}],"wp:term":[{"taxonomy":"product_brand","embeddable":true,"href":"https:\/\/www.hediyepazar.com\/index.php?rest_route=%2Fwp%2Fv2%2Fproduct_brand&post=124303"},{"taxonomy":"product_cat","embeddable":true,"href":"https:\/\/www.hediyepazar.com\/index.php?rest_route=%2Fwp%2Fv2%2Fproduct_cat&post=124303"},{"taxonomy":"product_tag","embeddable":true,"href":"https:\/\/www.hediyepazar.com\/index.php?rest_route=%2Fwp%2Fv2%2Fproduct_tag&post=124303"}],"curies":[{"name":"wp","href":"https:\/\/api.w.org\/{rel}","templated":true}]}}