{"id":124307,"date":"2026-05-06T15:16:14","date_gmt":"2026-05-06T18:16:14","guid":{"rendered":"https:\/\/www.hediyepazar.com\/?product=tasinabilir-fanli-isitici-elektrikli-termik-korumali-oda-isitici"},"modified":"2026-05-06T15:16:14","modified_gmt":"2026-05-06T18:16:14","slug":"tasinabilir-fanli-isitici-elektrikli-termik-korumali-oda-isitici","status":"publish","type":"product","link":"https:\/\/www.hediyepazar.com\/?product=tasinabilir-fanli-isitici-elektrikli-termik-korumali-oda-isitici","title":{"rendered":"Ta\u015f\u0131nabilir Fanl\u0131 Is\u0131t\u0131c\u0131 Elektrikli Termik Korumal\u0131 Oda Is\u0131t\u0131c\u0131"},"content":{"rendered":"<p>Fanl\u0131 oda \u0131s\u0131t\u0131c\u0131s\u0131, modern tasar\u0131m\u0131 ve g\u00fc\u00e7l\u00fc performans\u0131yla g\u00fcnl\u00fck \u0131s\u0131nma ihtiya\u00e7lar\u0131n\u0131 kar\u015f\u0131lamak \u00fczere tasarlanm\u0131\u015ft\u0131r. Termostat kontroll\u00fc yap\u0131s\u0131 sayesinde ortam s\u0131cakl\u0131\u011f\u0131n\u0131 h\u0131zl\u0131 bir \u015fekilde y\u00fckseltir ve sabit tutar. Fanl\u0131 sistem, s\u0131cak havay\u0131 dola\u015f\u0131ma sokarak ortamda homojen bir \u0131s\u0131 da\u011f\u0131l\u0131m\u0131 sa\u011flar. Bu sayede kapal\u0131 alanlarda s\u0131k\u00e7a hissedilen a\u011f\u0131r ve bo\u011fucu s\u0131cakl\u0131k olu\u015fmaz.Yanmaz plastik malzeme ile \u00fcretilen g\u00f6vdesi, g\u00fcvenli kullan\u0131m a\u00e7\u0131s\u0131ndan \u00f6nemli bir avantaj sunar. Termik koruma sistemi, cihaz\u0131n a\u015f\u0131r\u0131 \u0131s\u0131nmas\u0131 durumunda otomatik olarak kapanmas\u0131n\u0131 sa\u011flayarak olas\u0131 riskleri \u00f6nler. Elektrikli \u0131s\u0131t\u0131c\u0131y\u0131 uzun s\u00fcre g\u00fcvenle kullanabilmenize yard\u0131mc\u0131 olur. Termostatl\u0131 kontrol, enerji verimlili\u011fini art\u0131r\u0131r ve elektrik t\u00fcketimini optimize eder.So\u011fuk hava \u00fcfleme \u00f6zelli\u011fi, \u00fcr\u00fcn\u00fc yaln\u0131zca k\u0131\u015f aylar\u0131nda de\u011fil, y\u0131l boyunca kullan\u0131\u015fl\u0131 hale getirir. Ta\u015f\u0131nabilir yap\u0131s\u0131 sayesinde evde farkl\u0131 odalarda, ofiste veya k\u00fc\u00e7\u00fck \u00e7al\u0131\u015fma alanlar\u0131nda rahatl\u0131kla kullan\u0131labilir. Dikey ve yatay kullan\u0131m imk\u00e2n\u0131, y\u00f6nlendirme konusunda esneklik sunar. Fanl\u0131 elektrikli \u0131s\u0131t\u0131c\u0131, g\u00fcvenli, fonksiyonel ve \u00e7ok ama\u00e7l\u0131 bir \u0131s\u0131tma \u00e7\u00f6z\u00fcm\u00fc arayan kullan\u0131c\u0131lar i\u00e7in ideal bir \u00fcr\u00fcnd\u00fcr.<\/p>\n","protected":false},"excerpt":{"rendered":"<p>Fanl\u0131 oda \u0131s\u0131t\u0131c\u0131s\u0131, modern tasar\u0131m\u0131 ve g\u00fc\u00e7l\u00fc performans\u0131yla g\u00fcnl\u00fck \u0131s\u0131nma ihtiya\u00e7lar\u0131n\u0131 kar\u015f\u0131lamak \u00fczere tasarlanm\u0131\u015ft\u0131r. Termostat kontroll\u00fc yap\u0131s\u0131 sayesinde ortam s\u0131cakl\u0131\u011f\u0131n\u0131 h\u0131zl\u0131 bir \u015fekilde y\u00fckseltir ve sabit tutar. Fanl\u0131 sistem, s\u0131cak havay\u0131 dola\u015f\u0131ma sokarak ortamda homojen bir \u0131s\u0131 da\u011f\u0131l\u0131m\u0131 sa\u011flar. Bu sayede kapal\u0131 alanlarda s\u0131k\u00e7a hissedilen a\u011f\u0131r ve bo\u011fucu s\u0131cakl\u0131k olu\u015fmaz.Yanmaz plastik malzeme ile \u00fcretilen g\u00f6vdesi,&#8230;<\/p>\n","protected":false},"featured_media":124306,"comment_status":"open","ping_status":"closed","template":"","meta":{"_kad_post_transparent":"","_kad_post_title":"","_kad_post_layout":"","_kad_post_sidebar_id":"","_kad_post_content_style":"","_kad_post_vertical_padding":"","_kad_post_feature":"","_kad_post_feature_position":"","_kad_post_header":false,"_kad_post_footer":false,"_kad_post_classname":""},"product_brand":[],"product_cat":[15097],"product_tag":[],"class_list":{"0":"post-124307","1":"product","2":"type-product","3":"status-publish","4":"has-post-thumbnail","6":"product_cat-elektrikli-soba-elektrikli-soba","8":"first","9":"instock","10":"purchasable","11":"product-type-simple","12":"entry","13":"content-bg","14":"loop-entry"},"_links":{"self":[{"href":"https:\/\/www.hediyepazar.com\/index.php?rest_route=\/wp\/v2\/product\/124307","targetHints":{"allow":["GET"]}}],"collection":[{"href":"https:\/\/www.hediyepazar.com\/index.php?rest_route=\/wp\/v2\/product"}],"about":[{"href":"https:\/\/www.hediyepazar.com\/index.php?rest_route=\/wp\/v2\/types\/product"}],"replies":[{"embeddable":true,"href":"https:\/\/www.hediyepazar.com\/index.php?rest_route=%2Fwp%2Fv2%2Fcomments&post=124307"}],"wp:featuredmedia":[{"embeddable":true,"href":"https:\/\/www.hediyepazar.com\/index.php?rest_route=\/wp\/v2\/media\/124306"}],"wp:attachment":[{"href":"https:\/\/www.hediyepazar.com\/index.php?rest_route=%2Fwp%2Fv2%2Fmedia&parent=124307"}],"wp:term":[{"taxonomy":"product_brand","embeddable":true,"href":"https:\/\/www.hediyepazar.com\/index.php?rest_route=%2Fwp%2Fv2%2Fproduct_brand&post=124307"},{"taxonomy":"product_cat","embeddable":true,"href":"https:\/\/www.hediyepazar.com\/index.php?rest_route=%2Fwp%2Fv2%2Fproduct_cat&post=124307"},{"taxonomy":"product_tag","embeddable":true,"href":"https:\/\/www.hediyepazar.com\/index.php?rest_route=%2Fwp%2Fv2%2Fproduct_tag&post=124307"}],"curies":[{"name":"wp","href":"https:\/\/api.w.org\/{rel}","templated":true}]}}