{"id":124311,"date":"2026-05-06T15:17:00","date_gmt":"2026-05-06T18:17:00","guid":{"rendered":"https:\/\/www.hediyepazar.com\/?product=fanli-elektrikli-isitici-termostatli-guvenli-yanmaz-plastik-govde"},"modified":"2026-05-06T15:17:00","modified_gmt":"2026-05-06T18:17:00","slug":"fanli-elektrikli-isitici-termostatli-guvenli-yanmaz-plastik-govde","status":"publish","type":"product","link":"https:\/\/www.hediyepazar.com\/?product=fanli-elektrikli-isitici-termostatli-guvenli-yanmaz-plastik-govde","title":{"rendered":"Fanl\u0131 Elektrikli Is\u0131t\u0131c\u0131 Termostatl\u0131 G\u00fcvenli Yanmaz Plastik G\u00f6vde"},"content":{"rendered":"<p>Fanl\u0131 elektrikli \u0131s\u0131t\u0131c\u0131, kompakt yap\u0131s\u0131 ve g\u00fc\u00e7l\u00fc performans\u0131yla k\u00fc\u00e7\u00fck ve orta \u00f6l\u00e7ekli alanlarda etkili bir \u0131s\u0131nma \u00e7\u00f6z\u00fcm\u00fc sunar. Y\u00fcksek g\u00fc\u00e7 kapasitesi ve termostat kontrol\u00fc sayesinde oda s\u0131cakl\u0131\u011f\u0131n\u0131 k\u0131sa s\u00fcrede art\u0131rarak konforlu bir ortam olu\u015fturur. Fanl\u0131 yap\u0131s\u0131, sadece \u0131s\u0131 \u00fcretmekle kalmaz; ayn\u0131 zamanda hava sirk\u00fclasyonu sa\u011flayarak s\u0131cak havan\u0131n ortamda dengeli bi\u00e7imde da\u011f\u0131lmas\u0131na yard\u0131mc\u0131 olur. Bu \u00f6zellik \u00f6zellikle kapal\u0131 ve nemli alanlarda bo\u011fucu s\u0131cakl\u0131k hissinin \u00f6n\u00fcne ge\u00e7er.Yanmaz plastik malzemeden \u00fcretilmi\u015f g\u00f6vdesi ile g\u00fcvenli kullan\u0131m sunan fanl\u0131 \u0131s\u0131t\u0131c\u0131, termik koruma \u00f6zelli\u011fi sayesinde a\u015f\u0131r\u0131 \u0131s\u0131nma durumlar\u0131nda otomatik olarak devreyi keser. Bu sayede hem kullan\u0131c\u0131 g\u00fcvenli\u011fi hem de uzun \u00f6m\u00fcrl\u00fc kullan\u0131m sa\u011flan\u0131r. Termostatl\u0131 yap\u0131s\u0131, ortam s\u0131cakl\u0131\u011f\u0131n\u0131 sabit tutmaya yard\u0131mc\u0131 olarak gereksiz enerji t\u00fcketimini \u00f6nler.\u00c7ok fonksiyonlu kullan\u0131m sunan \u00fcr\u00fcn, so\u011fuk hava \u00fcfleme modu ile yaln\u0131zca k\u0131\u015f aylar\u0131nda de\u011fil, yaz aylar\u0131nda da serinletme amac\u0131yla kullan\u0131labilir. Ta\u015f\u0131nabilir ve kompakt tasar\u0131m\u0131 sayesinde ev, ofis, banyo, at\u00f6lye veya \u00e7al\u0131\u015fma odas\u0131 gibi farkl\u0131 alanlarda rahatl\u0131kla tercih edilebilir. Dikey ve yatay kullan\u0131m imk\u00e2n\u0131, \u00fcr\u00fcn\u00fc ihtiyaca g\u00f6re y\u00f6nlendirmeyi kolayla\u015ft\u0131r\u0131r. Fanl\u0131 oda \u0131s\u0131t\u0131c\u0131s\u0131, pratik, g\u00fcvenli ve enerji verimli bir elektrikli \u0131s\u0131t\u0131c\u0131 arayanlar i\u00e7in ideal bir \u00e7\u00f6z\u00fcmd\u00fcr.<\/p>\n","protected":false},"excerpt":{"rendered":"<p>Fanl\u0131 elektrikli \u0131s\u0131t\u0131c\u0131, kompakt yap\u0131s\u0131 ve g\u00fc\u00e7l\u00fc performans\u0131yla k\u00fc\u00e7\u00fck ve orta \u00f6l\u00e7ekli alanlarda etkili bir \u0131s\u0131nma \u00e7\u00f6z\u00fcm\u00fc sunar. Y\u00fcksek g\u00fc\u00e7 kapasitesi ve termostat kontrol\u00fc sayesinde oda s\u0131cakl\u0131\u011f\u0131n\u0131 k\u0131sa s\u00fcrede art\u0131rarak konforlu bir ortam olu\u015fturur. Fanl\u0131 yap\u0131s\u0131, sadece \u0131s\u0131 \u00fcretmekle kalmaz; ayn\u0131 zamanda hava sirk\u00fclasyonu sa\u011flayarak s\u0131cak havan\u0131n ortamda dengeli bi\u00e7imde da\u011f\u0131lmas\u0131na yard\u0131mc\u0131 olur. Bu \u00f6zellik&#8230;<\/p>\n","protected":false},"featured_media":124310,"comment_status":"open","ping_status":"closed","template":"","meta":{"_kad_post_transparent":"","_kad_post_title":"","_kad_post_layout":"","_kad_post_sidebar_id":"","_kad_post_content_style":"","_kad_post_vertical_padding":"","_kad_post_feature":"","_kad_post_feature_position":"","_kad_post_header":false,"_kad_post_footer":false,"_kad_post_classname":""},"product_brand":[],"product_cat":[15097],"product_tag":[],"class_list":{"0":"post-124311","1":"product","2":"type-product","3":"status-publish","4":"has-post-thumbnail","6":"product_cat-elektrikli-soba-elektrikli-soba","8":"first","9":"instock","10":"purchasable","11":"product-type-simple","12":"entry","13":"content-bg","14":"loop-entry"},"_links":{"self":[{"href":"https:\/\/www.hediyepazar.com\/index.php?rest_route=\/wp\/v2\/product\/124311","targetHints":{"allow":["GET"]}}],"collection":[{"href":"https:\/\/www.hediyepazar.com\/index.php?rest_route=\/wp\/v2\/product"}],"about":[{"href":"https:\/\/www.hediyepazar.com\/index.php?rest_route=\/wp\/v2\/types\/product"}],"replies":[{"embeddable":true,"href":"https:\/\/www.hediyepazar.com\/index.php?rest_route=%2Fwp%2Fv2%2Fcomments&post=124311"}],"wp:featuredmedia":[{"embeddable":true,"href":"https:\/\/www.hediyepazar.com\/index.php?rest_route=\/wp\/v2\/media\/124310"}],"wp:attachment":[{"href":"https:\/\/www.hediyepazar.com\/index.php?rest_route=%2Fwp%2Fv2%2Fmedia&parent=124311"}],"wp:term":[{"taxonomy":"product_brand","embeddable":true,"href":"https:\/\/www.hediyepazar.com\/index.php?rest_route=%2Fwp%2Fv2%2Fproduct_brand&post=124311"},{"taxonomy":"product_cat","embeddable":true,"href":"https:\/\/www.hediyepazar.com\/index.php?rest_route=%2Fwp%2Fv2%2Fproduct_cat&post=124311"},{"taxonomy":"product_tag","embeddable":true,"href":"https:\/\/www.hediyepazar.com\/index.php?rest_route=%2Fwp%2Fv2%2Fproduct_tag&post=124311"}],"curies":[{"name":"wp","href":"https:\/\/api.w.org\/{rel}","templated":true}]}}