{"id":124315,"date":"2026-05-06T15:17:13","date_gmt":"2026-05-06T18:17:13","guid":{"rendered":"https:\/\/www.hediyepazar.com\/?product=puruzsuz-cilt-icin-cok-baslikli-agrisiz-tiras-makinesi"},"modified":"2026-05-06T15:17:13","modified_gmt":"2026-05-06T18:17:13","slug":"puruzsuz-cilt-icin-cok-baslikli-agrisiz-tiras-makinesi","status":"publish","type":"product","link":"https:\/\/www.hediyepazar.com\/?product=puruzsuz-cilt-icin-cok-baslikli-agrisiz-tiras-makinesi","title":{"rendered":"P\u00fcr\u00fczs\u00fcz Cilt \u0130\u00e7in \u00c7ok Ba\u015fl\u0131kl\u0131 A\u011fr\u0131s\u0131z T\u0131ra\u015f Makinesi"},"content":{"rendered":"<p>Hassas ciltler d\u00fc\u015f\u00fcn\u00fclerek tasarlanan bu v\u00fccut t\u00fcy temizleme cihaz\u0131, a\u011fr\u0131s\u0131z ve g\u00fcvenli bir t\u0131ra\u015f deneyimi sunar. Cilde zarar vermeyen kesici ba\u015fl\u0131klar sayesinde t\u00fcyler etkili bir \u015fekilde al\u0131n\u0131rken cilt korunur. K\u0131zar\u0131kl\u0131k, kesik ve tahri\u015f riskini azaltan yap\u0131s\u0131 sayesinde konforlu bir kullan\u0131m sa\u011flar.D\u00f6rt kesici ba\u015fl\u0131\u011f\u0131n bir arada \u00e7al\u0131\u015fmas\u0131, t\u00fcylerin tek ge\u00e7i\u015fte daha verimli \u015fekilde temizlenmesine yard\u0131mc\u0131 olur. Kol, bacak, koltuk alt\u0131 ve bikini b\u00f6lgesi gibi farkl\u0131 alanlarda rahatl\u0131kla kullan\u0131labilir. A\u011fr\u0131s\u0131z t\u0131ra\u015f \u00f6zelli\u011fi, \u00f6zellikle hassas b\u00f6lgelerde ekstra konfor sa\u011flar.Kompakt ve ergonomik tasar\u0131m\u0131, cihaz\u0131n elde rahat\u00e7a tutulmas\u0131na olanak tan\u0131r. G\u00fcnl\u00fck bak\u0131mda pratiklik arayan kullan\u0131c\u0131lar i\u00e7in ideal bir \u00fcr\u00fcnd\u00fcr. Evde profesyonel sonu\u00e7lar elde etmenize yard\u0131mc\u0131 olurken, cildinizin p\u00fcr\u00fczs\u00fcz ve bak\u0131ml\u0131 g\u00f6r\u00fcnmesini destekler.<\/p>\n","protected":false},"excerpt":{"rendered":"<p>Hassas ciltler d\u00fc\u015f\u00fcn\u00fclerek tasarlanan bu v\u00fccut t\u00fcy temizleme cihaz\u0131, a\u011fr\u0131s\u0131z ve g\u00fcvenli bir t\u0131ra\u015f deneyimi sunar. Cilde zarar vermeyen kesici ba\u015fl\u0131klar sayesinde t\u00fcyler etkili bir \u015fekilde al\u0131n\u0131rken cilt korunur. K\u0131zar\u0131kl\u0131k, kesik ve tahri\u015f riskini azaltan yap\u0131s\u0131 sayesinde konforlu bir kullan\u0131m sa\u011flar.D\u00f6rt kesici ba\u015fl\u0131\u011f\u0131n bir arada \u00e7al\u0131\u015fmas\u0131, t\u00fcylerin tek ge\u00e7i\u015fte daha verimli \u015fekilde temizlenmesine yard\u0131mc\u0131 olur&#8230;.<\/p>\n","protected":false},"featured_media":124314,"comment_status":"open","ping_status":"closed","template":"","meta":{"_kad_post_transparent":"","_kad_post_title":"","_kad_post_layout":"","_kad_post_sidebar_id":"","_kad_post_content_style":"","_kad_post_vertical_padding":"","_kad_post_feature":"","_kad_post_feature_position":"","_kad_post_header":false,"_kad_post_footer":false,"_kad_post_classname":""},"product_brand":[],"product_cat":[14919],"product_tag":[],"class_list":{"0":"post-124315","1":"product","2":"type-product","3":"status-publish","4":"has-post-thumbnail","6":"product_cat-epilator-epilator","8":"first","9":"instock","10":"purchasable","11":"product-type-simple","12":"entry","13":"content-bg","14":"loop-entry"},"_links":{"self":[{"href":"https:\/\/www.hediyepazar.com\/index.php?rest_route=\/wp\/v2\/product\/124315","targetHints":{"allow":["GET"]}}],"collection":[{"href":"https:\/\/www.hediyepazar.com\/index.php?rest_route=\/wp\/v2\/product"}],"about":[{"href":"https:\/\/www.hediyepazar.com\/index.php?rest_route=\/wp\/v2\/types\/product"}],"replies":[{"embeddable":true,"href":"https:\/\/www.hediyepazar.com\/index.php?rest_route=%2Fwp%2Fv2%2Fcomments&post=124315"}],"wp:featuredmedia":[{"embeddable":true,"href":"https:\/\/www.hediyepazar.com\/index.php?rest_route=\/wp\/v2\/media\/124314"}],"wp:attachment":[{"href":"https:\/\/www.hediyepazar.com\/index.php?rest_route=%2Fwp%2Fv2%2Fmedia&parent=124315"}],"wp:term":[{"taxonomy":"product_brand","embeddable":true,"href":"https:\/\/www.hediyepazar.com\/index.php?rest_route=%2Fwp%2Fv2%2Fproduct_brand&post=124315"},{"taxonomy":"product_cat","embeddable":true,"href":"https:\/\/www.hediyepazar.com\/index.php?rest_route=%2Fwp%2Fv2%2Fproduct_cat&post=124315"},{"taxonomy":"product_tag","embeddable":true,"href":"https:\/\/www.hediyepazar.com\/index.php?rest_route=%2Fwp%2Fv2%2Fproduct_tag&post=124315"}],"curies":[{"name":"wp","href":"https:\/\/api.w.org\/{rel}","templated":true}]}}