{"id":124319,"date":"2026-05-06T15:18:00","date_gmt":"2026-05-06T18:18:00","guid":{"rendered":"https:\/\/www.hediyepazar.com\/?product=dort-kesici-baslikli-vucut-tiras-cihazi-agrisiz-kullanim"},"modified":"2026-05-06T15:18:00","modified_gmt":"2026-05-06T18:18:00","slug":"dort-kesici-baslikli-vucut-tiras-cihazi-agrisiz-kullanim","status":"publish","type":"product","link":"https:\/\/www.hediyepazar.com\/?product=dort-kesici-baslikli-vucut-tiras-cihazi-agrisiz-kullanim","title":{"rendered":"D\u00f6rt Kesici Ba\u015fl\u0131kl\u0131 V\u00fccut T\u0131ra\u015f Cihaz\u0131 A\u011fr\u0131s\u0131z Kullan\u0131m"},"content":{"rendered":"<p>Cilt dostu yap\u0131s\u0131yla \u00f6ne \u00e7\u0131kan bu a\u011fr\u0131s\u0131z t\u00fcy alma makinesi, istenmeyen t\u00fcyleri zahmetsizce temizleyerek cildinizin do\u011fal p\u00fcr\u00fczs\u00fczl\u00fc\u011f\u00fcn\u00fc ortaya \u00e7\u0131kar\u0131r. Kesici ba\u015fl\u0131klar\u0131n \u00f6zel yerle\u015fimi sayesinde t\u00fcyleri etkili bir \u015fekilde al\u0131rken cildi \u00e7izmez ve zarar vermez. A\u011fr\u0131s\u0131z t\u0131ra\u015f \u00f6zelli\u011fi, \u00f6zellikle hassas b\u00f6lgelerde g\u00fcvenle kullan\u0131m imk\u00e2n\u0131 sunar. D\u00f6rt ba\u015fl\u0131kl\u0131 sistem, v\u00fccudun her b\u00f6l\u00fcm\u00fcne uyum sa\u011flayacak \u015fekilde tasarlanm\u0131\u015ft\u0131r.Bu cihaz, t\u00fcyleri koparmadan y\u00fczeyden alarak ac\u0131s\u0131z ve konforlu bir deneyim sunar. Klasik t\u0131ra\u015f y\u00f6ntemlerine g\u00f6re daha nazik olan bu sistem, cilt \u00fczerinde tahri\u015f ve k\u0131zar\u0131kl\u0131k olu\u015fumunu \u00f6nlemeye yard\u0131mc\u0131 olur. Koltuk alt\u0131 ve bikini b\u00f6lgesi gibi hassas alanlarda bile g\u00fcvenle kullan\u0131labilir. Pratik yap\u0131s\u0131 sayesinde k\u0131sa s\u00fcrede istenilen sonuca ula\u015fman\u0131z\u0131 sa\u011flar.G\u00fcnl\u00fck bak\u0131mda h\u0131z ve konfor arayan kullan\u0131c\u0131lar i\u00e7in ideal bir \u00fcr\u00fcnd\u00fcr. Ergonomik g\u00f6vdesi sayesinde elde kaymaz, kontroll\u00fc ve rahat kullan\u0131m sa\u011flar. Evde, seyahatte veya acil durumlarda kolayca kullan\u0131labilir. P\u00fcr\u00fczs\u00fcz ve bak\u0131ml\u0131 bir cilt g\u00f6r\u00fcn\u00fcm\u00fc elde etmek isteyen herkes i\u00e7in fonksiyonel bir t\u00fcy alma \u00e7\u00f6z\u00fcm\u00fcd\u00fcr.<\/p>\n","protected":false},"excerpt":{"rendered":"<p>Cilt dostu yap\u0131s\u0131yla \u00f6ne \u00e7\u0131kan bu a\u011fr\u0131s\u0131z t\u00fcy alma makinesi, istenmeyen t\u00fcyleri zahmetsizce temizleyerek cildinizin do\u011fal p\u00fcr\u00fczs\u00fczl\u00fc\u011f\u00fcn\u00fc ortaya \u00e7\u0131kar\u0131r. Kesici ba\u015fl\u0131klar\u0131n \u00f6zel yerle\u015fimi sayesinde t\u00fcyleri etkili bir \u015fekilde al\u0131rken cildi \u00e7izmez ve zarar vermez. A\u011fr\u0131s\u0131z t\u0131ra\u015f \u00f6zelli\u011fi, \u00f6zellikle hassas b\u00f6lgelerde g\u00fcvenle kullan\u0131m imk\u00e2n\u0131 sunar. D\u00f6rt ba\u015fl\u0131kl\u0131 sistem, v\u00fccudun her b\u00f6l\u00fcm\u00fcne uyum sa\u011flayacak \u015fekilde tasarlanm\u0131\u015ft\u0131r.Bu cihaz,&#8230;<\/p>\n","protected":false},"featured_media":124318,"comment_status":"open","ping_status":"closed","template":"","meta":{"_kad_post_transparent":"","_kad_post_title":"","_kad_post_layout":"","_kad_post_sidebar_id":"","_kad_post_content_style":"","_kad_post_vertical_padding":"","_kad_post_feature":"","_kad_post_feature_position":"","_kad_post_header":false,"_kad_post_footer":false,"_kad_post_classname":""},"product_brand":[],"product_cat":[14919],"product_tag":[],"class_list":{"0":"post-124319","1":"product","2":"type-product","3":"status-publish","4":"has-post-thumbnail","6":"product_cat-epilator-epilator","8":"first","9":"instock","10":"purchasable","11":"product-type-simple","12":"entry","13":"content-bg","14":"loop-entry"},"_links":{"self":[{"href":"https:\/\/www.hediyepazar.com\/index.php?rest_route=\/wp\/v2\/product\/124319","targetHints":{"allow":["GET"]}}],"collection":[{"href":"https:\/\/www.hediyepazar.com\/index.php?rest_route=\/wp\/v2\/product"}],"about":[{"href":"https:\/\/www.hediyepazar.com\/index.php?rest_route=\/wp\/v2\/types\/product"}],"replies":[{"embeddable":true,"href":"https:\/\/www.hediyepazar.com\/index.php?rest_route=%2Fwp%2Fv2%2Fcomments&post=124319"}],"wp:featuredmedia":[{"embeddable":true,"href":"https:\/\/www.hediyepazar.com\/index.php?rest_route=\/wp\/v2\/media\/124318"}],"wp:attachment":[{"href":"https:\/\/www.hediyepazar.com\/index.php?rest_route=%2Fwp%2Fv2%2Fmedia&parent=124319"}],"wp:term":[{"taxonomy":"product_brand","embeddable":true,"href":"https:\/\/www.hediyepazar.com\/index.php?rest_route=%2Fwp%2Fv2%2Fproduct_brand&post=124319"},{"taxonomy":"product_cat","embeddable":true,"href":"https:\/\/www.hediyepazar.com\/index.php?rest_route=%2Fwp%2Fv2%2Fproduct_cat&post=124319"},{"taxonomy":"product_tag","embeddable":true,"href":"https:\/\/www.hediyepazar.com\/index.php?rest_route=%2Fwp%2Fv2%2Fproduct_tag&post=124319"}],"curies":[{"name":"wp","href":"https:\/\/api.w.org\/{rel}","templated":true}]}}