{"id":124329,"date":"2026-05-06T15:19:10","date_gmt":"2026-05-06T18:19:10","guid":{"rendered":"https:\/\/www.hediyepazar.com\/?product=dekoratif-jant-modeli-ofis-susu-spor-tasarim"},"modified":"2026-05-06T15:19:10","modified_gmt":"2026-05-06T18:19:10","slug":"dekoratif-jant-modeli-ofis-susu-spor-tasarim","status":"publish","type":"product","link":"https:\/\/www.hediyepazar.com\/?product=dekoratif-jant-modeli-ofis-susu-spor-tasarim","title":{"rendered":"Dekoratif Jant Modeli Ofis S\u00fcs\u00fc Spor Tasar\u0131m"},"content":{"rendered":"<p>Jant temal\u0131 masa \u00fcst\u00fc aksesuar, ofis masas\u0131nda farkl\u0131l\u0131k yaratmak isteyenler i\u00e7in tasarlanm\u0131\u015ft\u0131r. Ger\u00e7ek\u00e7i jant detay\u0131, \u00fcr\u00fcn\u00fc s\u0131radan masa s\u00fcslerinden ay\u0131r\u0131r. Raf, masa veya sehpa \u00fczerinde dekoratif olarak kullan\u0131labilir. Spor tasar\u0131m\u0131 sayesinde \u00f6zellikle otomotiv merakl\u0131lar\u0131n\u0131n ilgisini \u00e7eker. Ofis ortam\u0131nda ki\u015fisel stilini yans\u0131tmak isteyenler i\u00e7in ideal bir dekoratif tamamlay\u0131c\u0131d\u0131r.<\/p>\n","protected":false},"excerpt":{"rendered":"<p>Jant temal\u0131 masa \u00fcst\u00fc aksesuar, ofis masas\u0131nda farkl\u0131l\u0131k yaratmak isteyenler i\u00e7in tasarlanm\u0131\u015ft\u0131r. Ger\u00e7ek\u00e7i jant detay\u0131, \u00fcr\u00fcn\u00fc s\u0131radan masa s\u00fcslerinden ay\u0131r\u0131r. Raf, masa veya sehpa \u00fczerinde dekoratif olarak kullan\u0131labilir. Spor tasar\u0131m\u0131 sayesinde \u00f6zellikle otomotiv merakl\u0131lar\u0131n\u0131n ilgisini \u00e7eker. Ofis ortam\u0131nda ki\u015fisel stilini yans\u0131tmak isteyenler i\u00e7in ideal bir dekoratif tamamlay\u0131c\u0131d\u0131r.<\/p>\n","protected":false},"featured_media":124328,"comment_status":"open","ping_status":"closed","template":"","meta":{"_kad_post_transparent":"","_kad_post_title":"","_kad_post_layout":"","_kad_post_sidebar_id":"","_kad_post_content_style":"","_kad_post_vertical_padding":"","_kad_post_feature":"","_kad_post_feature_position":"","_kad_post_header":false,"_kad_post_footer":false,"_kad_post_classname":""},"product_brand":[],"product_cat":[14940],"product_tag":[],"class_list":{"0":"post-124329","1":"product","2":"type-product","3":"status-publish","4":"has-post-thumbnail","6":"product_cat-dekoratif-obje-biblo-dekoratif-obje-biblo","8":"first","9":"instock","10":"purchasable","11":"product-type-simple","12":"entry","13":"content-bg","14":"loop-entry"},"_links":{"self":[{"href":"https:\/\/www.hediyepazar.com\/index.php?rest_route=\/wp\/v2\/product\/124329","targetHints":{"allow":["GET"]}}],"collection":[{"href":"https:\/\/www.hediyepazar.com\/index.php?rest_route=\/wp\/v2\/product"}],"about":[{"href":"https:\/\/www.hediyepazar.com\/index.php?rest_route=\/wp\/v2\/types\/product"}],"replies":[{"embeddable":true,"href":"https:\/\/www.hediyepazar.com\/index.php?rest_route=%2Fwp%2Fv2%2Fcomments&post=124329"}],"wp:featuredmedia":[{"embeddable":true,"href":"https:\/\/www.hediyepazar.com\/index.php?rest_route=\/wp\/v2\/media\/124328"}],"wp:attachment":[{"href":"https:\/\/www.hediyepazar.com\/index.php?rest_route=%2Fwp%2Fv2%2Fmedia&parent=124329"}],"wp:term":[{"taxonomy":"product_brand","embeddable":true,"href":"https:\/\/www.hediyepazar.com\/index.php?rest_route=%2Fwp%2Fv2%2Fproduct_brand&post=124329"},{"taxonomy":"product_cat","embeddable":true,"href":"https:\/\/www.hediyepazar.com\/index.php?rest_route=%2Fwp%2Fv2%2Fproduct_cat&post=124329"},{"taxonomy":"product_tag","embeddable":true,"href":"https:\/\/www.hediyepazar.com\/index.php?rest_route=%2Fwp%2Fv2%2Fproduct_tag&post=124329"}],"curies":[{"name":"wp","href":"https:\/\/api.w.org\/{rel}","templated":true}]}}