{"id":124331,"date":"2026-05-06T15:19:17","date_gmt":"2026-05-06T18:19:17","guid":{"rendered":"https:\/\/www.hediyepazar.com\/?product=ofis-masasi-icin-jant-temali-dekoratif-masa-ustu-aksesuar"},"modified":"2026-05-06T15:19:17","modified_gmt":"2026-05-06T18:19:17","slug":"ofis-masasi-icin-jant-temali-dekoratif-masa-ustu-aksesuar","status":"publish","type":"product","link":"https:\/\/www.hediyepazar.com\/?product=ofis-masasi-icin-jant-temali-dekoratif-masa-ustu-aksesuar","title":{"rendered":"Ofis Masas\u0131 \u0130\u00e7in Jant Temal\u0131 Dekoratif Masa \u00dcst\u00fc Aksesuar"},"content":{"rendered":"<p>Dekoratif jant modeli, ofis ve \u00e7al\u0131\u015fma alanlar\u0131nda estetik bir dokunu\u015f sa\u011flar. Kompakt yap\u0131s\u0131 sayesinde her alana uyum sa\u011flar ve masa \u00fczerinde d\u00fczeni bozmaz. Dikkat \u00e7ekici tasar\u0131m\u0131yla ofis dekorasyonuna hareket katar. Spor ve modern tarz\u0131 bir araya getiren bu masa s\u00fcs\u00fc, ofis ortam\u0131nda farkl\u0131 ve \u00f6zg\u00fcn bir aksesuar arayanlar i\u00e7in iyi bir se\u00e7enektir.<\/p>\n","protected":false},"excerpt":{"rendered":"<p>Dekoratif jant modeli, ofis ve \u00e7al\u0131\u015fma alanlar\u0131nda estetik bir dokunu\u015f sa\u011flar. Kompakt yap\u0131s\u0131 sayesinde her alana uyum sa\u011flar ve masa \u00fczerinde d\u00fczeni bozmaz. Dikkat \u00e7ekici tasar\u0131m\u0131yla ofis dekorasyonuna hareket katar. Spor ve modern tarz\u0131 bir araya getiren bu masa s\u00fcs\u00fc, ofis ortam\u0131nda farkl\u0131 ve \u00f6zg\u00fcn bir aksesuar arayanlar i\u00e7in iyi bir se\u00e7enektir.<\/p>\n","protected":false},"featured_media":124330,"comment_status":"open","ping_status":"closed","template":"","meta":{"_kad_post_transparent":"","_kad_post_title":"","_kad_post_layout":"","_kad_post_sidebar_id":"","_kad_post_content_style":"","_kad_post_vertical_padding":"","_kad_post_feature":"","_kad_post_feature_position":"","_kad_post_header":false,"_kad_post_footer":false,"_kad_post_classname":""},"product_brand":[],"product_cat":[14940],"product_tag":[],"class_list":{"0":"post-124331","1":"product","2":"type-product","3":"status-publish","4":"has-post-thumbnail","6":"product_cat-dekoratif-obje-biblo-dekoratif-obje-biblo","8":"first","9":"instock","10":"purchasable","11":"product-type-simple","12":"entry","13":"content-bg","14":"loop-entry"},"_links":{"self":[{"href":"https:\/\/www.hediyepazar.com\/index.php?rest_route=\/wp\/v2\/product\/124331","targetHints":{"allow":["GET"]}}],"collection":[{"href":"https:\/\/www.hediyepazar.com\/index.php?rest_route=\/wp\/v2\/product"}],"about":[{"href":"https:\/\/www.hediyepazar.com\/index.php?rest_route=\/wp\/v2\/types\/product"}],"replies":[{"embeddable":true,"href":"https:\/\/www.hediyepazar.com\/index.php?rest_route=%2Fwp%2Fv2%2Fcomments&post=124331"}],"wp:featuredmedia":[{"embeddable":true,"href":"https:\/\/www.hediyepazar.com\/index.php?rest_route=\/wp\/v2\/media\/124330"}],"wp:attachment":[{"href":"https:\/\/www.hediyepazar.com\/index.php?rest_route=%2Fwp%2Fv2%2Fmedia&parent=124331"}],"wp:term":[{"taxonomy":"product_brand","embeddable":true,"href":"https:\/\/www.hediyepazar.com\/index.php?rest_route=%2Fwp%2Fv2%2Fproduct_brand&post=124331"},{"taxonomy":"product_cat","embeddable":true,"href":"https:\/\/www.hediyepazar.com\/index.php?rest_route=%2Fwp%2Fv2%2Fproduct_cat&post=124331"},{"taxonomy":"product_tag","embeddable":true,"href":"https:\/\/www.hediyepazar.com\/index.php?rest_route=%2Fwp%2Fv2%2Fproduct_tag&post=124331"}],"curies":[{"name":"wp","href":"https:\/\/api.w.org\/{rel}","templated":true}]}}