{"id":124339,"date":"2026-05-06T15:21:59","date_gmt":"2026-05-06T18:21:59","guid":{"rendered":"https:\/\/www.hediyepazar.com\/?product=modern-ofis-dekoru-jant-gorunumlu-masa-ustu-aksesuar"},"modified":"2026-05-06T15:21:59","modified_gmt":"2026-05-06T18:21:59","slug":"modern-ofis-dekoru-jant-gorunumlu-masa-ustu-aksesuar","status":"publish","type":"product","link":"https:\/\/www.hediyepazar.com\/?product=modern-ofis-dekoru-jant-gorunumlu-masa-ustu-aksesuar","title":{"rendered":"Modern Ofis Dekoru Jant G\u00f6r\u00fcn\u00fcml\u00fc Masa \u00dcst\u00fc Aksesuar"},"content":{"rendered":"<p>Modern ofis dekoru anlay\u0131\u015f\u0131na uygun olarak tasarlanan bu jant g\u00f6r\u00fcn\u00fcml\u00fc masa \u00fcst\u00fc aksesuar, sade \u00e7al\u0131\u015fma alanlar\u0131na hareket kazand\u0131r\u0131r. Raf, masa veya sehpa \u00fczerinde sergilenebilir. Ofis ortam\u0131nda dekoratif obje olarak kullan\u0131ld\u0131\u011f\u0131 gibi vitrin veya showroom alanlar\u0131nda da \u015f\u0131k bir tamamlay\u0131c\u0131d\u0131r. Minimal ve kompakt yap\u0131s\u0131 sayesinde her alana uyum sa\u011flar. Spor ve modern tarz\u0131 bir araya getiren dekoratif bir \u00fcr\u00fcnd\u00fcr.<\/p>\n","protected":false},"excerpt":{"rendered":"<p>Modern ofis dekoru anlay\u0131\u015f\u0131na uygun olarak tasarlanan bu jant g\u00f6r\u00fcn\u00fcml\u00fc masa \u00fcst\u00fc aksesuar, sade \u00e7al\u0131\u015fma alanlar\u0131na hareket kazand\u0131r\u0131r. Raf, masa veya sehpa \u00fczerinde sergilenebilir. Ofis ortam\u0131nda dekoratif obje olarak kullan\u0131ld\u0131\u011f\u0131 gibi vitrin veya showroom alanlar\u0131nda da \u015f\u0131k bir tamamlay\u0131c\u0131d\u0131r. Minimal ve kompakt yap\u0131s\u0131 sayesinde her alana uyum sa\u011flar. Spor ve modern tarz\u0131 bir araya getiren&#8230;<\/p>\n","protected":false},"featured_media":124338,"comment_status":"open","ping_status":"closed","template":"","meta":{"_kad_post_transparent":"","_kad_post_title":"","_kad_post_layout":"","_kad_post_sidebar_id":"","_kad_post_content_style":"","_kad_post_vertical_padding":"","_kad_post_feature":"","_kad_post_feature_position":"","_kad_post_header":false,"_kad_post_footer":false,"_kad_post_classname":""},"product_brand":[],"product_cat":[14940],"product_tag":[],"class_list":{"0":"post-124339","1":"product","2":"type-product","3":"status-publish","4":"has-post-thumbnail","6":"product_cat-dekoratif-obje-biblo-dekoratif-obje-biblo","8":"first","9":"instock","10":"purchasable","11":"product-type-simple","12":"entry","13":"content-bg","14":"loop-entry"},"_links":{"self":[{"href":"https:\/\/www.hediyepazar.com\/index.php?rest_route=\/wp\/v2\/product\/124339","targetHints":{"allow":["GET"]}}],"collection":[{"href":"https:\/\/www.hediyepazar.com\/index.php?rest_route=\/wp\/v2\/product"}],"about":[{"href":"https:\/\/www.hediyepazar.com\/index.php?rest_route=\/wp\/v2\/types\/product"}],"replies":[{"embeddable":true,"href":"https:\/\/www.hediyepazar.com\/index.php?rest_route=%2Fwp%2Fv2%2Fcomments&post=124339"}],"wp:featuredmedia":[{"embeddable":true,"href":"https:\/\/www.hediyepazar.com\/index.php?rest_route=\/wp\/v2\/media\/124338"}],"wp:attachment":[{"href":"https:\/\/www.hediyepazar.com\/index.php?rest_route=%2Fwp%2Fv2%2Fmedia&parent=124339"}],"wp:term":[{"taxonomy":"product_brand","embeddable":true,"href":"https:\/\/www.hediyepazar.com\/index.php?rest_route=%2Fwp%2Fv2%2Fproduct_brand&post=124339"},{"taxonomy":"product_cat","embeddable":true,"href":"https:\/\/www.hediyepazar.com\/index.php?rest_route=%2Fwp%2Fv2%2Fproduct_cat&post=124339"},{"taxonomy":"product_tag","embeddable":true,"href":"https:\/\/www.hediyepazar.com\/index.php?rest_route=%2Fwp%2Fv2%2Fproduct_tag&post=124339"}],"curies":[{"name":"wp","href":"https:\/\/api.w.org\/{rel}","templated":true}]}}