{"id":124341,"date":"2026-05-06T15:22:06","date_gmt":"2026-05-06T18:22:06","guid":{"rendered":"https:\/\/www.hediyepazar.com\/?product=araba-tutkunlarina-ozel-jant-tasarimli-masa-dekoru"},"modified":"2026-05-06T15:22:06","modified_gmt":"2026-05-06T18:22:06","slug":"araba-tutkunlarina-ozel-jant-tasarimli-masa-dekoru","status":"publish","type":"product","link":"https:\/\/www.hediyepazar.com\/?product=araba-tutkunlarina-ozel-jant-tasarimli-masa-dekoru","title":{"rendered":"Araba Tutkunlar\u0131na \u00d6zel Jant Tasar\u0131ml\u0131 Masa Dekoru"},"content":{"rendered":"<p>Araba tutkunlar\u0131na hitap eden jant tasar\u0131ml\u0131 masa dekoru, ofis ve \u00e7al\u0131\u015fma alanlar\u0131nda fark yarat\u0131r. Ger\u00e7ek\u00e7i jant detaylar\u0131 sayesinde dekoratif bir obje olmas\u0131n\u0131n yan\u0131 s\u0131ra g\u00fc\u00e7l\u00fc bir stil g\u00f6stergesidir. Masa \u00fczerinde sergilendi\u011finde dikkat \u00e7eker ve ortam\u0131n enerjisini de\u011fi\u015ftirir. Ofis ortam\u0131nda ki\u015fisel tarz\u0131n\u0131 yans\u0131tmak isteyenler i\u00e7in ideal bir se\u00e7imdir. Ayn\u0131 zamanda otomobil merakl\u0131lar\u0131 i\u00e7in anlaml\u0131 bir hediye alternatifi olarak da tercih edilebilir.<\/p>\n","protected":false},"excerpt":{"rendered":"<p>Araba tutkunlar\u0131na hitap eden jant tasar\u0131ml\u0131 masa dekoru, ofis ve \u00e7al\u0131\u015fma alanlar\u0131nda fark yarat\u0131r. Ger\u00e7ek\u00e7i jant detaylar\u0131 sayesinde dekoratif bir obje olmas\u0131n\u0131n yan\u0131 s\u0131ra g\u00fc\u00e7l\u00fc bir stil g\u00f6stergesidir. Masa \u00fczerinde sergilendi\u011finde dikkat \u00e7eker ve ortam\u0131n enerjisini de\u011fi\u015ftirir. Ofis ortam\u0131nda ki\u015fisel tarz\u0131n\u0131 yans\u0131tmak isteyenler i\u00e7in ideal bir se\u00e7imdir. Ayn\u0131 zamanda otomobil merakl\u0131lar\u0131 i\u00e7in anlaml\u0131 bir hediye&#8230;<\/p>\n","protected":false},"featured_media":124340,"comment_status":"open","ping_status":"closed","template":"","meta":{"_kad_post_transparent":"","_kad_post_title":"","_kad_post_layout":"","_kad_post_sidebar_id":"","_kad_post_content_style":"","_kad_post_vertical_padding":"","_kad_post_feature":"","_kad_post_feature_position":"","_kad_post_header":false,"_kad_post_footer":false,"_kad_post_classname":""},"product_brand":[],"product_cat":[14940],"product_tag":[],"class_list":{"0":"post-124341","1":"product","2":"type-product","3":"status-publish","4":"has-post-thumbnail","6":"product_cat-dekoratif-obje-biblo-dekoratif-obje-biblo","8":"first","9":"instock","10":"purchasable","11":"product-type-simple","12":"entry","13":"content-bg","14":"loop-entry"},"_links":{"self":[{"href":"https:\/\/www.hediyepazar.com\/index.php?rest_route=\/wp\/v2\/product\/124341","targetHints":{"allow":["GET"]}}],"collection":[{"href":"https:\/\/www.hediyepazar.com\/index.php?rest_route=\/wp\/v2\/product"}],"about":[{"href":"https:\/\/www.hediyepazar.com\/index.php?rest_route=\/wp\/v2\/types\/product"}],"replies":[{"embeddable":true,"href":"https:\/\/www.hediyepazar.com\/index.php?rest_route=%2Fwp%2Fv2%2Fcomments&post=124341"}],"wp:featuredmedia":[{"embeddable":true,"href":"https:\/\/www.hediyepazar.com\/index.php?rest_route=\/wp\/v2\/media\/124340"}],"wp:attachment":[{"href":"https:\/\/www.hediyepazar.com\/index.php?rest_route=%2Fwp%2Fv2%2Fmedia&parent=124341"}],"wp:term":[{"taxonomy":"product_brand","embeddable":true,"href":"https:\/\/www.hediyepazar.com\/index.php?rest_route=%2Fwp%2Fv2%2Fproduct_brand&post=124341"},{"taxonomy":"product_cat","embeddable":true,"href":"https:\/\/www.hediyepazar.com\/index.php?rest_route=%2Fwp%2Fv2%2Fproduct_cat&post=124341"},{"taxonomy":"product_tag","embeddable":true,"href":"https:\/\/www.hediyepazar.com\/index.php?rest_route=%2Fwp%2Fv2%2Fproduct_tag&post=124341"}],"curies":[{"name":"wp","href":"https:\/\/api.w.org\/{rel}","templated":true}]}}